{"id":78213,"date":"2025-03-09T23:32:30","date_gmt":"2025-03-09T23:32:30","guid":{"rendered":"https:\/\/onlinehardwareshop.de\/index.php\/produkt\/seagate-ironwolf-pro-6tb-2\/"},"modified":"2025-05-14T10:03:43","modified_gmt":"2025-05-14T10:03:43","slug":"seagate-ironwolf-pro-6tb","status":"publish","type":"product","link":"https:\/\/onlinehardwareshop.de\/index.php\/produkt\/seagate-ironwolf-pro-6tb\/","title":{"rendered":"Seagate Ironwolf Pro 6&#xA0;TB"},"content":{"rendered":"<p>Die Seagate IronWolf Pro 6\u00a0TB ist eine 3,5 Zoll gro\u00dfe interne Festplatte f\u00fcr gesch\u00e4ftlich genutzte NAS-Server. Diese zuverl\u00e4ssige interne HDD eignet sich f\u00fcr Server mit bis zu 24 Bays. Zudem ist sie dank der mit 7.200\u00a0U\/min h\u00f6heren Rotationsgeschwindigkeit um einiges schneller als die standardm\u00e4\u00dfige IronWolf 6\u00a0TB. Die AgileArray-Technologie von Seagate sch\u00fctzt deine Daten und steigert die Leistung der Festlatte. Dank Dual-Plane-Balancing und der Vibrationssensoren sind beispielsweise keine st\u00f6renden Vibrationen vorhanden, wodurch die Scheibe l\u00e4nger h\u00e4lt. In der Software IronWolf Health Management kann man die Leistung und den Status der HDD und des NAS einsehen. Man kann Scans ausf\u00fchren, Temperaturwerte abrufen und den Datenfluss auf dem NAS beobachten. Zu dieser Festplatte bekommst du 3 Jahre Seagate Rescue Services zur Datenwiederherstellung.<\/p>\n","protected":false},"excerpt":{"rendered":"<p>Die Seagate IronWolf Pro 6\u00a0TB ist eine 3,5 Zoll gro\u00dfe interne Festplatte f\u00fcr gesch\u00e4ftlich genutzte NAS-Server. Diese zuverl\u00e4ssige interne HDD eignet sich f\u00fcr Server mit bis zu 24 Bays. Zudem ist sie dank der mit 7.200\u00a0U\/min h\u00f6heren Rotationsgeschwindigkeit um einiges schneller als die standardm\u00e4\u00dfige IronWolf 6\u00a0TB. Die AgileArray-Technologie von Seagate sch\u00fctzt deine Daten und steigert die Leistung der Festlatte. Dank Dual-Plane-Balancing und der Vibrationssensoren sind beispielsweise keine st\u00f6renden Vibrationen vorhanden, wodurch die Scheibe l\u00e4nger h\u00e4lt. In der Software IronWolf Health Management kann man die Leistung und den Status der HDD und des NAS einsehen. Man kann Scans ausf\u00fchren, Temperaturwerte abrufen und den Datenfluss auf dem NAS beobachten. Zu dieser Festplatte bekommst du 3 Jahre Seagate Rescue Services zur Datenwiederherstellung.<\/p>\n","protected":false},"featured_media":0,"comment_status":"closed","ping_status":"open","template":"","meta":{"_acf_changed":false},"brand":[2546],"product_brand":[],"product_cat":[646],"product_tag":[647],"class_list":{"0":"post-78213","1":"product","2":"type-product","3":"status-publish","5":"brand-seagate","6":"product_cat-interne-festplatten-hdd","7":"product_tag-desktop-hdd","8":"pa_condition-new","9":"pa_coolblue-de-verzending-morgen-gratis-geliefert","10":"pa_ean-28901","11":"pa_mpn-st6000nt001","13":"first","14":"instock","15":"product-type-external"},"acf":[],"_links":{"self":[{"href":"https:\/\/onlinehardwareshop.de\/index.php\/wp-json\/wp\/v2\/product\/78213","targetHints":{"allow":["GET"]}}],"collection":[{"href":"https:\/\/onlinehardwareshop.de\/index.php\/wp-json\/wp\/v2\/product"}],"about":[{"href":"https:\/\/onlinehardwareshop.de\/index.php\/wp-json\/wp\/v2\/types\/product"}],"replies":[{"embeddable":true,"href":"https:\/\/onlinehardwareshop.de\/index.php\/wp-json\/wp\/v2\/comments?post=78213"}],"wp:attachment":[{"href":"https:\/\/onlinehardwareshop.de\/index.php\/wp-json\/wp\/v2\/media?parent=78213"}],"wp:term":[{"taxonomy":"brand","embeddable":true,"href":"https:\/\/onlinehardwareshop.de\/index.php\/wp-json\/wp\/v2\/brand?post=78213"},{"taxonomy":"product_brand","embeddable":true,"href":"https:\/\/onlinehardwareshop.de\/index.php\/wp-json\/wp\/v2\/product_brand?post=78213"},{"taxonomy":"product_cat","embeddable":true,"href":"https:\/\/onlinehardwareshop.de\/index.php\/wp-json\/wp\/v2\/product_cat?post=78213"},{"taxonomy":"product_tag","embeddable":true,"href":"https:\/\/onlinehardwareshop.de\/index.php\/wp-json\/wp\/v2\/product_tag?post=78213"}],"curies":[{"name":"wp","href":"https:\/\/api.w.org\/{rel}","templated":true}]}}