{"id":78203,"date":"2024-09-22T01:59:51","date_gmt":"2024-09-22T01:59:51","guid":{"rendered":"https:\/\/onlinehardwareshop.de\/index.php\/produkt\/jabra-evolve2-65-flex-ms-kabelloses-office-headset-2\/"},"modified":"2025-05-14T10:02:47","modified_gmt":"2025-05-14T10:02:47","slug":"jabra-evolve2-65-flex-ms-kabelloses-office-headset","status":"publish","type":"product","link":"https:\/\/onlinehardwareshop.de\/index.php\/produkt\/jabra-evolve2-65-flex-ms-kabelloses-office-headset\/","title":{"rendered":"Jabra Evolve2 65 Flex MS Kabelloses Office-Headset"},"content":{"rendered":"<p>Arbeite mit dem Jabra Evolve2 65 Flex MS Kabellosen Office-Headset stundenlang ohne Ablenkungen. Dank des hybriden, aktiven Noise Cancelling schottest du dich vollkommen von deiner Umgebung ab und bist w\u00e4hrend deiner Telefonate konzentrierter bei der Sache. Au\u00dferdem h\u00f6ren auch deine Gespr\u00e4chspartner dank der Ger\u00e4uschunterdr\u00fcckung im Mikrofon keine st\u00f6renden Umgebungsger\u00e4usche. Du verbindest dieses Office-Headset \u00fcber einen USB-A-Adapter mit deinem PC oder Laptop. Das Evolve2 65 Flex ist leicht und l\u00e4sst sich zusammenklappen. Dadurch tr\u00e4gst du es stundenlang, ohne Nackenschmerzen zu bekommen, und nimmst es einfach in deiner Tasche mit. Mit dem Headset telefonierst du bis zu 20 Stunden und h\u00f6rst bis zu 32 Stunden lang deine Musik, ohne das Headset zwischendurch aufzuladen. Da du dieses Headset mit zwei Ger\u00e4ten zeitgleich verbindest, wechselst du bequem zwischen deinen Telefonaten und deiner Spotify-Playlist.    Dieses Headset wurde speziell f\u00fcr die Kommunikation \u00fcber Microsoft Teams entwickelt. Nimm an einem Meeting teil oder starte Microsoft Teams, indem du eine Taste an der H\u00f6rmuschel dr\u00fcckst. Das Headset informiert dich, wenn du einen Anruf verpasst hast, eine Mailbox-Nachricht erh\u00e4ltst oder eine Besprechung hast.<\/p>\n","protected":false},"excerpt":{"rendered":"<p>Arbeite mit dem Jabra Evolve2 65 Flex MS Kabellosen Office-Headset stundenlang ohne Ablenkungen. Dank des hybriden, aktiven Noise Cancelling schottest du dich vollkommen von deiner Umgebung ab und bist w\u00e4hrend deiner Telefonate konzentrierter bei der Sache. Au\u00dferdem h\u00f6ren auch deine Gespr\u00e4chspartner dank der Ger\u00e4uschunterdr\u00fcckung im Mikrofon keine st\u00f6renden Umgebungsger\u00e4usche. Du verbindest dieses Office-Headset \u00fcber einen USB-A-Adapter mit deinem PC oder Laptop. Das Evolve2 65 Flex ist leicht und l\u00e4sst sich zusammenklappen. Dadurch tr\u00e4gst du es stundenlang, ohne Nackenschmerzen zu bekommen, und nimmst es einfach in deiner Tasche mit. Mit dem Headset telefonierst du bis zu 20 Stunden und h\u00f6rst bis zu 32 Stunden lang deine Musik, ohne das Headset zwischendurch aufzuladen. Da du dieses Headset mit zwei Ger\u00e4ten zeitgleich verbindest, wechselst du bequem zwischen deinen Telefonaten und deiner Spotify-Playlist.    Dieses Headset wurde speziell f\u00fcr die Kommunikation \u00fcber Microsoft Teams entwickelt. Nimm an einem Meeting teil oder starte Microsoft Teams, indem du eine Taste an der H\u00f6rmuschel dr\u00fcckst. Das Headset informiert dich, wenn du einen Anruf verpasst hast, eine Mailbox-Nachricht erh\u00e4ltst oder eine Besprechung hast.<\/p>\n","protected":false},"featured_media":0,"comment_status":"closed","ping_status":"open","template":"","meta":{"_acf_changed":false},"brand":[815],"product_brand":[],"product_cat":[257],"product_tag":[258],"class_list":{"0":"post-78203","1":"product","2":"type-product","3":"status-publish","5":"brand-jabra","6":"product_cat-office-headsets","7":"product_tag-headsets-office","8":"pa_condition-new","9":"pa_coolblue-de-verzending-morgen-gratis-geliefert","10":"pa_ean-17146","11":"pa_mpn-26699-999-999","13":"first","14":"instock","15":"product-type-external"},"acf":[],"_links":{"self":[{"href":"https:\/\/onlinehardwareshop.de\/index.php\/wp-json\/wp\/v2\/product\/78203","targetHints":{"allow":["GET"]}}],"collection":[{"href":"https:\/\/onlinehardwareshop.de\/index.php\/wp-json\/wp\/v2\/product"}],"about":[{"href":"https:\/\/onlinehardwareshop.de\/index.php\/wp-json\/wp\/v2\/types\/product"}],"replies":[{"embeddable":true,"href":"https:\/\/onlinehardwareshop.de\/index.php\/wp-json\/wp\/v2\/comments?post=78203"}],"wp:attachment":[{"href":"https:\/\/onlinehardwareshop.de\/index.php\/wp-json\/wp\/v2\/media?parent=78203"}],"wp:term":[{"taxonomy":"brand","embeddable":true,"href":"https:\/\/onlinehardwareshop.de\/index.php\/wp-json\/wp\/v2\/brand?post=78203"},{"taxonomy":"product_brand","embeddable":true,"href":"https:\/\/onlinehardwareshop.de\/index.php\/wp-json\/wp\/v2\/product_brand?post=78203"},{"taxonomy":"product_cat","embeddable":true,"href":"https:\/\/onlinehardwareshop.de\/index.php\/wp-json\/wp\/v2\/product_cat?post=78203"},{"taxonomy":"product_tag","embeddable":true,"href":"https:\/\/onlinehardwareshop.de\/index.php\/wp-json\/wp\/v2\/product_tag?post=78203"}],"curies":[{"name":"wp","href":"https:\/\/api.w.org\/{rel}","templated":true}]}}