{"id":78202,"date":"2025-04-12T15:26:43","date_gmt":"2025-04-12T15:26:43","guid":{"rendered":"https:\/\/onlinehardwareshop.de\/index.php\/produkt\/brother-hl-l2400dwe-2\/"},"modified":"2025-05-14T10:02:37","modified_gmt":"2025-05-14T10:02:37","slug":"brother-hl-l2400dwe","status":"publish","type":"product","link":"https:\/\/onlinehardwareshop.de\/index.php\/produkt\/brother-hl-l2400dwe\/","title":{"rendered":"Brother HL-L2400DWE"},"content":{"rendered":"<p>Der Brother HL-L2400DWE ist ein Laserdrucker f\u00fcr das Heimb\u00fcro oder kleine Unternehmen. Du druckst mit einer Geschwindigkeit von 30 Schwarzwei\u00dfseiten pro Minute. Auf diese Weise kannst du kurz vor deinem Meeting einen gro\u00dfen Arbeitsbericht ausdrucken. M\u00f6chtest du Papier sparen? Dann drucke automatisch auf beiden Seiten. Du verschickst deine Druckauftr\u00e4ge drahtlos von deinem Schreibtisch aus \u00fcber WiFi Direct, Apple AirPrint oder die Brother Mobile Connect App. Der Drucker wird mit separater Trommel und Toner geliefert. Hast du etwa 15.000 Seiten gedruckt? Tausche dann anschlie\u00dfend die Druckertrommel aus.    Geeignet f\u00fcr Brother EcoPro  Dieser Drucker ist f\u00fcr Brother EcoPro, das Druckabonnement von Brother, geeignet. Du bekommst automatisch Toner, wenn dir die Tinte ausgeht. Du kannst leere Toner kostenlos zur\u00fcckgeben. Du bekommst au\u00dferdem eine laufende Garantie f\u00fcr deinen Drucker. Teste Brother EcoPro vier Monate lang kostenlos. Weitere Informationen zu EcoPro? Sieh dir unseren Ratgeberartikel an.<\/p>\n","protected":false},"excerpt":{"rendered":"<p>Der Brother HL-L2400DWE ist ein Laserdrucker f\u00fcr das Heimb\u00fcro oder kleine Unternehmen. Du druckst mit einer Geschwindigkeit von 30 Schwarzwei\u00dfseiten pro Minute. Auf diese Weise kannst du kurz vor deinem Meeting einen gro\u00dfen Arbeitsbericht ausdrucken. M\u00f6chtest du Papier sparen? Dann drucke automatisch auf beiden Seiten. Du verschickst deine Druckauftr\u00e4ge drahtlos von deinem Schreibtisch aus \u00fcber WiFi Direct, Apple AirPrint oder die Brother Mobile Connect App. Der Drucker wird mit separater Trommel und Toner geliefert. Hast du etwa 15.000 Seiten gedruckt? Tausche dann anschlie\u00dfend die Druckertrommel aus.    Geeignet f\u00fcr Brother EcoPro  Dieser Drucker ist f\u00fcr Brother EcoPro, das Druckabonnement von Brother, geeignet. Du bekommst automatisch Toner, wenn dir die Tinte ausgeht. Du kannst leere Toner kostenlos zur\u00fcckgeben. Du bekommst au\u00dferdem eine laufende Garantie f\u00fcr deinen Drucker. Teste Brother EcoPro vier Monate lang kostenlos. Weitere Informationen zu EcoPro? Sieh dir unseren Ratgeberartikel an.<\/p>\n","protected":false},"featured_media":0,"comment_status":"closed","ping_status":"open","template":"","meta":{"_acf_changed":false},"brand":[164],"product_brand":[],"product_cat":[2205],"product_tag":[4823],"class_list":{"0":"post-78202","1":"product","2":"type-product","3":"status-publish","5":"brand-brother","6":"product_cat-drucker","7":"product_tag-laserprinters","8":"pa_condition-new","9":"pa_coolblue-de-verzending-morgen-gratis-geliefert","10":"pa_ean-17144","11":"pa_mpn-hll2400dwere1","13":"first","14":"instock","15":"product-type-external"},"acf":[],"_links":{"self":[{"href":"https:\/\/onlinehardwareshop.de\/index.php\/wp-json\/wp\/v2\/product\/78202","targetHints":{"allow":["GET"]}}],"collection":[{"href":"https:\/\/onlinehardwareshop.de\/index.php\/wp-json\/wp\/v2\/product"}],"about":[{"href":"https:\/\/onlinehardwareshop.de\/index.php\/wp-json\/wp\/v2\/types\/product"}],"replies":[{"embeddable":true,"href":"https:\/\/onlinehardwareshop.de\/index.php\/wp-json\/wp\/v2\/comments?post=78202"}],"wp:attachment":[{"href":"https:\/\/onlinehardwareshop.de\/index.php\/wp-json\/wp\/v2\/media?parent=78202"}],"wp:term":[{"taxonomy":"brand","embeddable":true,"href":"https:\/\/onlinehardwareshop.de\/index.php\/wp-json\/wp\/v2\/brand?post=78202"},{"taxonomy":"product_brand","embeddable":true,"href":"https:\/\/onlinehardwareshop.de\/index.php\/wp-json\/wp\/v2\/product_brand?post=78202"},{"taxonomy":"product_cat","embeddable":true,"href":"https:\/\/onlinehardwareshop.de\/index.php\/wp-json\/wp\/v2\/product_cat?post=78202"},{"taxonomy":"product_tag","embeddable":true,"href":"https:\/\/onlinehardwareshop.de\/index.php\/wp-json\/wp\/v2\/product_tag?post=78202"}],"curies":[{"name":"wp","href":"https:\/\/api.w.org\/{rel}","templated":true}]}}