{"id":78155,"date":"2024-04-03T05:20:10","date_gmt":"2024-04-03T05:20:10","guid":{"rendered":"https:\/\/onlinehardwareshop.de\/index.php\/produkt\/bosch-mfw2500w-2\/"},"modified":"2025-05-14T09:58:08","modified_gmt":"2025-05-14T09:58:08","slug":"bosch-mfw2500w","status":"publish","type":"product","link":"https:\/\/onlinehardwareshop.de\/index.php\/produkt\/bosch-mfw2500w\/","title":{"rendered":"Bosch MFW2500W"},"content":{"rendered":"<p>Mit dem Bosch MFW2500W bereitest du dank der starken Leistung von 1.500 Watt schnell Hackfleisch zu. Das ist praktisch, denn so kannst du eine gro\u00dfe Menge Fleisch nacheinander verarbeiten. Bef\u00fclle die Einf\u00fcllhilfe zun\u00e4chst mit Fleischst\u00fccken. Schalte dann den Fleischwolf ein. sodass du im Nu frisches Hackfleisch f\u00fcr Fleischb\u00e4llchen oder Frikadellen hast. Dank der rutschfesten F\u00fc\u00dfe bleibt der Fleischwolf sicher an Ort und Stelle. Super, denn so verrutscht er bei der Zubereitung nicht. Der Fleischwolf nimmt dank seiner kompakten Gr\u00f6\u00dfe nicht viel Platz ein. Daher kannst du ihn nach der Nutzung problemlos in den K\u00fcchenschrank stellen.<\/p>\n","protected":false},"excerpt":{"rendered":"<p>Mit dem Bosch MFW2500W bereitest du dank der starken Leistung von 1.500 Watt schnell Hackfleisch zu. Das ist praktisch, denn so kannst du eine gro\u00dfe Menge Fleisch nacheinander verarbeiten. Bef\u00fclle die Einf\u00fcllhilfe zun\u00e4chst mit Fleischst\u00fccken. Schalte dann den Fleischwolf ein. sodass du im Nu frisches Hackfleisch f\u00fcr Fleischb\u00e4llchen oder Frikadellen hast. Dank der rutschfesten F\u00fc\u00dfe bleibt der Fleischwolf sicher an Ort und Stelle. Super, denn so verrutscht er bei der Zubereitung nicht. Der Fleischwolf nimmt dank seiner kompakten Gr\u00f6\u00dfe nicht viel Platz ein. Daher kannst du ihn nach der Nutzung problemlos in den K\u00fcchenschrank stellen.<\/p>\n","protected":false},"featured_media":0,"comment_status":"closed","ping_status":"open","template":"","meta":{"_acf_changed":false},"brand":[250],"product_brand":[],"product_cat":[1470],"product_tag":[1471],"class_list":{"0":"post-78155","1":"product","2":"type-product","3":"status-publish","5":"brand-bosch","6":"product_cat-fleischwlfe","7":"product_tag-vleesmolens","8":"pa_condition-new","9":"pa_coolblue-de-verzending-morgen-gratis-geliefert","10":"pa_ean-17088","11":"pa_mpn-mfw2500w","13":"first","14":"instock","15":"product-type-external"},"acf":[],"_links":{"self":[{"href":"https:\/\/onlinehardwareshop.de\/index.php\/wp-json\/wp\/v2\/product\/78155","targetHints":{"allow":["GET"]}}],"collection":[{"href":"https:\/\/onlinehardwareshop.de\/index.php\/wp-json\/wp\/v2\/product"}],"about":[{"href":"https:\/\/onlinehardwareshop.de\/index.php\/wp-json\/wp\/v2\/types\/product"}],"replies":[{"embeddable":true,"href":"https:\/\/onlinehardwareshop.de\/index.php\/wp-json\/wp\/v2\/comments?post=78155"}],"wp:attachment":[{"href":"https:\/\/onlinehardwareshop.de\/index.php\/wp-json\/wp\/v2\/media?parent=78155"}],"wp:term":[{"taxonomy":"brand","embeddable":true,"href":"https:\/\/onlinehardwareshop.de\/index.php\/wp-json\/wp\/v2\/brand?post=78155"},{"taxonomy":"product_brand","embeddable":true,"href":"https:\/\/onlinehardwareshop.de\/index.php\/wp-json\/wp\/v2\/product_brand?post=78155"},{"taxonomy":"product_cat","embeddable":true,"href":"https:\/\/onlinehardwareshop.de\/index.php\/wp-json\/wp\/v2\/product_cat?post=78155"},{"taxonomy":"product_tag","embeddable":true,"href":"https:\/\/onlinehardwareshop.de\/index.php\/wp-json\/wp\/v2\/product_tag?post=78155"}],"curies":[{"name":"wp","href":"https:\/\/api.w.org\/{rel}","templated":true}]}}