{"id":78099,"date":"2024-11-21T19:05:35","date_gmt":"2024-11-21T19:05:35","guid":{"rendered":"https:\/\/onlinehardwareshop.de\/index.php\/produkt\/siemens-ea631gna1e-herdgesteuert-2\/"},"modified":"2025-05-14T09:53:17","modified_gmt":"2025-05-14T09:53:17","slug":"siemens-ea631gna1e-herdgesteuert","status":"publish","type":"product","link":"https:\/\/onlinehardwareshop.de\/index.php\/produkt\/siemens-ea631gna1e-herdgesteuert\/","title":{"rendered":"Siemens EA631GNA1E &#8211; herdgesteuert"},"content":{"rendered":"<p>Mit dem Siemens EA631GNA1E Einbau Glaskeramik Kochfeld mit Br\u00e4terzone arbeitest du besonders flexibel in deiner K\u00fcche. Du bereitest ein gro\u00dfes Abendessen f\u00fcr Freunde und Familie zu? Dann nutzt du die extra lange Br\u00e4terzone, um eine gro\u00dfe Pfanne oder einen Bratentopf darauf zu platzieren. So hast du ausreichend Platz, um einen Braten f\u00fcr mehrere G\u00e4ste zuzubereiten. Das Siemens Kochfeld verf\u00fcgt zudem \u00fcber eine Restw\u00e4rmeanzeige. So wei\u00dft du immer genau, welche Zone nach dem Kochen noch zu hei\u00df zum Anfassen ist. So machst du dir keine Sorgen mehr um verbrannte Finger. Die Bedienung regelst du ganz bequem \u00fcber die Drehkn\u00f6pfe am dazugeh\u00f6rigen Einbauherd.<\/p>\n","protected":false},"excerpt":{"rendered":"<p>Mit dem Siemens EA631GNA1E Einbau Glaskeramik Kochfeld mit Br\u00e4terzone arbeitest du besonders flexibel in deiner K\u00fcche. Du bereitest ein gro\u00dfes Abendessen f\u00fcr Freunde und Familie zu? Dann nutzt du die extra lange Br\u00e4terzone, um eine gro\u00dfe Pfanne oder einen Bratentopf darauf zu platzieren. So hast du ausreichend Platz, um einen Braten f\u00fcr mehrere G\u00e4ste zuzubereiten. Das Siemens Kochfeld verf\u00fcgt zudem \u00fcber eine Restw\u00e4rmeanzeige. So wei\u00dft du immer genau, welche Zone nach dem Kochen noch zu hei\u00df zum Anfassen ist. So machst du dir keine Sorgen mehr um verbrannte Finger. Die Bedienung regelst du ganz bequem \u00fcber die Drehkn\u00f6pfe am dazugeh\u00f6rigen Einbauherd.<\/p>\n","protected":false},"featured_media":0,"comment_status":"closed","ping_status":"open","template":"","meta":{"_acf_changed":false},"brand":[2594],"product_brand":[],"product_cat":[2595],"product_tag":[2596],"class_list":{"0":"post-78099","1":"product","2":"type-product","3":"status-publish","5":"brand-siemens","6":"product_cat-kochfelder","7":"product_tag-inbouw-keramische-kookplaten","8":"pa_condition-new","9":"pa_coolblue-de-verzending-morgen-gratis-geliefert","10":"pa_ean-16963","11":"pa_mpn-ea631gna1e","13":"first","14":"instock","15":"product-type-external"},"acf":[],"_links":{"self":[{"href":"https:\/\/onlinehardwareshop.de\/index.php\/wp-json\/wp\/v2\/product\/78099","targetHints":{"allow":["GET"]}}],"collection":[{"href":"https:\/\/onlinehardwareshop.de\/index.php\/wp-json\/wp\/v2\/product"}],"about":[{"href":"https:\/\/onlinehardwareshop.de\/index.php\/wp-json\/wp\/v2\/types\/product"}],"replies":[{"embeddable":true,"href":"https:\/\/onlinehardwareshop.de\/index.php\/wp-json\/wp\/v2\/comments?post=78099"}],"wp:attachment":[{"href":"https:\/\/onlinehardwareshop.de\/index.php\/wp-json\/wp\/v2\/media?parent=78099"}],"wp:term":[{"taxonomy":"brand","embeddable":true,"href":"https:\/\/onlinehardwareshop.de\/index.php\/wp-json\/wp\/v2\/brand?post=78099"},{"taxonomy":"product_brand","embeddable":true,"href":"https:\/\/onlinehardwareshop.de\/index.php\/wp-json\/wp\/v2\/product_brand?post=78099"},{"taxonomy":"product_cat","embeddable":true,"href":"https:\/\/onlinehardwareshop.de\/index.php\/wp-json\/wp\/v2\/product_cat?post=78099"},{"taxonomy":"product_tag","embeddable":true,"href":"https:\/\/onlinehardwareshop.de\/index.php\/wp-json\/wp\/v2\/product_tag?post=78099"}],"curies":[{"name":"wp","href":"https:\/\/api.w.org\/{rel}","templated":true}]}}