{"id":78091,"date":"2024-04-11T12:40:27","date_gmt":"2024-04-11T12:40:27","guid":{"rendered":"https:\/\/onlinehardwareshop.de\/index.php\/produkt\/princess-panini-grill-pro-2\/"},"modified":"2025-05-14T09:52:38","modified_gmt":"2025-05-14T09:52:38","slug":"princess-panini-grill-pro","status":"publish","type":"product","link":"https:\/\/onlinehardwareshop.de\/index.php\/produkt\/princess-panini-grill-pro\/","title":{"rendered":"Princess Panini Grill Pro"},"content":{"rendered":"<p>Mit dem Princess Panini Grill Pro machst du dir ein Panini, wie du es am liebsten magst. Das liegt daran, dass du die Temperatur des Grills auf dein Panini abstimmst. Die schwebende Oberplatte verhindert, dass der Grill dein Panini einseitig andr\u00fcckt. Das ist praktisch, denn so bleibt die F\u00fcllung im Panini. Auf der gro\u00dfen Grilloberfl\u00e4che von 30\u00a0x 27\u00a0cm bereitest du zwei Paninis auf einmal zu. Die Antihaftbeschichtung verhindert, dass Zutaten beim Grillen haften bleiben. Das ist angenehm, denn so reinigst du die Platten nach dem Essen m\u00fchelos und schnell. Der Grill hat mit 2.000 Watt eine hohe Leistung. So sind die Platten im Nullkommanichts aufgeheizt. Nach Gebrauch reinigst du die Platten mit einem feuchten Lappen. Dank des smarten Designs l\u00e4sst sich der Grill sowohl hochkant als auch liegend lagern.<\/p>\n","protected":false},"excerpt":{"rendered":"<p>Mit dem Princess Panini Grill Pro machst du dir ein Panini, wie du es am liebsten magst. Das liegt daran, dass du die Temperatur des Grills auf dein Panini abstimmst. Die schwebende Oberplatte verhindert, dass der Grill dein Panini einseitig andr\u00fcckt. Das ist praktisch, denn so bleibt die F\u00fcllung im Panini. Auf der gro\u00dfen Grilloberfl\u00e4che von 30\u00a0x 27\u00a0cm bereitest du zwei Paninis auf einmal zu. Die Antihaftbeschichtung verhindert, dass Zutaten beim Grillen haften bleiben. Das ist angenehm, denn so reinigst du die Platten nach dem Essen m\u00fchelos und schnell. Der Grill hat mit 2.000 Watt eine hohe Leistung. So sind die Platten im Nullkommanichts aufgeheizt. Nach Gebrauch reinigst du die Platten mit einem feuchten Lappen. Dank des smarten Designs l\u00e4sst sich der Grill sowohl hochkant als auch liegend lagern.<\/p>\n","protected":false},"featured_media":0,"comment_status":"closed","ping_status":"open","template":"","meta":{"_acf_changed":false},"brand":[1137],"product_brand":[],"product_cat":[300],"product_tag":[301],"class_list":{"0":"post-78091","1":"product","2":"type-product","3":"status-publish","5":"brand-princess","6":"product_cat-kontaktgrills","7":"product_tag-contactgrills","8":"pa_condition-new","9":"pa_coolblue-de-verzending-morgen-gratis-geliefert","10":"pa_ean-16942","11":"pa_mpn-01-112425-01-001","13":"first","14":"instock","15":"product-type-external"},"acf":[],"_links":{"self":[{"href":"https:\/\/onlinehardwareshop.de\/index.php\/wp-json\/wp\/v2\/product\/78091","targetHints":{"allow":["GET"]}}],"collection":[{"href":"https:\/\/onlinehardwareshop.de\/index.php\/wp-json\/wp\/v2\/product"}],"about":[{"href":"https:\/\/onlinehardwareshop.de\/index.php\/wp-json\/wp\/v2\/types\/product"}],"replies":[{"embeddable":true,"href":"https:\/\/onlinehardwareshop.de\/index.php\/wp-json\/wp\/v2\/comments?post=78091"}],"wp:attachment":[{"href":"https:\/\/onlinehardwareshop.de\/index.php\/wp-json\/wp\/v2\/media?parent=78091"}],"wp:term":[{"taxonomy":"brand","embeddable":true,"href":"https:\/\/onlinehardwareshop.de\/index.php\/wp-json\/wp\/v2\/brand?post=78091"},{"taxonomy":"product_brand","embeddable":true,"href":"https:\/\/onlinehardwareshop.de\/index.php\/wp-json\/wp\/v2\/product_brand?post=78091"},{"taxonomy":"product_cat","embeddable":true,"href":"https:\/\/onlinehardwareshop.de\/index.php\/wp-json\/wp\/v2\/product_cat?post=78091"},{"taxonomy":"product_tag","embeddable":true,"href":"https:\/\/onlinehardwareshop.de\/index.php\/wp-json\/wp\/v2\/product_tag?post=78091"}],"curies":[{"name":"wp","href":"https:\/\/api.w.org\/{rel}","templated":true}]}}