{"id":78090,"date":"2024-04-24T04:29:34","date_gmt":"2024-04-24T04:29:34","guid":{"rendered":"https:\/\/onlinehardwareshop.de\/index.php\/produkt\/princess-multisnack-2-in-1-2\/"},"modified":"2025-05-14T09:52:26","modified_gmt":"2025-05-14T09:52:26","slug":"princess-multisnack-2-in-1","status":"publish","type":"product","link":"https:\/\/onlinehardwareshop.de\/index.php\/produkt\/princess-multisnack-2-in-1\/","title":{"rendered":"Princess Multisnack 2-in-1"},"content":{"rendered":"<p>Mit dem Princess Multisnack 2-in-1 garst du Zutaten gleichm\u00e4\u00dfig. Der Kontaktgrill verf\u00fcgt n\u00e4mlich \u00fcber eine schwebende obere Grillplatte, wodurch du Fleischst\u00fccke an allen Seiten knusprig grillst und sie zart werden. Du bedienst den Grill \u00fcber den seitlichen Drehregler. So kannst du die Temperatur h\u00f6herdrehen, wenn du Hamburger br\u00e4tst, und niedriger wenn du Gem\u00fcse grillst. Das Temperaturl\u00e4mpchen leuchtet rot, wenn die Platten aufgeheizt sind. Das ist praktisch, denn so wei\u00dft du genau, wann du die Zutaten auflegen kannst. Kommen Freunde zu Besuch? Dann klappst du den Grill zu einem Tischgrill auf. Nach dem Gebrauch reinigst du die abnehmbaren Platten wahlweise in der Sp\u00fclmaschine oder mit der Hand.<\/p>\n","protected":false},"excerpt":{"rendered":"<p>Mit dem Princess Multisnack 2-in-1 garst du Zutaten gleichm\u00e4\u00dfig. Der Kontaktgrill verf\u00fcgt n\u00e4mlich \u00fcber eine schwebende obere Grillplatte, wodurch du Fleischst\u00fccke an allen Seiten knusprig grillst und sie zart werden. Du bedienst den Grill \u00fcber den seitlichen Drehregler. So kannst du die Temperatur h\u00f6herdrehen, wenn du Hamburger br\u00e4tst, und niedriger wenn du Gem\u00fcse grillst. Das Temperaturl\u00e4mpchen leuchtet rot, wenn die Platten aufgeheizt sind. Das ist praktisch, denn so wei\u00dft du genau, wann du die Zutaten auflegen kannst. Kommen Freunde zu Besuch? Dann klappst du den Grill zu einem Tischgrill auf. Nach dem Gebrauch reinigst du die abnehmbaren Platten wahlweise in der Sp\u00fclmaschine oder mit der Hand.<\/p>\n","protected":false},"featured_media":0,"comment_status":"closed","ping_status":"open","template":"","meta":{"_acf_changed":false},"brand":[1137],"product_brand":[],"product_cat":[300],"product_tag":[301],"class_list":{"0":"post-78090","1":"product","2":"type-product","3":"status-publish","5":"brand-princess","6":"product_cat-kontaktgrills","7":"product_tag-contactgrills","8":"pa_condition-new","9":"pa_coolblue-de-verzending-morgen-gratis-geliefert","10":"pa_ean-16940","11":"pa_mpn-01-112530-01-001","13":"first","14":"instock","15":"product-type-external"},"acf":[],"_links":{"self":[{"href":"https:\/\/onlinehardwareshop.de\/index.php\/wp-json\/wp\/v2\/product\/78090","targetHints":{"allow":["GET"]}}],"collection":[{"href":"https:\/\/onlinehardwareshop.de\/index.php\/wp-json\/wp\/v2\/product"}],"about":[{"href":"https:\/\/onlinehardwareshop.de\/index.php\/wp-json\/wp\/v2\/types\/product"}],"replies":[{"embeddable":true,"href":"https:\/\/onlinehardwareshop.de\/index.php\/wp-json\/wp\/v2\/comments?post=78090"}],"wp:attachment":[{"href":"https:\/\/onlinehardwareshop.de\/index.php\/wp-json\/wp\/v2\/media?parent=78090"}],"wp:term":[{"taxonomy":"brand","embeddable":true,"href":"https:\/\/onlinehardwareshop.de\/index.php\/wp-json\/wp\/v2\/brand?post=78090"},{"taxonomy":"product_brand","embeddable":true,"href":"https:\/\/onlinehardwareshop.de\/index.php\/wp-json\/wp\/v2\/product_brand?post=78090"},{"taxonomy":"product_cat","embeddable":true,"href":"https:\/\/onlinehardwareshop.de\/index.php\/wp-json\/wp\/v2\/product_cat?post=78090"},{"taxonomy":"product_tag","embeddable":true,"href":"https:\/\/onlinehardwareshop.de\/index.php\/wp-json\/wp\/v2\/product_tag?post=78090"}],"curies":[{"name":"wp","href":"https:\/\/api.w.org\/{rel}","templated":true}]}}