{"id":78069,"date":"2024-10-29T06:10:18","date_gmt":"2024-10-29T06:10:18","guid":{"rendered":"https:\/\/onlinehardwareshop.de\/index.php\/produkt\/16-macbook-pro-m3-pro-chip-4\/"},"modified":"2025-05-14T09:50:41","modified_gmt":"2025-05-14T09:50:41","slug":"16-macbook-pro-m3-pro-chip-2","status":"publish","type":"product","link":"https:\/\/onlinehardwareshop.de\/index.php\/produkt\/16-macbook-pro-m3-pro-chip-2\/","title":{"rendered":"16&#34; MacBook Pro M3 Pro-Chip"},"content":{"rendered":"<p>Mit dem Apple MacBook Pro 16 Zoll (2023) M3 Pro (12 Core CPU \/ 18 Core GPU) 36\u00a0GB \/ 1\u00a0TB Space Schwarz bearbeitest du gro\u00dfe Videoprojekte in leistungshungrigen Programmen wie Final Cut Pro reibungslos und schnell. Die hohe Leistung des M3 Pro Chips und des 36-GB-Arbeitsspeichers macht es m\u00f6glich. Fotos, Filme, Musik und Dokumente speicherst du auf der 1\u00a0TB gro\u00dfen SSD. Das 1.000 Nits Liquid Retina XDR Display zeigt 1\u00a0Milliarde Farben und jedes Detail an. Zudem wirken schnelle Bildabfolgen dank der ProMotion Technologie fl\u00fcssig. Brauchst du noch mehr Platz auf dem Bildschirm? Dann schlie\u00dfe einfach zwei externe Bildschirme an. Du arbeitest den ganzen Tag lang an deinen Kreationen, denn ein vollst\u00e4ndig aufgeladenes MacBook Pro h\u00e4lt bis zu 22 Stunden lang durch.  Empfehlung unseres Apple-Experten Internet, E-Mail und Textbearbeitung: geeignet Filme und Serien ansehen: geeignet Fotobearbeitung: geeignet Videobearbeitung: geeignet 3D-Entw\u00fcrfe erstellen und rendern: m\u00f6glich, aber schneller mit dem M3 Max Entwicklung von Apps in Xcode: ungeeignet, mindestens ein M3 Max und 36\u00a0GB Arbeitsspeicher erforderlich Gaming: m\u00f6glich, aber haupts\u00e4chlich Low-End-Games. Es k\u00f6nnen aber alle Spiele von Apple Arcade gespielt werden.<\/p>\n","protected":false},"excerpt":{"rendered":"<p>Mit dem Apple MacBook Pro 16 Zoll (2023) M3 Pro (12 Core CPU \/ 18 Core GPU) 36\u00a0GB \/ 1\u00a0TB Space Schwarz bearbeitest du gro\u00dfe Videoprojekte in leistungshungrigen Programmen wie Final Cut Pro reibungslos und schnell. Die hohe Leistung des M3 Pro Chips und des 36-GB-Arbeitsspeichers macht es m\u00f6glich. Fotos, Filme, Musik und Dokumente speicherst du auf der 1\u00a0TB gro\u00dfen SSD. Das 1.000 Nits Liquid Retina XDR Display zeigt 1\u00a0Milliarde Farben und jedes Detail an. Zudem wirken schnelle Bildabfolgen dank der ProMotion Technologie fl\u00fcssig. Brauchst du noch mehr Platz auf dem Bildschirm? Dann schlie\u00dfe einfach zwei externe Bildschirme an. Du arbeitest den ganzen Tag lang an deinen Kreationen, denn ein vollst\u00e4ndig aufgeladenes MacBook Pro h\u00e4lt bis zu 22 Stunden lang durch.  Empfehlung unseres Apple-Experten Internet, E-Mail und Textbearbeitung: geeignet Filme und Serien ansehen: geeignet Fotobearbeitung: geeignet Videobearbeitung: geeignet 3D-Entw\u00fcrfe erstellen und rendern: m\u00f6glich, aber schneller mit dem M3 Max Entwicklung von Apps in Xcode: ungeeignet, mindestens ein M3 Max und 36\u00a0GB Arbeitsspeicher erforderlich Gaming: m\u00f6glich, aber haupts\u00e4chlich Low-End-Games. Es k\u00f6nnen aber alle Spiele von Apple Arcade gespielt werden.<\/p>\n","protected":false},"featured_media":0,"comment_status":"closed","ping_status":"open","template":"","meta":{"_acf_changed":false},"brand":[148],"product_brand":[],"product_cat":[8884],"product_tag":[8885],"class_list":{"0":"post-78069","1":"product","2":"type-product","3":"status-publish","5":"brand-apple","6":"product_cat-laptops","7":"product_tag-macbooks-qwertz","8":"pa_condition-new","9":"pa_coolblue-de-verzending-morgen-gratis-geliefert","10":"pa_ean-16905","11":"pa_mpn-z1ag_101_de_cto","13":"first","14":"instock","15":"product-type-external"},"acf":[],"_links":{"self":[{"href":"https:\/\/onlinehardwareshop.de\/index.php\/wp-json\/wp\/v2\/product\/78069","targetHints":{"allow":["GET"]}}],"collection":[{"href":"https:\/\/onlinehardwareshop.de\/index.php\/wp-json\/wp\/v2\/product"}],"about":[{"href":"https:\/\/onlinehardwareshop.de\/index.php\/wp-json\/wp\/v2\/types\/product"}],"replies":[{"embeddable":true,"href":"https:\/\/onlinehardwareshop.de\/index.php\/wp-json\/wp\/v2\/comments?post=78069"}],"wp:attachment":[{"href":"https:\/\/onlinehardwareshop.de\/index.php\/wp-json\/wp\/v2\/media?parent=78069"}],"wp:term":[{"taxonomy":"brand","embeddable":true,"href":"https:\/\/onlinehardwareshop.de\/index.php\/wp-json\/wp\/v2\/brand?post=78069"},{"taxonomy":"product_brand","embeddable":true,"href":"https:\/\/onlinehardwareshop.de\/index.php\/wp-json\/wp\/v2\/product_brand?post=78069"},{"taxonomy":"product_cat","embeddable":true,"href":"https:\/\/onlinehardwareshop.de\/index.php\/wp-json\/wp\/v2\/product_cat?post=78069"},{"taxonomy":"product_tag","embeddable":true,"href":"https:\/\/onlinehardwareshop.de\/index.php\/wp-json\/wp\/v2\/product_tag?post=78069"}],"curies":[{"name":"wp","href":"https:\/\/api.w.org\/{rel}","templated":true}]}}