{"id":78068,"date":"2024-01-14T13:26:28","date_gmt":"2024-01-14T13:26:28","guid":{"rendered":"https:\/\/onlinehardwareshop.de\/index.php\/produkt\/14-macbook-pro-m3-max-chip-4\/"},"modified":"2025-05-14T09:50:37","modified_gmt":"2025-05-14T09:50:37","slug":"14-macbook-pro-m3-max-chip-2","status":"publish","type":"product","link":"https:\/\/onlinehardwareshop.de\/index.php\/produkt\/14-macbook-pro-m3-max-chip-2\/","title":{"rendered":"14&#34; MacBook Pro M3 Max-Chip"},"content":{"rendered":"<p>Mit dem Apple MacBook Pro 14 Zoll (2023) M3 Max (14 Core CPU \/ 30 Core GPU) 36\u00a0GB \/ 2\u00a0TB Space Schwarz entwirfst du die tollsten 3D-Kreationen und Apps in leistungshungrigen Programmen wie Xcode. Der M3 Max Chip und 36\u00a0GB Arbeitsspeicher bieten die hierf\u00fcr n\u00f6tige Leistung. Deine Kreationen und Dokumente speicherst du auf der 2\u00a0TB gro\u00dfen SSD. Das 14 Zoll gro\u00dfe MacBook Pro wiegt 1,6 Kilogramm, sodass du es problemlos mitnimmst. Das Liquid Retina XDR Display zeigt alle Details und Farben immer naturgetreu an. Brauchst du mehr Platz auf dem Bildschirm? Dann schlie\u00dfe ganz einfach zwei externe Bildschirme an. Des Weiteren ist dieses MacBook energieeffizient, denn ein vollst\u00e4ndig aufgeladenes MacBook Pro h\u00e4lt bis zu 18 Stunden lang durch.  Empfehlung unseres Apple-Experten Internet, E-Mail und Textbearbeitung: geeignet Filme und Serien ansehen: geeignet Fotobearbeitung: geeignet Videobearbeitung: geeignet 3D-Entw\u00fcrfe erstellen und rendern: geeignet Entwicklung von Apps in Xcode: geeignet Gaming: m\u00f6glich, aber haupts\u00e4chlich Low-End-Games. Es k\u00f6nnen aber alle Spiele von Apple Arcade gespielt werden.<\/p>\n","protected":false},"excerpt":{"rendered":"<p>Mit dem Apple MacBook Pro 14 Zoll (2023) M3 Max (14 Core CPU \/ 30 Core GPU) 36\u00a0GB \/ 2\u00a0TB Space Schwarz entwirfst du die tollsten 3D-Kreationen und Apps in leistungshungrigen Programmen wie Xcode. Der M3 Max Chip und 36\u00a0GB Arbeitsspeicher bieten die hierf\u00fcr n\u00f6tige Leistung. Deine Kreationen und Dokumente speicherst du auf der 2\u00a0TB gro\u00dfen SSD. Das 14 Zoll gro\u00dfe MacBook Pro wiegt 1,6 Kilogramm, sodass du es problemlos mitnimmst. Das Liquid Retina XDR Display zeigt alle Details und Farben immer naturgetreu an. Brauchst du mehr Platz auf dem Bildschirm? Dann schlie\u00dfe ganz einfach zwei externe Bildschirme an. Des Weiteren ist dieses MacBook energieeffizient, denn ein vollst\u00e4ndig aufgeladenes MacBook Pro h\u00e4lt bis zu 18 Stunden lang durch.  Empfehlung unseres Apple-Experten Internet, E-Mail und Textbearbeitung: geeignet Filme und Serien ansehen: geeignet Fotobearbeitung: geeignet Videobearbeitung: geeignet 3D-Entw\u00fcrfe erstellen und rendern: geeignet Entwicklung von Apps in Xcode: geeignet Gaming: m\u00f6glich, aber haupts\u00e4chlich Low-End-Games. Es k\u00f6nnen aber alle Spiele von Apple Arcade gespielt werden.<\/p>\n","protected":false},"featured_media":0,"comment_status":"closed","ping_status":"open","template":"","meta":{"_acf_changed":false},"brand":[148],"product_brand":[],"product_cat":[8884],"product_tag":[8885],"class_list":{"0":"post-78068","1":"product","2":"type-product","3":"status-publish","5":"brand-apple","6":"product_cat-laptops","7":"product_tag-macbooks-qwertz","8":"pa_condition-new","9":"pa_coolblue-de-verzending-morgen-gratis-geliefert","10":"pa_ean-16903","11":"pa_mpn-z1aw_4_de_cto","13":"first","14":"instock","15":"product-type-external"},"acf":[],"_links":{"self":[{"href":"https:\/\/onlinehardwareshop.de\/index.php\/wp-json\/wp\/v2\/product\/78068","targetHints":{"allow":["GET"]}}],"collection":[{"href":"https:\/\/onlinehardwareshop.de\/index.php\/wp-json\/wp\/v2\/product"}],"about":[{"href":"https:\/\/onlinehardwareshop.de\/index.php\/wp-json\/wp\/v2\/types\/product"}],"replies":[{"embeddable":true,"href":"https:\/\/onlinehardwareshop.de\/index.php\/wp-json\/wp\/v2\/comments?post=78068"}],"wp:attachment":[{"href":"https:\/\/onlinehardwareshop.de\/index.php\/wp-json\/wp\/v2\/media?parent=78068"}],"wp:term":[{"taxonomy":"brand","embeddable":true,"href":"https:\/\/onlinehardwareshop.de\/index.php\/wp-json\/wp\/v2\/brand?post=78068"},{"taxonomy":"product_brand","embeddable":true,"href":"https:\/\/onlinehardwareshop.de\/index.php\/wp-json\/wp\/v2\/product_brand?post=78068"},{"taxonomy":"product_cat","embeddable":true,"href":"https:\/\/onlinehardwareshop.de\/index.php\/wp-json\/wp\/v2\/product_cat?post=78068"},{"taxonomy":"product_tag","embeddable":true,"href":"https:\/\/onlinehardwareshop.de\/index.php\/wp-json\/wp\/v2\/product_tag?post=78068"}],"curies":[{"name":"wp","href":"https:\/\/api.w.org\/{rel}","templated":true}]}}