{"id":78064,"date":"2024-07-07T19:03:39","date_gmt":"2024-07-07T19:03:39","guid":{"rendered":"https:\/\/onlinehardwareshop.de\/index.php\/produkt\/samsung-staubbeutel-clean-station-vca-adb90-vt-2\/"},"modified":"2025-05-14T09:50:17","modified_gmt":"2025-05-14T09:50:17","slug":"samsung-staubbeutel-clean-station-vca-adb90-vt","status":"publish","type":"product","link":"https:\/\/onlinehardwareshop.de\/index.php\/produkt\/samsung-staubbeutel-clean-station-vca-adb90-vt\/","title":{"rendered":"Samsung Staubbeutel Clean Station VCA-ADB90\/VT"},"content":{"rendered":"<p>Die Samsung Staubbeutel Clean Station VCA-ADB90\/VT fangen Staub und Schmutz in deiner automatischen Entleerungsstation hygienisch ein. Wenn der Staubbeutel voll ist, wechselst du ihn aus. So arbeitet die Entleerungsstation weiterhin gut und wird Sch\u00e4den vorgebeugt. Du erh\u00e4ltst in diesem Paket f\u00fcnf Staubbeutel. Der Staubbeutel h\u00e4lt kleine Staubpartikel ab. In Kombination mit den Filtern bleibt die ausgeblasene Luft dadurch sauber. So wird verhindert, dass Schmutz wieder zur\u00fcck in dein Zuhause gelangt. Diese Staubbeutel eignen sich f\u00fcr die Clean Stations VCA-SAE903\/WA und VCA-904\/WA.<\/p>\n","protected":false},"excerpt":{"rendered":"<p>Die Samsung Staubbeutel Clean Station VCA-ADB90\/VT fangen Staub und Schmutz in deiner automatischen Entleerungsstation hygienisch ein. Wenn der Staubbeutel voll ist, wechselst du ihn aus. So arbeitet die Entleerungsstation weiterhin gut und wird Sch\u00e4den vorgebeugt. Du erh\u00e4ltst in diesem Paket f\u00fcnf Staubbeutel. Der Staubbeutel h\u00e4lt kleine Staubpartikel ab. In Kombination mit den Filtern bleibt die ausgeblasene Luft dadurch sauber. So wird verhindert, dass Schmutz wieder zur\u00fcck in dein Zuhause gelangt. Diese Staubbeutel eignen sich f\u00fcr die Clean Stations VCA-SAE903\/WA und VCA-904\/WA.<\/p>\n","protected":false},"featured_media":0,"comment_status":"closed","ping_status":"open","template":"","meta":{"_acf_changed":false},"brand":[1165],"product_brand":[],"product_cat":[129],"product_tag":[130],"class_list":{"0":"post-78064","1":"product","2":"type-product","3":"status-publish","5":"brand-samsung","6":"product_cat-staubsaugerbeutel","7":"product_tag-stofzuigerzakken","8":"pa_condition-new","9":"pa_coolblue-de-verzending-morgen-gratis-geliefert","10":"pa_ean-16889","11":"pa_mpn-vca-adb90-vt","13":"first","14":"instock","15":"product-type-external"},"acf":[],"_links":{"self":[{"href":"https:\/\/onlinehardwareshop.de\/index.php\/wp-json\/wp\/v2\/product\/78064","targetHints":{"allow":["GET"]}}],"collection":[{"href":"https:\/\/onlinehardwareshop.de\/index.php\/wp-json\/wp\/v2\/product"}],"about":[{"href":"https:\/\/onlinehardwareshop.de\/index.php\/wp-json\/wp\/v2\/types\/product"}],"replies":[{"embeddable":true,"href":"https:\/\/onlinehardwareshop.de\/index.php\/wp-json\/wp\/v2\/comments?post=78064"}],"wp:attachment":[{"href":"https:\/\/onlinehardwareshop.de\/index.php\/wp-json\/wp\/v2\/media?parent=78064"}],"wp:term":[{"taxonomy":"brand","embeddable":true,"href":"https:\/\/onlinehardwareshop.de\/index.php\/wp-json\/wp\/v2\/brand?post=78064"},{"taxonomy":"product_brand","embeddable":true,"href":"https:\/\/onlinehardwareshop.de\/index.php\/wp-json\/wp\/v2\/product_brand?post=78064"},{"taxonomy":"product_cat","embeddable":true,"href":"https:\/\/onlinehardwareshop.de\/index.php\/wp-json\/wp\/v2\/product_cat?post=78064"},{"taxonomy":"product_tag","embeddable":true,"href":"https:\/\/onlinehardwareshop.de\/index.php\/wp-json\/wp\/v2\/product_tag?post=78064"}],"curies":[{"name":"wp","href":"https:\/\/api.w.org\/{rel}","templated":true}]}}