{"id":77923,"date":"2024-05-25T03:14:32","date_gmt":"2024-05-25T03:14:32","guid":{"rendered":"https:\/\/onlinehardwareshop.de\/index.php\/produkt\/kingston-fury-impact-ddr5-sodimm-5600mhz-64gb-2-x-32gb-2\/"},"modified":"2025-05-14T09:38:37","modified_gmt":"2025-05-14T09:38:37","slug":"kingston-fury-impact-ddr5-sodimm-5600mhz-64gb-2-x-32gb","status":"publish","type":"product","link":"https:\/\/onlinehardwareshop.de\/index.php\/produkt\/kingston-fury-impact-ddr5-sodimm-5600mhz-64gb-2-x-32gb\/","title":{"rendered":"Kingston FURY Impact DDR5 SODIMM 5600&#xA0;MHz 64&#xA0;GB (2 x 32&#xA0;GB)"},"content":{"rendered":"<p>HINWEIS: Dieser DDR5-SODIMM-Speicher passt nur in einen Laptop, nicht in einen PC oder Mac. Das Motherboard muss \u00fcber einen DDR5-Anschluss verf\u00fcgen. \u00dcberpr\u00fcfe dies im Windows Task Manager, mehr Details, beim Punkt Leistung. Ein DDR5-Speichermodul kann nicht mit einem DDR3- oder DDR4-Motherboard verwendet werden. Zudem musst du mindestens einen Intel- oder AMD-Zen-4-Prozessor der 12. Generation besitzen.   Bringe deinen Gaming-PC aufs n\u00e4chste Level mit dem Kingston Kingston FURY Impact PnP DDR5 DIMM 5.600\u00a0MHz 64\u00a0GB (2 x 32\u00a0GB) RAM. Diese Geschwindigkeitsmonster haben eine Taktfrequenz von 5.600\u00a0MHz und sind damit viel schneller als das schnellste DDR4-Modul. Ist dein Motherboard nicht schnell genug? Kein Grund zur Sorge, denn dieser RAM passt sich automatisch an die h\u00f6chstm\u00f6gliche Geschwindigkeit deines Motherboards an. Mit 64\u00a0Gigabyte zus\u00e4tzlichem Arbeitsspeicher kannst du selbst die leistungshungrigsten Aufgaben gleichzeitig erledigen. Lasse zum Beispiel 3D-Konstruktionen und virtuelle Maschine laufen, ohne dass es zu Verz\u00f6gerungen kommt. Da das Set aus zwei Speichermodulen besteht, verwendest du es im Dual-Channel-Modus. Das hat zur Folge, dass sie schneller arbeiten. Neben der hohen Taktfrequenz hat dieses neue DDR5-Modul eine bessere W\u00e4rmeableitung, wodurch es l\u00e4nger h\u00e4lt. M\u00f6chtest du mit der \u00dcbertaktung beginnen? Mit der Unterst\u00fctzung von Intel XMP 3.0 und AMD Expo kannst du zus\u00e4tzlich zur Standardgeschwindigkeit zwei individuelle Geschwindigkeiten einstellen. Diese Fury-Impact-PnP-Module haben ein mattschwarzes Design, das einen echten Gaming-Look verleiht.<\/p>\n","protected":false},"excerpt":{"rendered":"<p>HINWEIS: Dieser DDR5-SODIMM-Speicher passt nur in einen Laptop, nicht in einen PC oder Mac. Das Motherboard muss \u00fcber einen DDR5-Anschluss verf\u00fcgen. \u00dcberpr\u00fcfe dies im Windows Task Manager, mehr Details, beim Punkt Leistung. Ein DDR5-Speichermodul kann nicht mit einem DDR3- oder DDR4-Motherboard verwendet werden. Zudem musst du mindestens einen Intel- oder AMD-Zen-4-Prozessor der 12. Generation besitzen.   Bringe deinen Gaming-PC aufs n\u00e4chste Level mit dem Kingston Kingston FURY Impact PnP DDR5 DIMM 5.600\u00a0MHz 64\u00a0GB (2 x 32\u00a0GB) RAM. Diese Geschwindigkeitsmonster haben eine Taktfrequenz von 5.600\u00a0MHz und sind damit viel schneller als das schnellste DDR4-Modul. Ist dein Motherboard nicht schnell genug? Kein Grund zur Sorge, denn dieser RAM passt sich automatisch an die h\u00f6chstm\u00f6gliche Geschwindigkeit deines Motherboards an. Mit 64\u00a0Gigabyte zus\u00e4tzlichem Arbeitsspeicher kannst du selbst die leistungshungrigsten Aufgaben gleichzeitig erledigen. Lasse zum Beispiel 3D-Konstruktionen und virtuelle Maschine laufen, ohne dass es zu Verz\u00f6gerungen kommt. Da das Set aus zwei Speichermodulen besteht, verwendest du es im Dual-Channel-Modus. Das hat zur Folge, dass sie schneller arbeiten. Neben der hohen Taktfrequenz hat dieses neue DDR5-Modul eine bessere W\u00e4rmeableitung, wodurch es l\u00e4nger h\u00e4lt. M\u00f6chtest du mit der \u00dcbertaktung beginnen? Mit der Unterst\u00fctzung von Intel XMP 3.0 und AMD Expo kannst du zus\u00e4tzlich zur Standardgeschwindigkeit zwei individuelle Geschwindigkeiten einstellen. Diese Fury-Impact-PnP-Module haben ein mattschwarzes Design, das einen echten Gaming-Look verleiht.<\/p>\n","protected":false},"featured_media":0,"comment_status":"closed","ping_status":"open","template":"","meta":{"_acf_changed":false},"brand":[2956],"product_brand":[],"product_cat":[2796],"product_tag":[3457],"class_list":{"0":"post-77923","1":"product","2":"type-product","3":"status-publish","5":"brand-kingston","6":"product_cat-ram","7":"product_tag-intern-geheugen-voor-laptop","8":"pa_condition-new","9":"pa_coolblue-de-verzending-morgen-gratis-geliefert","10":"pa_ean-16618","11":"pa_mpn-kf556s40ibk2-64","13":"first","14":"instock","15":"product-type-external"},"acf":[],"_links":{"self":[{"href":"https:\/\/onlinehardwareshop.de\/index.php\/wp-json\/wp\/v2\/product\/77923","targetHints":{"allow":["GET"]}}],"collection":[{"href":"https:\/\/onlinehardwareshop.de\/index.php\/wp-json\/wp\/v2\/product"}],"about":[{"href":"https:\/\/onlinehardwareshop.de\/index.php\/wp-json\/wp\/v2\/types\/product"}],"replies":[{"embeddable":true,"href":"https:\/\/onlinehardwareshop.de\/index.php\/wp-json\/wp\/v2\/comments?post=77923"}],"wp:attachment":[{"href":"https:\/\/onlinehardwareshop.de\/index.php\/wp-json\/wp\/v2\/media?parent=77923"}],"wp:term":[{"taxonomy":"brand","embeddable":true,"href":"https:\/\/onlinehardwareshop.de\/index.php\/wp-json\/wp\/v2\/brand?post=77923"},{"taxonomy":"product_brand","embeddable":true,"href":"https:\/\/onlinehardwareshop.de\/index.php\/wp-json\/wp\/v2\/product_brand?post=77923"},{"taxonomy":"product_cat","embeddable":true,"href":"https:\/\/onlinehardwareshop.de\/index.php\/wp-json\/wp\/v2\/product_cat?post=77923"},{"taxonomy":"product_tag","embeddable":true,"href":"https:\/\/onlinehardwareshop.de\/index.php\/wp-json\/wp\/v2\/product_tag?post=77923"}],"curies":[{"name":"wp","href":"https:\/\/api.w.org\/{rel}","templated":true}]}}