{"id":77919,"date":"2024-08-31T06:44:36","date_gmt":"2024-08-31T06:44:36","guid":{"rendered":"https:\/\/onlinehardwareshop.de\/index.php\/produkt\/samsung-portable-ssd-t5-evo-2tb-2\/"},"modified":"2025-05-14T09:38:18","modified_gmt":"2025-05-14T09:38:18","slug":"samsung-portable-ssd-t5-evo-2tb","status":"publish","type":"product","link":"https:\/\/onlinehardwareshop.de\/index.php\/produkt\/samsung-portable-ssd-t5-evo-2tb\/","title":{"rendered":"Samsung Portable SSD T5 EVO 2&#xA0;TB"},"content":{"rendered":"<p>Mit der Samsung Portable SSD T5 EVO 2\u00a0TB \u00fcbertr\u00e4gst du Dateien und nimmst sie \u00fcberallhin mit. Diese externe SSD ist zwar kleiner als deine Hand, aber lasse dich davon nicht t\u00e4uschen. Sie verf\u00fcgt \u00fcber mehr Speicherplatz als eine durchschnittliche externe SSD und l\u00e4sst sich durch das geringe Gewicht au\u00dferdem problemlos mitnehmen. Du kannst sie zum Beispiel an deiner Tasche oder deinem G\u00fcrtel befestigen. Das Geh\u00e4use aus Metall und Gummi verleiht der T5 EVO sowohl Robustheit als auch zus\u00e4tzliche Griffigkeit, sodass sie perfekt in der Hand liegt. Hast du sie aus Versehen doch mal fallen lassen? Keine Sorge, die SSD ist vor Herunterfallen aus bis zu 2 Metern H\u00f6he gesch\u00fctzt und h\u00e4lt daher einiges aus. \u00dcber den USB-C-Port schlie\u00dft du die T5 EVO an deine Android-, iOS-, macOS- oder Windows-Ger\u00e4te an. Au\u00dferdem eignet sie sich f\u00fcr die PlayStation, Xbox, Smart TVs und Kameras.<\/p>\n","protected":false},"excerpt":{"rendered":"<p>Mit der Samsung Portable SSD T5 EVO 2\u00a0TB \u00fcbertr\u00e4gst du Dateien und nimmst sie \u00fcberallhin mit. Diese externe SSD ist zwar kleiner als deine Hand, aber lasse dich davon nicht t\u00e4uschen. Sie verf\u00fcgt \u00fcber mehr Speicherplatz als eine durchschnittliche externe SSD und l\u00e4sst sich durch das geringe Gewicht au\u00dferdem problemlos mitnehmen. Du kannst sie zum Beispiel an deiner Tasche oder deinem G\u00fcrtel befestigen. Das Geh\u00e4use aus Metall und Gummi verleiht der T5 EVO sowohl Robustheit als auch zus\u00e4tzliche Griffigkeit, sodass sie perfekt in der Hand liegt. Hast du sie aus Versehen doch mal fallen lassen? Keine Sorge, die SSD ist vor Herunterfallen aus bis zu 2 Metern H\u00f6he gesch\u00fctzt und h\u00e4lt daher einiges aus. \u00dcber den USB-C-Port schlie\u00dft du die T5 EVO an deine Android-, iOS-, macOS- oder Windows-Ger\u00e4te an. Au\u00dferdem eignet sie sich f\u00fcr die PlayStation, Xbox, Smart TVs und Kameras.<\/p>\n","protected":false},"featured_media":0,"comment_status":"closed","ping_status":"open","template":"","meta":{"_acf_changed":false},"brand":[1165],"product_brand":[],"product_cat":[4819],"product_tag":[4820],"class_list":{"0":"post-77919","1":"product","2":"type-product","3":"status-publish","5":"brand-samsung","6":"product_cat-externe-ssds","7":"product_tag-harde-schijven-extern-ssd","8":"pa_condition-new","9":"pa_coolblue-de-verzending-morgen-gratis-geliefert","10":"pa_ean-16611","11":"pa_mpn-mu-ph2t0s-eu","13":"first","14":"instock","15":"product-type-external"},"acf":[],"_links":{"self":[{"href":"https:\/\/onlinehardwareshop.de\/index.php\/wp-json\/wp\/v2\/product\/77919","targetHints":{"allow":["GET"]}}],"collection":[{"href":"https:\/\/onlinehardwareshop.de\/index.php\/wp-json\/wp\/v2\/product"}],"about":[{"href":"https:\/\/onlinehardwareshop.de\/index.php\/wp-json\/wp\/v2\/types\/product"}],"replies":[{"embeddable":true,"href":"https:\/\/onlinehardwareshop.de\/index.php\/wp-json\/wp\/v2\/comments?post=77919"}],"wp:attachment":[{"href":"https:\/\/onlinehardwareshop.de\/index.php\/wp-json\/wp\/v2\/media?parent=77919"}],"wp:term":[{"taxonomy":"brand","embeddable":true,"href":"https:\/\/onlinehardwareshop.de\/index.php\/wp-json\/wp\/v2\/brand?post=77919"},{"taxonomy":"product_brand","embeddable":true,"href":"https:\/\/onlinehardwareshop.de\/index.php\/wp-json\/wp\/v2\/product_brand?post=77919"},{"taxonomy":"product_cat","embeddable":true,"href":"https:\/\/onlinehardwareshop.de\/index.php\/wp-json\/wp\/v2\/product_cat?post=77919"},{"taxonomy":"product_tag","embeddable":true,"href":"https:\/\/onlinehardwareshop.de\/index.php\/wp-json\/wp\/v2\/product_tag?post=77919"}],"curies":[{"name":"wp","href":"https:\/\/api.w.org\/{rel}","templated":true}]}}