{"id":77890,"date":"2025-04-18T08:42:41","date_gmt":"2025-04-18T08:42:41","guid":{"rendered":"https:\/\/onlinehardwareshop.de\/index.php\/produkt\/one-for-all-wm7611-2\/"},"modified":"2025-05-14T09:35:52","modified_gmt":"2025-05-14T09:35:52","slug":"one-for-all-wm7611","status":"publish","type":"product","link":"https:\/\/onlinehardwareshop.de\/index.php\/produkt\/one-for-all-wm7611\/","title":{"rendered":"One For All WM7611"},"content":{"rendered":"<p>Mit dem One For All WM7611 St\u00e4nder profitierst du von viel Bewegungsfreiheit. Stelle deinen Fernseher \u00fcberall im Raum auf, ohne L\u00f6cher in die Wand zu bohren. Das Design des Standfu\u00dfes macht es auch einfach, den Fernseher in einer Ecke zu platzieren. Durch die 6 verschiedenen H\u00f6heneinstellungen kannst du den Fernseher auf Augenh\u00f6he einstellen. Der St\u00e4nder verf\u00fcgt \u00fcber integrierten Stauraum und ein praktisches Kabelmanagementsystem. So sind alle Kabel ordentlich verstaut. Das verleiht deiner Einrichtung ein modernes Flair. F\u00fcr die einfache Installation des St\u00e4nders erh\u00e4ltst du verschiedene Befestigungsmaterialien.<\/p>\n","protected":false},"excerpt":{"rendered":"<p>Mit dem One For All WM7611 St\u00e4nder profitierst du von viel Bewegungsfreiheit. Stelle deinen Fernseher \u00fcberall im Raum auf, ohne L\u00f6cher in die Wand zu bohren. Das Design des Standfu\u00dfes macht es auch einfach, den Fernseher in einer Ecke zu platzieren. Durch die 6 verschiedenen H\u00f6heneinstellungen kannst du den Fernseher auf Augenh\u00f6he einstellen. Der St\u00e4nder verf\u00fcgt \u00fcber integrierten Stauraum und ein praktisches Kabelmanagementsystem. So sind alle Kabel ordentlich verstaut. Das verleiht deiner Einrichtung ein modernes Flair. F\u00fcr die einfache Installation des St\u00e4nders erh\u00e4ltst du verschiedene Befestigungsmaterialien.<\/p>\n","protected":false},"featured_media":0,"comment_status":"closed","ping_status":"open","template":"","meta":{"_acf_changed":false},"brand":[6934],"product_brand":[],"product_cat":[6935],"product_tag":[6936],"class_list":{"0":"post-77890","1":"product","2":"type-product","3":"status-publish","5":"brand-one-for-all","6":"product_cat-fernseherstnder","7":"product_tag-televisie-standaards","8":"pa_condition-new","9":"pa_coolblue-de-verzending-morgen-gratis-geliefert","10":"pa_ean-16544","11":"pa_mpn-wm7611","13":"first","14":"instock","15":"product-type-external"},"acf":[],"_links":{"self":[{"href":"https:\/\/onlinehardwareshop.de\/index.php\/wp-json\/wp\/v2\/product\/77890","targetHints":{"allow":["GET"]}}],"collection":[{"href":"https:\/\/onlinehardwareshop.de\/index.php\/wp-json\/wp\/v2\/product"}],"about":[{"href":"https:\/\/onlinehardwareshop.de\/index.php\/wp-json\/wp\/v2\/types\/product"}],"replies":[{"embeddable":true,"href":"https:\/\/onlinehardwareshop.de\/index.php\/wp-json\/wp\/v2\/comments?post=77890"}],"wp:attachment":[{"href":"https:\/\/onlinehardwareshop.de\/index.php\/wp-json\/wp\/v2\/media?parent=77890"}],"wp:term":[{"taxonomy":"brand","embeddable":true,"href":"https:\/\/onlinehardwareshop.de\/index.php\/wp-json\/wp\/v2\/brand?post=77890"},{"taxonomy":"product_brand","embeddable":true,"href":"https:\/\/onlinehardwareshop.de\/index.php\/wp-json\/wp\/v2\/product_brand?post=77890"},{"taxonomy":"product_cat","embeddable":true,"href":"https:\/\/onlinehardwareshop.de\/index.php\/wp-json\/wp\/v2\/product_cat?post=77890"},{"taxonomy":"product_tag","embeddable":true,"href":"https:\/\/onlinehardwareshop.de\/index.php\/wp-json\/wp\/v2\/product_tag?post=77890"}],"curies":[{"name":"wp","href":"https:\/\/api.w.org\/{rel}","templated":true}]}}