{"id":77858,"date":"2024-05-06T11:05:35","date_gmt":"2024-05-06T11:05:35","guid":{"rendered":"https:\/\/onlinehardwareshop.de\/index.php\/produkt\/14-macbook-pro-m3-max-chip-3\/"},"modified":"2025-05-14T09:33:02","modified_gmt":"2025-05-14T09:33:02","slug":"14-macbook-pro-m3-max-chip","status":"publish","type":"product","link":"https:\/\/onlinehardwareshop.de\/index.php\/produkt\/14-macbook-pro-m3-max-chip\/","title":{"rendered":"14&#34; MacBook Pro M3 Max-Chip"},"content":{"rendered":"<p>Mit dem Apple MacBook Pro 14 Zoll (2023) M3 Max (14 Core CPU \/ 30 Core GPU) 36\u00a0GB \/ 1\u00a0TB Space Schwarz entwirfst du die tollsten 3D-Kreationen und Apps in leistungshungrigen Programmen wie Xcode. Das erm\u00f6glicht dir der Apple M3 Max Chip, der noch schneller arbeitet als sein Vorg\u00e4ngermodell. Das 14 Zoll gro\u00dfe MacBook Pro wiegt 1,6 Kilogramm, sodass du es problemlos mitnimmst. Das Liquid Retina XDR Display stellt alle Details und Farben immer naturgetreu dar. Mit einer Speicherkapazit\u00e4t von 1\u00a0TB hast du genug Platz f\u00fcr all deine Kreationen. Brauchst du noch mehr Platz? Dann schlie\u00dfe ganz einfach zwei externe Bildschirme an. Zu guter Letzt ist dieses MacBook energiesparend, denn ein vollst\u00e4ndig aufgeladenes MacBook Pro h\u00e4lt bis zu 18 Stunden lang durch.  Empfehlung unseres Apple-Experten Internet, E-Mail und Textbearbeitung: geeignet Filme und Serien ansehen: geeignet Fotobearbeitung: geeignet Videobearbeitung: geeignet 3D-Entw\u00fcrfe erstellen und rendern: geeignet Entwicklung von Apps in Xcode: geeignet Gaming: m\u00f6glich, aber haupts\u00e4chlich Low-End-Games. Es k\u00f6nnen aber alle Spiele von Apple Arcade gespielt werden.<\/p>\n","protected":false},"excerpt":{"rendered":"<p>Mit dem Apple MacBook Pro 14 Zoll (2023) M3 Max (14 Core CPU \/ 30 Core GPU) 36\u00a0GB \/ 1\u00a0TB Space Schwarz entwirfst du die tollsten 3D-Kreationen und Apps in leistungshungrigen Programmen wie Xcode. Das erm\u00f6glicht dir der Apple M3 Max Chip, der noch schneller arbeitet als sein Vorg\u00e4ngermodell. Das 14 Zoll gro\u00dfe MacBook Pro wiegt 1,6 Kilogramm, sodass du es problemlos mitnimmst. Das Liquid Retina XDR Display stellt alle Details und Farben immer naturgetreu dar. Mit einer Speicherkapazit\u00e4t von 1\u00a0TB hast du genug Platz f\u00fcr all deine Kreationen. Brauchst du noch mehr Platz? Dann schlie\u00dfe ganz einfach zwei externe Bildschirme an. Zu guter Letzt ist dieses MacBook energiesparend, denn ein vollst\u00e4ndig aufgeladenes MacBook Pro h\u00e4lt bis zu 18 Stunden lang durch.  Empfehlung unseres Apple-Experten Internet, E-Mail und Textbearbeitung: geeignet Filme und Serien ansehen: geeignet Fotobearbeitung: geeignet Videobearbeitung: geeignet 3D-Entw\u00fcrfe erstellen und rendern: geeignet Entwicklung von Apps in Xcode: geeignet Gaming: m\u00f6glich, aber haupts\u00e4chlich Low-End-Games. Es k\u00f6nnen aber alle Spiele von Apple Arcade gespielt werden.<\/p>\n","protected":false},"featured_media":0,"comment_status":"closed","ping_status":"open","template":"","meta":{"_acf_changed":false},"brand":[148],"product_brand":[],"product_cat":[8884],"product_tag":[8885],"class_list":{"0":"post-77858","1":"product","2":"type-product","3":"status-publish","5":"brand-apple","6":"product_cat-laptops","7":"product_tag-macbooks-qwertz","8":"pa_condition-new","9":"pa_coolblue-de-verzending-morgen-gratis-geliefert","10":"pa_ean-16478","11":"pa_mpn-mrx53d-a","13":"first","14":"instock","15":"product-type-external"},"acf":[],"_links":{"self":[{"href":"https:\/\/onlinehardwareshop.de\/index.php\/wp-json\/wp\/v2\/product\/77858","targetHints":{"allow":["GET"]}}],"collection":[{"href":"https:\/\/onlinehardwareshop.de\/index.php\/wp-json\/wp\/v2\/product"}],"about":[{"href":"https:\/\/onlinehardwareshop.de\/index.php\/wp-json\/wp\/v2\/types\/product"}],"replies":[{"embeddable":true,"href":"https:\/\/onlinehardwareshop.de\/index.php\/wp-json\/wp\/v2\/comments?post=77858"}],"wp:attachment":[{"href":"https:\/\/onlinehardwareshop.de\/index.php\/wp-json\/wp\/v2\/media?parent=77858"}],"wp:term":[{"taxonomy":"brand","embeddable":true,"href":"https:\/\/onlinehardwareshop.de\/index.php\/wp-json\/wp\/v2\/brand?post=77858"},{"taxonomy":"product_brand","embeddable":true,"href":"https:\/\/onlinehardwareshop.de\/index.php\/wp-json\/wp\/v2\/product_brand?post=77858"},{"taxonomy":"product_cat","embeddable":true,"href":"https:\/\/onlinehardwareshop.de\/index.php\/wp-json\/wp\/v2\/product_cat?post=77858"},{"taxonomy":"product_tag","embeddable":true,"href":"https:\/\/onlinehardwareshop.de\/index.php\/wp-json\/wp\/v2\/product_tag?post=77858"}],"curies":[{"name":"wp","href":"https:\/\/api.w.org\/{rel}","templated":true}]}}