{"id":77857,"date":"2025-03-19T07:54:06","date_gmt":"2025-03-19T07:54:06","guid":{"rendered":"https:\/\/onlinehardwareshop.de\/index.php\/produkt\/14-macbook-pro-m3-pro-chip-3\/"},"modified":"2025-05-14T09:32:57","modified_gmt":"2025-05-14T09:32:57","slug":"14-macbook-pro-m3-pro-chip","status":"publish","type":"product","link":"https:\/\/onlinehardwareshop.de\/index.php\/produkt\/14-macbook-pro-m3-pro-chip\/","title":{"rendered":"14&#34; MacBook Pro M3 Pro-Chip"},"content":{"rendered":"<p>Mit dem Apple MacBook Pro 14 Zoll (2023) M3 Pro (12 Core CPU \/ 18 Core GPU) 18\u00a0GB \/ 1\u00a0TB Space Schwarz bearbeitest du Fotos und Videos in Programmen wie iMovie und Adobe Photoshop. Das erm\u00f6glicht dir der Apple M3 Pro Chip, der noch schneller arbeitet als sein Vorg\u00e4ngermodell. Das 14 Zoll gro\u00dfe MacBook Pro wiegt 1,6 Kilogramm, sodass du es problemlos mitnimmst. Das Liquid Retina XDR Display stellt alle Details und Farben immer naturgetreu dar. Mit einer Speicherkapazit\u00e4t von 1\u00a0TB hast du genug Platz f\u00fcr all deine Kreationen. Brauchst du noch mehr Platz? Dann schlie\u00dfe ganz einfach zwei externe Bildschirme an. Zu guter Letzt ist dieses MacBook energieeffizient, denn ein vollst\u00e4ndig aufgeladenes MacBook Pro h\u00e4lt bis zu 18 Stunden lang.  Empfehlung unseres Apple-Experten Internet, E-Mail und Textbearbeitung: geeignet Filme und Serien ansehen: geeignet Fotobearbeitung: geeignet Videobearbeitung: geeignet 3D-Entw\u00fcrfe erstellen und rendern: m\u00f6glich, aber schneller mit dem M3 Max Entwicklung von Apps in Xcode: ungeeignet, mindestens ein M3 Max und 36\u00a0GB Arbeitsspeicher erforderlich Gaming: m\u00f6glich, aber haupts\u00e4chlich Low-End-Games. Es k\u00f6nnen aber alle Spiele von Apple Arcade gespielt werden.<\/p>\n","protected":false},"excerpt":{"rendered":"<p>Mit dem Apple MacBook Pro 14 Zoll (2023) M3 Pro (12 Core CPU \/ 18 Core GPU) 18\u00a0GB \/ 1\u00a0TB Space Schwarz bearbeitest du Fotos und Videos in Programmen wie iMovie und Adobe Photoshop. Das erm\u00f6glicht dir der Apple M3 Pro Chip, der noch schneller arbeitet als sein Vorg\u00e4ngermodell. Das 14 Zoll gro\u00dfe MacBook Pro wiegt 1,6 Kilogramm, sodass du es problemlos mitnimmst. Das Liquid Retina XDR Display stellt alle Details und Farben immer naturgetreu dar. Mit einer Speicherkapazit\u00e4t von 1\u00a0TB hast du genug Platz f\u00fcr all deine Kreationen. Brauchst du noch mehr Platz? Dann schlie\u00dfe ganz einfach zwei externe Bildschirme an. Zu guter Letzt ist dieses MacBook energieeffizient, denn ein vollst\u00e4ndig aufgeladenes MacBook Pro h\u00e4lt bis zu 18 Stunden lang.  Empfehlung unseres Apple-Experten Internet, E-Mail und Textbearbeitung: geeignet Filme und Serien ansehen: geeignet Fotobearbeitung: geeignet Videobearbeitung: geeignet 3D-Entw\u00fcrfe erstellen und rendern: m\u00f6glich, aber schneller mit dem M3 Max Entwicklung von Apps in Xcode: ungeeignet, mindestens ein M3 Max und 36\u00a0GB Arbeitsspeicher erforderlich Gaming: m\u00f6glich, aber haupts\u00e4chlich Low-End-Games. Es k\u00f6nnen aber alle Spiele von Apple Arcade gespielt werden.<\/p>\n","protected":false},"featured_media":0,"comment_status":"closed","ping_status":"open","template":"","meta":{"_acf_changed":false},"brand":[148],"product_brand":[],"product_cat":[8884],"product_tag":[8885],"class_list":{"0":"post-77857","1":"product","2":"type-product","3":"status-publish","5":"brand-apple","6":"product_cat-laptops","7":"product_tag-macbooks-qwertz","8":"pa_condition-new","9":"pa_coolblue-de-verzending-morgen-gratis-geliefert","10":"pa_ean-16476","11":"pa_mpn-mrx43d-a","13":"first","14":"instock","15":"product-type-external"},"acf":[],"_links":{"self":[{"href":"https:\/\/onlinehardwareshop.de\/index.php\/wp-json\/wp\/v2\/product\/77857","targetHints":{"allow":["GET"]}}],"collection":[{"href":"https:\/\/onlinehardwareshop.de\/index.php\/wp-json\/wp\/v2\/product"}],"about":[{"href":"https:\/\/onlinehardwareshop.de\/index.php\/wp-json\/wp\/v2\/types\/product"}],"replies":[{"embeddable":true,"href":"https:\/\/onlinehardwareshop.de\/index.php\/wp-json\/wp\/v2\/comments?post=77857"}],"wp:attachment":[{"href":"https:\/\/onlinehardwareshop.de\/index.php\/wp-json\/wp\/v2\/media?parent=77857"}],"wp:term":[{"taxonomy":"brand","embeddable":true,"href":"https:\/\/onlinehardwareshop.de\/index.php\/wp-json\/wp\/v2\/brand?post=77857"},{"taxonomy":"product_brand","embeddable":true,"href":"https:\/\/onlinehardwareshop.de\/index.php\/wp-json\/wp\/v2\/product_brand?post=77857"},{"taxonomy":"product_cat","embeddable":true,"href":"https:\/\/onlinehardwareshop.de\/index.php\/wp-json\/wp\/v2\/product_cat?post=77857"},{"taxonomy":"product_tag","embeddable":true,"href":"https:\/\/onlinehardwareshop.de\/index.php\/wp-json\/wp\/v2\/product_tag?post=77857"}],"curies":[{"name":"wp","href":"https:\/\/api.w.org\/{rel}","templated":true}]}}