{"id":77853,"date":"2024-02-12T16:24:53","date_gmt":"2024-02-12T16:24:53","guid":{"rendered":"https:\/\/onlinehardwareshop.de\/index.php\/produkt\/16-macbook-pro-m3-pro-chip-3\/"},"modified":"2025-05-14T09:32:26","modified_gmt":"2025-05-14T09:32:26","slug":"16-macbook-pro-m3-pro-chip","status":"publish","type":"product","link":"https:\/\/onlinehardwareshop.de\/index.php\/produkt\/16-macbook-pro-m3-pro-chip\/","title":{"rendered":"16&#34; MacBook Pro M3 Pro-Chip"},"content":{"rendered":"<p>Mit dem Apple MacBook Pro 16 Zoll (2023) M3 Pro (12 Core CPU \/ 18 Core GPU) 18\u00a0GB \/ 512\u00a0GB Space Schwarz kann man m\u00fchelos Videos in leistungshungrigen Programmen wie Final Cut Pro bearbeiten. Der M3 Pro Chip und 18\u00a0GB Arbeitsspeicher sind diesen Aufgaben gewachsen. Dank der ProMotion Technologie wirken schnelle Bildfolgen fl\u00fcssig. Das 1000 Nits helle Liquid Retina XDR Display zeigt 1 Milliarde Farben und jedes Detail deutlich an. H\u00e4ttest du gern noch mehr Platz auf dem Bildschirm? Dann kannst du problemlos bis zu zwei externe Bildschirme anschlie\u00dfen. Um die Sicherheit deiner Dateien musst du dich nicht sorgen. Mittels Touch ID kannst du dich mit deinem Fingerabdruck auf dem MacBook einloggen, ohne ein Passwort eingeben zu m\u00fcssen. Da das vollst\u00e4ndig geladene MacBook Pro bis zu 22 Stunden h\u00e4lt, kannst du ohne Weiteres einen ganzen Tag lang an deinen Kreationen arbeiten.  Empfehlung unseres Apple-Experten Internet, E-Mail und Textverarbeitung: geeignet Filme und Serien gucken: geeignet Fotobearbeitung: geeignet Videobearbeitung: geeignet 3D-Entw\u00fcrfe erstellen und rendern: m\u00f6glich, aber schneller mit dem M3 Max Apps in Xcode entwickeln: ungeeignet, mindestens der M3 Max und 36\u00a0GB Arbeitsspeicher erforderlich Gaming: m\u00f6glich, aber nur Low-End-Games. Alle Spiele von Apple Arcade sind allerdings geeignet.<\/p>\n","protected":false},"excerpt":{"rendered":"<p>Mit dem Apple MacBook Pro 16 Zoll (2023) M3 Pro (12 Core CPU \/ 18 Core GPU) 18\u00a0GB \/ 512\u00a0GB Space Schwarz kann man m\u00fchelos Videos in leistungshungrigen Programmen wie Final Cut Pro bearbeiten. Der M3 Pro Chip und 18\u00a0GB Arbeitsspeicher sind diesen Aufgaben gewachsen. Dank der ProMotion Technologie wirken schnelle Bildfolgen fl\u00fcssig. Das 1000 Nits helle Liquid Retina XDR Display zeigt 1 Milliarde Farben und jedes Detail deutlich an. H\u00e4ttest du gern noch mehr Platz auf dem Bildschirm? Dann kannst du problemlos bis zu zwei externe Bildschirme anschlie\u00dfen. Um die Sicherheit deiner Dateien musst du dich nicht sorgen. Mittels Touch ID kannst du dich mit deinem Fingerabdruck auf dem MacBook einloggen, ohne ein Passwort eingeben zu m\u00fcssen. Da das vollst\u00e4ndig geladene MacBook Pro bis zu 22 Stunden h\u00e4lt, kannst du ohne Weiteres einen ganzen Tag lang an deinen Kreationen arbeiten.  Empfehlung unseres Apple-Experten Internet, E-Mail und Textverarbeitung: geeignet Filme und Serien gucken: geeignet Fotobearbeitung: geeignet Videobearbeitung: geeignet 3D-Entw\u00fcrfe erstellen und rendern: m\u00f6glich, aber schneller mit dem M3 Max Apps in Xcode entwickeln: ungeeignet, mindestens der M3 Max und 36\u00a0GB Arbeitsspeicher erforderlich Gaming: m\u00f6glich, aber nur Low-End-Games. Alle Spiele von Apple Arcade sind allerdings geeignet.<\/p>\n","protected":false},"featured_media":0,"comment_status":"closed","ping_status":"open","template":"","meta":{"_acf_changed":false},"brand":[148],"product_brand":[],"product_cat":[8884],"product_tag":[8885],"class_list":{"0":"post-77853","1":"product","2":"type-product","3":"status-publish","5":"brand-apple","6":"product_cat-laptops","7":"product_tag-macbooks-qwertz","8":"pa_condition-new","9":"pa_coolblue-de-verzending-morgen-gratis-geliefert","10":"pa_ean-16465","11":"pa_mpn-mrw13d-a","13":"first","14":"instock","15":"product-type-external"},"acf":[],"_links":{"self":[{"href":"https:\/\/onlinehardwareshop.de\/index.php\/wp-json\/wp\/v2\/product\/77853","targetHints":{"allow":["GET"]}}],"collection":[{"href":"https:\/\/onlinehardwareshop.de\/index.php\/wp-json\/wp\/v2\/product"}],"about":[{"href":"https:\/\/onlinehardwareshop.de\/index.php\/wp-json\/wp\/v2\/types\/product"}],"replies":[{"embeddable":true,"href":"https:\/\/onlinehardwareshop.de\/index.php\/wp-json\/wp\/v2\/comments?post=77853"}],"wp:attachment":[{"href":"https:\/\/onlinehardwareshop.de\/index.php\/wp-json\/wp\/v2\/media?parent=77853"}],"wp:term":[{"taxonomy":"brand","embeddable":true,"href":"https:\/\/onlinehardwareshop.de\/index.php\/wp-json\/wp\/v2\/brand?post=77853"},{"taxonomy":"product_brand","embeddable":true,"href":"https:\/\/onlinehardwareshop.de\/index.php\/wp-json\/wp\/v2\/product_brand?post=77853"},{"taxonomy":"product_cat","embeddable":true,"href":"https:\/\/onlinehardwareshop.de\/index.php\/wp-json\/wp\/v2\/product_cat?post=77853"},{"taxonomy":"product_tag","embeddable":true,"href":"https:\/\/onlinehardwareshop.de\/index.php\/wp-json\/wp\/v2\/product_tag?post=77853"}],"curies":[{"name":"wp","href":"https:\/\/api.w.org\/{rel}","templated":true}]}}