{"id":77771,"date":"2025-03-14T18:46:58","date_gmt":"2025-03-14T18:46:58","guid":{"rendered":"https:\/\/onlinehardwareshop.de\/index.php\/produkt\/wacom-cintiq-pro-22-2\/"},"modified":"2025-05-14T09:25:07","modified_gmt":"2025-05-14T09:25:07","slug":"wacom-cintiq-pro-22","status":"publish","type":"product","link":"https:\/\/onlinehardwareshop.de\/index.php\/produkt\/wacom-cintiq-pro-22\/","title":{"rendered":"Wacom Cintiq Pro 22"},"content":{"rendered":"<p>Mit dem Wacom Cintiq Pro 22 Zoll hast du viel Platz zum Arbeiten und siehst im Detail, was du zeichnest. Dank der 4K-UHD-Aufl\u00f6sung siehst du deine Zeichnungen zudem in hoher Qualit\u00e4t. Mit den 8.192 Druckstufen des Wacom Pro Pen 3 hast du viel Kontrolle \u00fcber deine Linienf\u00fchrung und durch eine Bewegungsaufl\u00f6sung von 5.080 LPI arbeitest du sehr pr\u00e4zise. Dank Multitouch ber\u00fchrst du den Bildschirm mit mehreren Fingern gleichzeitig und scrollst oder zoomst m\u00fchelos. Stelle au\u00dferdem bis zu drei Verkn\u00fcpfungen auf dem Pro Pen 3 und acht Verkn\u00fcpfungen auf dem Grafiktablett selbst ein. So verbesserst du deinen Workflow. Schlie\u00dfe das Cintiq Pro 22 mit einem USB-C-, USB-A-, HDMI- oder DisplayPort-Kabel an deinen Computer an.   Hinweis: Da dieses Grafiktablett kein Stand-Alone-Modell ist, schlie\u00dft du es an deinen PC oder Laptop an.<\/p>\n","protected":false},"excerpt":{"rendered":"<p>Mit dem Wacom Cintiq Pro 22 Zoll hast du viel Platz zum Arbeiten und siehst im Detail, was du zeichnest. Dank der 4K-UHD-Aufl\u00f6sung siehst du deine Zeichnungen zudem in hoher Qualit\u00e4t. Mit den 8.192 Druckstufen des Wacom Pro Pen 3 hast du viel Kontrolle \u00fcber deine Linienf\u00fchrung und durch eine Bewegungsaufl\u00f6sung von 5.080 LPI arbeitest du sehr pr\u00e4zise. Dank Multitouch ber\u00fchrst du den Bildschirm mit mehreren Fingern gleichzeitig und scrollst oder zoomst m\u00fchelos. Stelle au\u00dferdem bis zu drei Verkn\u00fcpfungen auf dem Pro Pen 3 und acht Verkn\u00fcpfungen auf dem Grafiktablett selbst ein. So verbesserst du deinen Workflow. Schlie\u00dfe das Cintiq Pro 22 mit einem USB-C-, USB-A-, HDMI- oder DisplayPort-Kabel an deinen Computer an.   Hinweis: Da dieses Grafiktablett kein Stand-Alone-Modell ist, schlie\u00dft du es an deinen PC oder Laptop an.<\/p>\n","protected":false},"featured_media":0,"comment_status":"closed","ping_status":"open","template":"","meta":{"_acf_changed":false},"brand":[556],"product_brand":[],"product_cat":[2653],"product_tag":[3571],"class_list":{"0":"post-77771","1":"product","2":"type-product","3":"status-publish","5":"brand-wacom","6":"product_cat-grafiktabletts","7":"product_tag-tekentablets-met-scherm","8":"pa_condition-new","9":"pa_coolblue-de-verzending-morgen-gratis-geliefert","10":"pa_ean-16272","11":"pa_mpn-dth227k0b","13":"first","14":"instock","15":"product-type-external"},"acf":[],"_links":{"self":[{"href":"https:\/\/onlinehardwareshop.de\/index.php\/wp-json\/wp\/v2\/product\/77771","targetHints":{"allow":["GET"]}}],"collection":[{"href":"https:\/\/onlinehardwareshop.de\/index.php\/wp-json\/wp\/v2\/product"}],"about":[{"href":"https:\/\/onlinehardwareshop.de\/index.php\/wp-json\/wp\/v2\/types\/product"}],"replies":[{"embeddable":true,"href":"https:\/\/onlinehardwareshop.de\/index.php\/wp-json\/wp\/v2\/comments?post=77771"}],"wp:attachment":[{"href":"https:\/\/onlinehardwareshop.de\/index.php\/wp-json\/wp\/v2\/media?parent=77771"}],"wp:term":[{"taxonomy":"brand","embeddable":true,"href":"https:\/\/onlinehardwareshop.de\/index.php\/wp-json\/wp\/v2\/brand?post=77771"},{"taxonomy":"product_brand","embeddable":true,"href":"https:\/\/onlinehardwareshop.de\/index.php\/wp-json\/wp\/v2\/product_brand?post=77771"},{"taxonomy":"product_cat","embeddable":true,"href":"https:\/\/onlinehardwareshop.de\/index.php\/wp-json\/wp\/v2\/product_cat?post=77771"},{"taxonomy":"product_tag","embeddable":true,"href":"https:\/\/onlinehardwareshop.de\/index.php\/wp-json\/wp\/v2\/product_tag?post=77771"}],"curies":[{"name":"wp","href":"https:\/\/api.w.org\/{rel}","templated":true}]}}