{"id":77728,"date":"2024-07-23T06:10:07","date_gmt":"2024-07-23T06:10:07","guid":{"rendered":"https:\/\/onlinehardwareshop.de\/index.php\/produkt\/tefal-blendforce-ii-bl4201-2\/"},"modified":"2025-05-14T09:21:41","modified_gmt":"2025-05-14T09:21:41","slug":"tefal-blendforce-ii-bl4201","status":"publish","type":"product","link":"https:\/\/onlinehardwareshop.de\/index.php\/produkt\/tefal-blendforce-ii-bl4201\/","title":{"rendered":"Tefal Blendforce II BL4201"},"content":{"rendered":"<p>Mixe deine Lieblings-Smoothies oder -Cocktails mit dem Tefal Blendforce II BL4201. Mit dem Drehknopf kannst du ganz einfach zwischen 2 Geschwindigkeiten wechseln. Sind noch nicht alle Zutaten im Standmixer? Mit dem Einf\u00fcllstopp an der Oberseite kannst du w\u00e4hrend des Mixens ganz einfach weitere Zutaten hinzuf\u00fcgen. Eher Lust auf einen kalten Smoothie? Dieser Standmixer zerkleinert auch Eis. Der Blendforce ist mit einem Air Cooling System ausgestattet. Dieses sorgt daf\u00fcr, dass der Standmixer nicht \u00fcberhitzt, wenn du mehrere Male hintereinander mixt. Die Einzelteile lassen sich in der Sp\u00fclmaschine reinigen.<\/p>\n","protected":false},"excerpt":{"rendered":"<p>Mixe deine Lieblings-Smoothies oder -Cocktails mit dem Tefal Blendforce II BL4201. Mit dem Drehknopf kannst du ganz einfach zwischen 2 Geschwindigkeiten wechseln. Sind noch nicht alle Zutaten im Standmixer? Mit dem Einf\u00fcllstopp an der Oberseite kannst du w\u00e4hrend des Mixens ganz einfach weitere Zutaten hinzuf\u00fcgen. Eher Lust auf einen kalten Smoothie? Dieser Standmixer zerkleinert auch Eis. Der Blendforce ist mit einem Air Cooling System ausgestattet. Dieses sorgt daf\u00fcr, dass der Standmixer nicht \u00fcberhitzt, wenn du mehrere Male hintereinander mixt. Die Einzelteile lassen sich in der Sp\u00fclmaschine reinigen.<\/p>\n","protected":false},"featured_media":0,"comment_status":"closed","ping_status":"open","template":"","meta":{"_acf_changed":false},"brand":[506],"product_brand":[],"product_cat":[1606],"product_tag":[1607],"class_list":{"0":"post-77728","1":"product","2":"type-product","3":"status-publish","5":"brand-tefal","6":"product_cat-standmixer","7":"product_tag-blenders","8":"pa_condition-new","9":"pa_coolblue-de-verzending-morgen-gratis-geliefert","10":"pa_ean-16177","11":"pa_mpn-bl4201","13":"first","14":"instock","15":"product-type-external"},"acf":[],"_links":{"self":[{"href":"https:\/\/onlinehardwareshop.de\/index.php\/wp-json\/wp\/v2\/product\/77728","targetHints":{"allow":["GET"]}}],"collection":[{"href":"https:\/\/onlinehardwareshop.de\/index.php\/wp-json\/wp\/v2\/product"}],"about":[{"href":"https:\/\/onlinehardwareshop.de\/index.php\/wp-json\/wp\/v2\/types\/product"}],"replies":[{"embeddable":true,"href":"https:\/\/onlinehardwareshop.de\/index.php\/wp-json\/wp\/v2\/comments?post=77728"}],"wp:attachment":[{"href":"https:\/\/onlinehardwareshop.de\/index.php\/wp-json\/wp\/v2\/media?parent=77728"}],"wp:term":[{"taxonomy":"brand","embeddable":true,"href":"https:\/\/onlinehardwareshop.de\/index.php\/wp-json\/wp\/v2\/brand?post=77728"},{"taxonomy":"product_brand","embeddable":true,"href":"https:\/\/onlinehardwareshop.de\/index.php\/wp-json\/wp\/v2\/product_brand?post=77728"},{"taxonomy":"product_cat","embeddable":true,"href":"https:\/\/onlinehardwareshop.de\/index.php\/wp-json\/wp\/v2\/product_cat?post=77728"},{"taxonomy":"product_tag","embeddable":true,"href":"https:\/\/onlinehardwareshop.de\/index.php\/wp-json\/wp\/v2\/product_tag?post=77728"}],"curies":[{"name":"wp","href":"https:\/\/api.w.org\/{rel}","templated":true}]}}