{"id":77713,"date":"2025-04-14T00:27:36","date_gmt":"2025-04-14T00:27:36","guid":{"rendered":"https:\/\/onlinehardwareshop.de\/index.php\/produkt\/greenpan-bistro-kontaktgrill-2\/"},"modified":"2025-05-14T09:20:41","modified_gmt":"2025-05-14T09:20:41","slug":"greenpan-bistro-kontaktgrill","status":"publish","type":"product","link":"https:\/\/onlinehardwareshop.de\/index.php\/produkt\/greenpan-bistro-kontaktgrill\/","title":{"rendered":"GreenPan Bistro Kontaktgrill"},"content":{"rendered":"<p>Mit dem GreenPan Bistro Kontaktgrill grillst du Zutaten auf eine umweltbewusste Art. Das liegt daran, dass der Kontaktgrill mit PFAS-freien Backblechen ausgestattet ist. Somit enthalten die Bleche keinerlei Chemikalien und sind l\u00e4ngerlebig als solche mit standardm\u00e4\u00dfiger Antihaftbeschichtung. Du bedienst den Kontaktgrill wahlweise manuell oder anhand der voreingestellten Backprogramme, wozu unter anderem Hamburger, Fisch oder Speck geh\u00f6ren. Das ist angenehm, denn so brauchst du dich nicht um die richtige Backtemperatur und -zeit zu k\u00fcmmern. M\u00f6chtest du unterschiedliche Zutaten gleichzeitig zubereiten? Dann stelle die Temperatur der Backbleche separat voneinander ein. So grillst du Gem\u00fcse auf einer niedrigeren Temperatur als Fleisch. Nach der Verwendung stellst du die abnehmbaren Backplatten in die Sp\u00fclmaschine.<\/p>\n","protected":false},"excerpt":{"rendered":"<p>Mit dem GreenPan Bistro Kontaktgrill grillst du Zutaten auf eine umweltbewusste Art. Das liegt daran, dass der Kontaktgrill mit PFAS-freien Backblechen ausgestattet ist. Somit enthalten die Bleche keinerlei Chemikalien und sind l\u00e4ngerlebig als solche mit standardm\u00e4\u00dfiger Antihaftbeschichtung. Du bedienst den Kontaktgrill wahlweise manuell oder anhand der voreingestellten Backprogramme, wozu unter anderem Hamburger, Fisch oder Speck geh\u00f6ren. Das ist angenehm, denn so brauchst du dich nicht um die richtige Backtemperatur und -zeit zu k\u00fcmmern. M\u00f6chtest du unterschiedliche Zutaten gleichzeitig zubereiten? Dann stelle die Temperatur der Backbleche separat voneinander ein. So grillst du Gem\u00fcse auf einer niedrigeren Temperatur als Fleisch. Nach der Verwendung stellst du die abnehmbaren Backplatten in die Sp\u00fclmaschine.<\/p>\n","protected":false},"featured_media":0,"comment_status":"closed","ping_status":"open","template":"","meta":{"_acf_changed":false},"brand":[3971],"product_brand":[],"product_cat":[300],"product_tag":[301],"class_list":{"0":"post-77713","1":"product","2":"type-product","3":"status-publish","5":"brand-greenpan","6":"product_cat-kontaktgrills","7":"product_tag-contactgrills","8":"pa_condition-new","9":"pa_coolblue-de-verzending-morgen-gratis-geliefert","10":"pa_ean-16150","11":"pa_mpn-cc007925-001","13":"first","14":"instock","15":"product-type-external"},"acf":[],"_links":{"self":[{"href":"https:\/\/onlinehardwareshop.de\/index.php\/wp-json\/wp\/v2\/product\/77713","targetHints":{"allow":["GET"]}}],"collection":[{"href":"https:\/\/onlinehardwareshop.de\/index.php\/wp-json\/wp\/v2\/product"}],"about":[{"href":"https:\/\/onlinehardwareshop.de\/index.php\/wp-json\/wp\/v2\/types\/product"}],"replies":[{"embeddable":true,"href":"https:\/\/onlinehardwareshop.de\/index.php\/wp-json\/wp\/v2\/comments?post=77713"}],"wp:attachment":[{"href":"https:\/\/onlinehardwareshop.de\/index.php\/wp-json\/wp\/v2\/media?parent=77713"}],"wp:term":[{"taxonomy":"brand","embeddable":true,"href":"https:\/\/onlinehardwareshop.de\/index.php\/wp-json\/wp\/v2\/brand?post=77713"},{"taxonomy":"product_brand","embeddable":true,"href":"https:\/\/onlinehardwareshop.de\/index.php\/wp-json\/wp\/v2\/product_brand?post=77713"},{"taxonomy":"product_cat","embeddable":true,"href":"https:\/\/onlinehardwareshop.de\/index.php\/wp-json\/wp\/v2\/product_cat?post=77713"},{"taxonomy":"product_tag","embeddable":true,"href":"https:\/\/onlinehardwareshop.de\/index.php\/wp-json\/wp\/v2\/product_tag?post=77713"}],"curies":[{"name":"wp","href":"https:\/\/api.w.org\/{rel}","templated":true}]}}