{"id":77712,"date":"2025-02-04T11:43:28","date_gmt":"2025-02-04T11:43:28","guid":{"rendered":"https:\/\/onlinehardwareshop.de\/index.php\/produkt\/bk-connect-3-in-1-multigrill-2\/"},"modified":"2025-05-14T09:20:37","modified_gmt":"2025-05-14T09:20:37","slug":"bk-connect-3-in-1-multigrill","status":"publish","type":"product","link":"https:\/\/onlinehardwareshop.de\/index.php\/produkt\/bk-connect-3-in-1-multigrill\/","title":{"rendered":"BK Connect 3-in-1 Multigrill"},"content":{"rendered":"<p>Mit dem BK Connect 3-in-1 Multigrill bereitest du Sandwichtoasts, Waffeln oder Panini in einem einzigen Ger\u00e4t zu. Das verdankst du den drei unterschiedlichen Backblechen, die im Lieferumfang dieses Kontaktgrills enthalten sind. Dank der PFAS-freien Beschichtung bereitest du das Essen auf eine gesunde Art und Weise zu. Die Platten enthalten also keinerlei Chemikalien und halten l\u00e4nger als solche mit standardm\u00e4\u00dfiger Antihaftbeschichtung. Dank der Temperaturanzeige wei\u00dft du genau, wann die Backplatten aufgeheizt sind. Das L\u00e4mpchen leuchtet rot, sodass du die Zutaten zum richtigen Zeitpunkt auf die Platte legst. Den Stecker verstaust du ordentlich auf der R\u00fcckseite des Grills. Die abnehmbaren Platten stellst du zur Reinigung in die Sp\u00fclmaschine.<\/p>\n","protected":false},"excerpt":{"rendered":"<p>Mit dem BK Connect 3-in-1 Multigrill bereitest du Sandwichtoasts, Waffeln oder Panini in einem einzigen Ger\u00e4t zu. Das verdankst du den drei unterschiedlichen Backblechen, die im Lieferumfang dieses Kontaktgrills enthalten sind. Dank der PFAS-freien Beschichtung bereitest du das Essen auf eine gesunde Art und Weise zu. Die Platten enthalten also keinerlei Chemikalien und halten l\u00e4nger als solche mit standardm\u00e4\u00dfiger Antihaftbeschichtung. Dank der Temperaturanzeige wei\u00dft du genau, wann die Backplatten aufgeheizt sind. Das L\u00e4mpchen leuchtet rot, sodass du die Zutaten zum richtigen Zeitpunkt auf die Platte legst. Den Stecker verstaust du ordentlich auf der R\u00fcckseite des Grills. Die abnehmbaren Platten stellst du zur Reinigung in die Sp\u00fclmaschine.<\/p>\n","protected":false},"featured_media":0,"comment_status":"closed","ping_status":"open","template":"","meta":{"_acf_changed":false},"brand":[397],"product_brand":[],"product_cat":[300],"product_tag":[301],"class_list":{"0":"post-77712","1":"product","2":"type-product","3":"status-publish","5":"brand-bk","6":"product_cat-kontaktgrills","7":"product_tag-contactgrills","8":"pa_condition-new","9":"pa_coolblue-de-verzending-morgen-gratis-geliefert","10":"pa_ean-16148","11":"pa_mpn-cc007935-001","13":"first","14":"instock","15":"product-type-external"},"acf":[],"_links":{"self":[{"href":"https:\/\/onlinehardwareshop.de\/index.php\/wp-json\/wp\/v2\/product\/77712","targetHints":{"allow":["GET"]}}],"collection":[{"href":"https:\/\/onlinehardwareshop.de\/index.php\/wp-json\/wp\/v2\/product"}],"about":[{"href":"https:\/\/onlinehardwareshop.de\/index.php\/wp-json\/wp\/v2\/types\/product"}],"replies":[{"embeddable":true,"href":"https:\/\/onlinehardwareshop.de\/index.php\/wp-json\/wp\/v2\/comments?post=77712"}],"wp:attachment":[{"href":"https:\/\/onlinehardwareshop.de\/index.php\/wp-json\/wp\/v2\/media?parent=77712"}],"wp:term":[{"taxonomy":"brand","embeddable":true,"href":"https:\/\/onlinehardwareshop.de\/index.php\/wp-json\/wp\/v2\/brand?post=77712"},{"taxonomy":"product_brand","embeddable":true,"href":"https:\/\/onlinehardwareshop.de\/index.php\/wp-json\/wp\/v2\/product_brand?post=77712"},{"taxonomy":"product_cat","embeddable":true,"href":"https:\/\/onlinehardwareshop.de\/index.php\/wp-json\/wp\/v2\/product_cat?post=77712"},{"taxonomy":"product_tag","embeddable":true,"href":"https:\/\/onlinehardwareshop.de\/index.php\/wp-json\/wp\/v2\/product_tag?post=77712"}],"curies":[{"name":"wp","href":"https:\/\/api.w.org\/{rel}","templated":true}]}}