{"id":77711,"date":"2024-12-17T05:29:38","date_gmt":"2024-12-17T05:29:38","guid":{"rendered":"https:\/\/onlinehardwareshop.de\/index.php\/produkt\/bk-connect-kontaktgrill-2\/"},"modified":"2025-05-14T09:20:32","modified_gmt":"2025-05-14T09:20:32","slug":"bk-connect-kontaktgrill","status":"publish","type":"product","link":"https:\/\/onlinehardwareshop.de\/index.php\/produkt\/bk-connect-kontaktgrill\/","title":{"rendered":"BK Connect Kontaktgrill"},"content":{"rendered":"<p>Mit dem BK Connect Kontaktgrill kann man auf eine gesunde Art Panini, Fleisch und Gem\u00fcse grillen. Die Backplatten sind n\u00e4mlich PFAS-frei. Das hei\u00dft, die Platten enthalten keinerlei Chemikalien und sind l\u00e4ngerlebig als solche mit standardm\u00e4\u00dfiger Antihaftbeschichtung. M\u00f6chtest du zusammen mit Freunden grillen? Dann klappe den Grill zu einem Tischgrill auf. Die obere Backplatte l\u00e4sst sich auf f\u00fcnf verschiedene H\u00f6hen einstellen. Das ist praktisch, denn dadurch kann man den Grill auch als Backofen verwenden, ohne dass die Backplatte die Zutaten andr\u00fcckt. Die Temperaturanzeige leuchtet rot, wenn die Platten hei\u00df genug sind. Bist du fertig mit dem Essen? Dann kannst du die abnehmbaren Backplatten in die Sp\u00fclmaschine stellen.<\/p>\n","protected":false},"excerpt":{"rendered":"<p>Mit dem BK Connect Kontaktgrill kann man auf eine gesunde Art Panini, Fleisch und Gem\u00fcse grillen. Die Backplatten sind n\u00e4mlich PFAS-frei. Das hei\u00dft, die Platten enthalten keinerlei Chemikalien und sind l\u00e4ngerlebig als solche mit standardm\u00e4\u00dfiger Antihaftbeschichtung. M\u00f6chtest du zusammen mit Freunden grillen? Dann klappe den Grill zu einem Tischgrill auf. Die obere Backplatte l\u00e4sst sich auf f\u00fcnf verschiedene H\u00f6hen einstellen. Das ist praktisch, denn dadurch kann man den Grill auch als Backofen verwenden, ohne dass die Backplatte die Zutaten andr\u00fcckt. Die Temperaturanzeige leuchtet rot, wenn die Platten hei\u00df genug sind. Bist du fertig mit dem Essen? Dann kannst du die abnehmbaren Backplatten in die Sp\u00fclmaschine stellen.<\/p>\n","protected":false},"featured_media":0,"comment_status":"closed","ping_status":"open","template":"","meta":{"_acf_changed":false},"brand":[397],"product_brand":[],"product_cat":[300],"product_tag":[301],"class_list":{"0":"post-77711","1":"product","2":"type-product","3":"status-publish","5":"brand-bk","6":"product_cat-kontaktgrills","7":"product_tag-contactgrills","8":"pa_condition-new","9":"pa_coolblue-de-verzending-morgen-gratis-geliefert","10":"pa_ean-16146","11":"pa_mpn-cc007933-001","13":"first","14":"instock","15":"product-type-external"},"acf":[],"_links":{"self":[{"href":"https:\/\/onlinehardwareshop.de\/index.php\/wp-json\/wp\/v2\/product\/77711","targetHints":{"allow":["GET"]}}],"collection":[{"href":"https:\/\/onlinehardwareshop.de\/index.php\/wp-json\/wp\/v2\/product"}],"about":[{"href":"https:\/\/onlinehardwareshop.de\/index.php\/wp-json\/wp\/v2\/types\/product"}],"replies":[{"embeddable":true,"href":"https:\/\/onlinehardwareshop.de\/index.php\/wp-json\/wp\/v2\/comments?post=77711"}],"wp:attachment":[{"href":"https:\/\/onlinehardwareshop.de\/index.php\/wp-json\/wp\/v2\/media?parent=77711"}],"wp:term":[{"taxonomy":"brand","embeddable":true,"href":"https:\/\/onlinehardwareshop.de\/index.php\/wp-json\/wp\/v2\/brand?post=77711"},{"taxonomy":"product_brand","embeddable":true,"href":"https:\/\/onlinehardwareshop.de\/index.php\/wp-json\/wp\/v2\/product_brand?post=77711"},{"taxonomy":"product_cat","embeddable":true,"href":"https:\/\/onlinehardwareshop.de\/index.php\/wp-json\/wp\/v2\/product_cat?post=77711"},{"taxonomy":"product_tag","embeddable":true,"href":"https:\/\/onlinehardwareshop.de\/index.php\/wp-json\/wp\/v2\/product_tag?post=77711"}],"curies":[{"name":"wp","href":"https:\/\/api.w.org\/{rel}","templated":true}]}}