{"id":77692,"date":"2024-04-19T22:08:14","date_gmt":"2024-04-19T22:08:14","guid":{"rendered":"https:\/\/onlinehardwareshop.de\/index.php\/produkt\/kitchenaid-artisan-bowl-lift-5ksm70shxeer-empire-rot-2\/"},"modified":"2025-05-14T09:18:52","modified_gmt":"2025-05-14T09:18:52","slug":"kitchenaid-artisan-bowl-lift-5ksm70shxeer-empire-rot","status":"publish","type":"product","link":"https:\/\/onlinehardwareshop.de\/index.php\/produkt\/kitchenaid-artisan-bowl-lift-5ksm70shxeer-empire-rot\/","title":{"rendered":"KitchenAid Artisan Bowl-Lift 5KSM70SHXEER Empire Rot"},"content":{"rendered":"<p>Mit der Artisan-Sch\u00fcssel von KitchenAid Artisan Bowl-Lift 5KSM70SHXEER K\u00fcchenmaschine Empire Rot kannst du die H\u00f6he der R\u00fchrsch\u00fcssel ganz einfach anpassen. Der Mixer verf\u00fcgt \u00fcber einen Direktantrieb mit einer kraftvollen Leistung von 375 Watt. Das bedeutet, dass du f\u00fcr die gleiche Leistung wie K\u00fcchenmaschinen anderer Marken nur wenig Strom ben\u00f6tigst. Das ist praktisch, wenn du Brot- oder Pizzateig kneten m\u00f6chtest. Der Anti-Spritz-Deckel verhindert, dass Teigspritzer beim Mischen deine Arbeitsplatte verschmutzen. Mit der K\u00fcchenmaschine bekommst du vier verschiedene Aufs\u00e4tze dazu. Du bedienst den Mixer mit den 11 Geschwindigkeitsstufen. Auf diese Weise steigerst du die Geschwindigkeit langsam. Reinige nach der Verwendung das Zubeh\u00f6r in der Sp\u00fclmaschine.<\/p>\n","protected":false},"excerpt":{"rendered":"<p>Mit der Artisan-Sch\u00fcssel von KitchenAid Artisan Bowl-Lift 5KSM70SHXEER K\u00fcchenmaschine Empire Rot kannst du die H\u00f6he der R\u00fchrsch\u00fcssel ganz einfach anpassen. Der Mixer verf\u00fcgt \u00fcber einen Direktantrieb mit einer kraftvollen Leistung von 375 Watt. Das bedeutet, dass du f\u00fcr die gleiche Leistung wie K\u00fcchenmaschinen anderer Marken nur wenig Strom ben\u00f6tigst. Das ist praktisch, wenn du Brot- oder Pizzateig kneten m\u00f6chtest. Der Anti-Spritz-Deckel verhindert, dass Teigspritzer beim Mischen deine Arbeitsplatte verschmutzen. Mit der K\u00fcchenmaschine bekommst du vier verschiedene Aufs\u00e4tze dazu. Du bedienst den Mixer mit den 11 Geschwindigkeitsstufen. Auf diese Weise steigerst du die Geschwindigkeit langsam. Reinige nach der Verwendung das Zubeh\u00f6r in der Sp\u00fclmaschine.<\/p>\n","protected":false},"featured_media":0,"comment_status":"closed","ping_status":"open","template":"","meta":{"_acf_changed":false},"brand":[709],"product_brand":[],"product_cat":[2306],"product_tag":[2307],"class_list":{"0":"post-77692","1":"product","2":"type-product","3":"status-publish","5":"brand-kitchenaid","6":"product_cat-kchenmaschinen","7":"product_tag-keukenmixers","8":"pa_condition-new","9":"pa_coolblue-de-verzending-morgen-gratis-geliefert","10":"pa_ean-32961","11":"pa_mpn-5ksm70shxeer","13":"first","14":"instock","15":"product-type-external"},"acf":[],"_links":{"self":[{"href":"https:\/\/onlinehardwareshop.de\/index.php\/wp-json\/wp\/v2\/product\/77692","targetHints":{"allow":["GET"]}}],"collection":[{"href":"https:\/\/onlinehardwareshop.de\/index.php\/wp-json\/wp\/v2\/product"}],"about":[{"href":"https:\/\/onlinehardwareshop.de\/index.php\/wp-json\/wp\/v2\/types\/product"}],"replies":[{"embeddable":true,"href":"https:\/\/onlinehardwareshop.de\/index.php\/wp-json\/wp\/v2\/comments?post=77692"}],"wp:attachment":[{"href":"https:\/\/onlinehardwareshop.de\/index.php\/wp-json\/wp\/v2\/media?parent=77692"}],"wp:term":[{"taxonomy":"brand","embeddable":true,"href":"https:\/\/onlinehardwareshop.de\/index.php\/wp-json\/wp\/v2\/brand?post=77692"},{"taxonomy":"product_brand","embeddable":true,"href":"https:\/\/onlinehardwareshop.de\/index.php\/wp-json\/wp\/v2\/product_brand?post=77692"},{"taxonomy":"product_cat","embeddable":true,"href":"https:\/\/onlinehardwareshop.de\/index.php\/wp-json\/wp\/v2\/product_cat?post=77692"},{"taxonomy":"product_tag","embeddable":true,"href":"https:\/\/onlinehardwareshop.de\/index.php\/wp-json\/wp\/v2\/product_tag?post=77692"}],"curies":[{"name":"wp","href":"https:\/\/api.w.org\/{rel}","templated":true}]}}