{"id":77671,"date":"2024-10-01T02:00:52","date_gmt":"2024-10-01T02:00:52","guid":{"rendered":"https:\/\/onlinehardwareshop.de\/index.php\/produkt\/sony-inzone-h5-gaming-headset-wei-ps4-5-und-pc-2\/"},"modified":"2025-05-14T09:17:22","modified_gmt":"2025-05-14T09:17:22","slug":"sony-inzone-h5-gaming-headset-wei-ps4-5-und-pc","status":"publish","type":"product","link":"https:\/\/onlinehardwareshop.de\/index.php\/produkt\/sony-inzone-h5-gaming-headset-wei-ps4-5-und-pc\/","title":{"rendered":"Sony Inzone H5 Gaming-Headset Wei&#xDF; PS4\/5 und PC"},"content":{"rendered":"<p>Mit dem Sony Inzone H5 Gaming-Headset Wei\u00df spielst du kabellos an deiner PlayStation und deinem PC. Dieses Gaming-Headset schlie\u00dft du \u00fcber den USB-A-Dongle an deine PlayStation oder deinen PC an. So entsteht beim Gaming kein Kabelsalat. Mit Surround Sound umgibt dich der Ton des Spiels aus allen Richtungen, sodass du immer genau wei\u00dft, woher deine Gegner kommen. So bist du ihnen immer einen Schritt voraus. Au\u00dferdem kommunizierst du dank der Rauschunterdr\u00fcckung des Mikrofons online ohne Hintergrundger\u00e4usche mit deinen Freunden. Dadurch kommen deine Kommentare immer deutlich an. Die durchschnittliche Akkulaufzeit des Headsets betr\u00e4gt 28 Stunden. Damit erlebst du ausgiebigen Gaming-Spa\u00df, ohne das Headset zwischendurch zu laden. Dieses Gaming-Headset wiegt 260 Gramm. Daher sp\u00fcrst du es beim Tragen kaum und spielst stundenlang ohne Nackenbeschwerden.  Hinweis:Dieses Gaming-Headset wurde f\u00fcr die PlayStation entwickelt, es l\u00e4sst sich aber auch kabellos am PC nutzen.<\/p>\n","protected":false},"excerpt":{"rendered":"<p>Mit dem Sony Inzone H5 Gaming-Headset Wei\u00df spielst du kabellos an deiner PlayStation und deinem PC. Dieses Gaming-Headset schlie\u00dft du \u00fcber den USB-A-Dongle an deine PlayStation oder deinen PC an. So entsteht beim Gaming kein Kabelsalat. Mit Surround Sound umgibt dich der Ton des Spiels aus allen Richtungen, sodass du immer genau wei\u00dft, woher deine Gegner kommen. So bist du ihnen immer einen Schritt voraus. Au\u00dferdem kommunizierst du dank der Rauschunterdr\u00fcckung des Mikrofons online ohne Hintergrundger\u00e4usche mit deinen Freunden. Dadurch kommen deine Kommentare immer deutlich an. Die durchschnittliche Akkulaufzeit des Headsets betr\u00e4gt 28 Stunden. Damit erlebst du ausgiebigen Gaming-Spa\u00df, ohne das Headset zwischendurch zu laden. Dieses Gaming-Headset wiegt 260 Gramm. Daher sp\u00fcrst du es beim Tragen kaum und spielst stundenlang ohne Nackenbeschwerden.  Hinweis:Dieses Gaming-Headset wurde f\u00fcr die PlayStation entwickelt, es l\u00e4sst sich aber auch kabellos am PC nutzen.<\/p>\n","protected":false},"featured_media":0,"comment_status":"closed","ping_status":"open","template":"","meta":{"_acf_changed":false},"brand":[56],"product_brand":[],"product_cat":[3435],"product_tag":[3436],"class_list":{"0":"post-77671","1":"product","2":"type-product","3":"status-publish","5":"brand-sony","6":"product_cat-gaming-headsets","7":"product_tag-gaming-headsets","8":"pa_condition-new","9":"pa_coolblue-de-verzending-morgen-gratis-geliefert","10":"pa_ean-28993","11":"pa_mpn-whg500w-ce7","13":"first","14":"instock","15":"product-type-external"},"acf":[],"_links":{"self":[{"href":"https:\/\/onlinehardwareshop.de\/index.php\/wp-json\/wp\/v2\/product\/77671","targetHints":{"allow":["GET"]}}],"collection":[{"href":"https:\/\/onlinehardwareshop.de\/index.php\/wp-json\/wp\/v2\/product"}],"about":[{"href":"https:\/\/onlinehardwareshop.de\/index.php\/wp-json\/wp\/v2\/types\/product"}],"replies":[{"embeddable":true,"href":"https:\/\/onlinehardwareshop.de\/index.php\/wp-json\/wp\/v2\/comments?post=77671"}],"wp:attachment":[{"href":"https:\/\/onlinehardwareshop.de\/index.php\/wp-json\/wp\/v2\/media?parent=77671"}],"wp:term":[{"taxonomy":"brand","embeddable":true,"href":"https:\/\/onlinehardwareshop.de\/index.php\/wp-json\/wp\/v2\/brand?post=77671"},{"taxonomy":"product_brand","embeddable":true,"href":"https:\/\/onlinehardwareshop.de\/index.php\/wp-json\/wp\/v2\/product_brand?post=77671"},{"taxonomy":"product_cat","embeddable":true,"href":"https:\/\/onlinehardwareshop.de\/index.php\/wp-json\/wp\/v2\/product_cat?post=77671"},{"taxonomy":"product_tag","embeddable":true,"href":"https:\/\/onlinehardwareshop.de\/index.php\/wp-json\/wp\/v2\/product_tag?post=77671"}],"curies":[{"name":"wp","href":"https:\/\/api.w.org\/{rel}","templated":true}]}}