{"id":77584,"date":"2024-05-19T16:06:20","date_gmt":"2024-05-19T16:06:20","guid":{"rendered":"https:\/\/onlinehardwareshop.de\/index.php\/produkt\/bowers-wilkins-px7-s2e-grau-2\/"},"modified":"2025-05-14T09:09:46","modified_gmt":"2025-05-14T09:09:46","slug":"bowers-wilkins-px7-s2e-grau","status":"publish","type":"product","link":"https:\/\/onlinehardwareshop.de\/index.php\/produkt\/bowers-wilkins-px7-s2e-grau\/","title":{"rendered":"Bowers &#038; Wilkins Px7 S2e Grau"},"content":{"rendered":"<p>Mit dem Bowers &#038; Wilkins Px7 S2e Grau konzentrierst du dich voll auf deine Arbeit. Der Kopfh\u00f6rer verf\u00fcgt \u00fcber ein besonders starkes Noise Cancelling. Dadurch blendest du deine Umgebung akustisch aus. Das ist ideal, wenn du dich zum Beispiel in einem belebten B\u00fcro auf die Arbeit konzentrieren m\u00f6chtest. Dank des Tr\u00e4gererkennungssensors verpasst du nichts mehr von deiner Lieblingsmusik. Dieser Sensor erkennt, wenn du den Kopfh\u00f6rer abnimmst, und unterbricht die Musikwiedergabe. Au\u00dferdem wird die Musik weiter abgespielt, wenn du den Kopfh\u00f6rer wieder aufsetzt. In der Bowers &#038; Wilkins Headphones App l\u00e4sst sich die Audiowiedergabe \u00fcber einen Equalizer personalisieren. Der Kopfh\u00f6rer hat eine Akkulaufzeit von 30 Stunden. Sollte der Akku einmal leer sein, l\u00e4dst du ihn innerhalb von 15 Minuten auf und erh\u00e4ltst so eine zus\u00e4tzliche Laufzeit von 7 Stunden.<\/p>\n","protected":false},"excerpt":{"rendered":"<p>Mit dem Bowers &#038; Wilkins Px7 S2e Grau konzentrierst du dich voll auf deine Arbeit. Der Kopfh\u00f6rer verf\u00fcgt \u00fcber ein besonders starkes Noise Cancelling. Dadurch blendest du deine Umgebung akustisch aus. Das ist ideal, wenn du dich zum Beispiel in einem belebten B\u00fcro auf die Arbeit konzentrieren m\u00f6chtest. Dank des Tr\u00e4gererkennungssensors verpasst du nichts mehr von deiner Lieblingsmusik. Dieser Sensor erkennt, wenn du den Kopfh\u00f6rer abnimmst, und unterbricht die Musikwiedergabe. Au\u00dferdem wird die Musik weiter abgespielt, wenn du den Kopfh\u00f6rer wieder aufsetzt. In der Bowers &#038; Wilkins Headphones App l\u00e4sst sich die Audiowiedergabe \u00fcber einen Equalizer personalisieren. Der Kopfh\u00f6rer hat eine Akkulaufzeit von 30 Stunden. Sollte der Akku einmal leer sein, l\u00e4dst du ihn innerhalb von 15 Minuten auf und erh\u00e4ltst so eine zus\u00e4tzliche Laufzeit von 7 Stunden.<\/p>\n","protected":false},"featured_media":0,"comment_status":"closed","ping_status":"open","template":"","meta":{"_acf_changed":false},"brand":[2159],"product_brand":[],"product_cat":[1182],"product_tag":[5609],"class_list":{"0":"post-77584","1":"product","2":"type-product","3":"status-publish","5":"brand-bowers-wilkins","6":"product_cat-kopfhrer","7":"product_tag-hoofdtelefoons-met-noisecancelling","8":"pa_condition-new","9":"pa_coolblue-de-verzending-morgen-gratis-geliefert","10":"pa_ean-15873","11":"pa_mpn-fp44547","13":"first","14":"instock","15":"product-type-external"},"acf":[],"_links":{"self":[{"href":"https:\/\/onlinehardwareshop.de\/index.php\/wp-json\/wp\/v2\/product\/77584","targetHints":{"allow":["GET"]}}],"collection":[{"href":"https:\/\/onlinehardwareshop.de\/index.php\/wp-json\/wp\/v2\/product"}],"about":[{"href":"https:\/\/onlinehardwareshop.de\/index.php\/wp-json\/wp\/v2\/types\/product"}],"replies":[{"embeddable":true,"href":"https:\/\/onlinehardwareshop.de\/index.php\/wp-json\/wp\/v2\/comments?post=77584"}],"wp:attachment":[{"href":"https:\/\/onlinehardwareshop.de\/index.php\/wp-json\/wp\/v2\/media?parent=77584"}],"wp:term":[{"taxonomy":"brand","embeddable":true,"href":"https:\/\/onlinehardwareshop.de\/index.php\/wp-json\/wp\/v2\/brand?post=77584"},{"taxonomy":"product_brand","embeddable":true,"href":"https:\/\/onlinehardwareshop.de\/index.php\/wp-json\/wp\/v2\/product_brand?post=77584"},{"taxonomy":"product_cat","embeddable":true,"href":"https:\/\/onlinehardwareshop.de\/index.php\/wp-json\/wp\/v2\/product_cat?post=77584"},{"taxonomy":"product_tag","embeddable":true,"href":"https:\/\/onlinehardwareshop.de\/index.php\/wp-json\/wp\/v2\/product_tag?post=77584"}],"curies":[{"name":"wp","href":"https:\/\/api.w.org\/{rel}","templated":true}]}}