{"id":77579,"date":"2025-03-29T08:37:34","date_gmt":"2025-03-29T08:37:34","guid":{"rendered":"https:\/\/onlinehardwareshop.de\/index.php\/produkt\/logitech-brio-100-graphit-2\/"},"modified":"2025-05-14T09:09:22","modified_gmt":"2025-05-14T09:09:22","slug":"logitech-brio-100-graphit","status":"publish","type":"product","link":"https:\/\/onlinehardwareshop.de\/index.php\/produkt\/logitech-brio-100-graphit\/","title":{"rendered":"Logitech Brio 100 Graphit"},"content":{"rendered":"<p>Mit der Logitech Brio 100 Graphit Webcam kannst du Videogespr\u00e4che mit Freunden, Familie und Kollegen f\u00fchren. Mit Full-HD-Aufl\u00f6sung bist du f\u00fcr deinen Gespr\u00e4chspartner scharf zu sehen. RightLight erh\u00f6ht die Helligkeit und reduziert Schatten, damit du noch besser aussiehst. So bist du auch in einem hell erleuchteten oder schlecht beleuchteten Raum gut sichtbar. Das Brio 100 verf\u00fcgt \u00fcber eine integrierte Objektivkappe. Ist der Videoanruf vorbei? Dann schiebe die Objektivkappe einfach zur Seite und schlie\u00dfe die Kamera. Auf diese Weise wirst du von niemandem unerw\u00fcnscht beobachtet. Au\u00dferdem verf\u00fcgt die Webcam \u00fcber ein integriertes Mikrofon. Du brauchst also kein separates Mikrofon mehr und kannst nach dem Anschlie\u00dfen der Webcam direkt mit der Arbeit loslegen.<\/p>\n","protected":false},"excerpt":{"rendered":"<p>Mit der Logitech Brio 100 Graphit Webcam kannst du Videogespr\u00e4che mit Freunden, Familie und Kollegen f\u00fchren. Mit Full-HD-Aufl\u00f6sung bist du f\u00fcr deinen Gespr\u00e4chspartner scharf zu sehen. RightLight erh\u00f6ht die Helligkeit und reduziert Schatten, damit du noch besser aussiehst. So bist du auch in einem hell erleuchteten oder schlecht beleuchteten Raum gut sichtbar. Das Brio 100 verf\u00fcgt \u00fcber eine integrierte Objektivkappe. Ist der Videoanruf vorbei? Dann schiebe die Objektivkappe einfach zur Seite und schlie\u00dfe die Kamera. Auf diese Weise wirst du von niemandem unerw\u00fcnscht beobachtet. Au\u00dferdem verf\u00fcgt die Webcam \u00fcber ein integriertes Mikrofon. Du brauchst also kein separates Mikrofon mehr und kannst nach dem Anschlie\u00dfen der Webcam direkt mit der Arbeit loslegen.<\/p>\n","protected":false},"featured_media":0,"comment_status":"closed","ping_status":"open","template":"","meta":{"_acf_changed":false},"brand":[32],"product_brand":[],"product_cat":[999],"product_tag":[1000],"class_list":{"0":"post-77579","1":"product","2":"type-product","3":"status-publish","5":"brand-logitech","6":"product_cat-webcams","7":"product_tag-webcams","8":"pa_condition-new","9":"pa_coolblue-de-verzending-morgen-gratis-geliefert","10":"pa_ean-15863","11":"pa_mpn-960-001585","13":"first","14":"instock","15":"product-type-external"},"acf":[],"_links":{"self":[{"href":"https:\/\/onlinehardwareshop.de\/index.php\/wp-json\/wp\/v2\/product\/77579","targetHints":{"allow":["GET"]}}],"collection":[{"href":"https:\/\/onlinehardwareshop.de\/index.php\/wp-json\/wp\/v2\/product"}],"about":[{"href":"https:\/\/onlinehardwareshop.de\/index.php\/wp-json\/wp\/v2\/types\/product"}],"replies":[{"embeddable":true,"href":"https:\/\/onlinehardwareshop.de\/index.php\/wp-json\/wp\/v2\/comments?post=77579"}],"wp:attachment":[{"href":"https:\/\/onlinehardwareshop.de\/index.php\/wp-json\/wp\/v2\/media?parent=77579"}],"wp:term":[{"taxonomy":"brand","embeddable":true,"href":"https:\/\/onlinehardwareshop.de\/index.php\/wp-json\/wp\/v2\/brand?post=77579"},{"taxonomy":"product_brand","embeddable":true,"href":"https:\/\/onlinehardwareshop.de\/index.php\/wp-json\/wp\/v2\/product_brand?post=77579"},{"taxonomy":"product_cat","embeddable":true,"href":"https:\/\/onlinehardwareshop.de\/index.php\/wp-json\/wp\/v2\/product_cat?post=77579"},{"taxonomy":"product_tag","embeddable":true,"href":"https:\/\/onlinehardwareshop.de\/index.php\/wp-json\/wp\/v2\/product_tag?post=77579"}],"curies":[{"name":"wp","href":"https:\/\/api.w.org\/{rel}","templated":true}]}}