{"id":77559,"date":"2024-04-06T13:58:26","date_gmt":"2024-04-06T13:58:26","guid":{"rendered":"https:\/\/onlinehardwareshop.de\/index.php\/produkt\/marmitek-speaker-anywhere-650-2\/"},"modified":"2025-05-14T09:07:22","modified_gmt":"2025-05-14T09:07:22","slug":"marmitek-speaker-anywhere-650","status":"publish","type":"product","link":"https:\/\/onlinehardwareshop.de\/index.php\/produkt\/marmitek-speaker-anywhere-650\/","title":{"rendered":"Marmitek Speaker Anywhere 650"},"content":{"rendered":"<p>Mit dem Marmitek Speaker Anywhere 650 lassen sich Lautsprecher kabellos mit einem Receiver oder Verst\u00e4rker verbinden. Hierzu schlie\u00dft man den Transmitter am Verst\u00e4rker an und den Marmitek Receiver an den Lautsprechern. Hierdurch bekommen beide Ger\u00e4te ein Element hinzu, das recht unauff\u00e4llig ist. Die Ger\u00e4te bauen eine Funkverbindung zwischen dem Verst\u00e4rker und den Lautsprechern auf. Somit verlaufen keine Kabel vom Verst\u00e4rker quer durch den Raum zu den Lautsprechern. Dank der hohen Aufl\u00f6sung der Verbindung ist das \u00fcbertragene Audio klar und detailliert. Zur Erweiterung des Sets lassen sich zwei weitere Empf\u00e4nger eingliedern, die man in anderen Zimmern unterbringen kann. So erh\u00e4lt man ein Multiroom-System und kann in unterschiedlichen R\u00e4umen gleichzeitig Musik h\u00f6ren.<\/p>\n","protected":false},"excerpt":{"rendered":"<p>Mit dem Marmitek Speaker Anywhere 650 lassen sich Lautsprecher kabellos mit einem Receiver oder Verst\u00e4rker verbinden. Hierzu schlie\u00dft man den Transmitter am Verst\u00e4rker an und den Marmitek Receiver an den Lautsprechern. Hierdurch bekommen beide Ger\u00e4te ein Element hinzu, das recht unauff\u00e4llig ist. Die Ger\u00e4te bauen eine Funkverbindung zwischen dem Verst\u00e4rker und den Lautsprechern auf. Somit verlaufen keine Kabel vom Verst\u00e4rker quer durch den Raum zu den Lautsprechern. Dank der hohen Aufl\u00f6sung der Verbindung ist das \u00fcbertragene Audio klar und detailliert. Zur Erweiterung des Sets lassen sich zwei weitere Empf\u00e4nger eingliedern, die man in anderen Zimmern unterbringen kann. So erh\u00e4lt man ein Multiroom-System und kann in unterschiedlichen R\u00e4umen gleichzeitig Musik h\u00f6ren.<\/p>\n","protected":false},"featured_media":0,"comment_status":"closed","ping_status":"open","template":"","meta":{"_acf_changed":false},"brand":[691],"product_brand":[],"product_cat":[692],"product_tag":[693],"class_list":{"0":"post-77559","1":"product","2":"type-product","3":"status-publish","5":"brand-marmitek","6":"product_cat-extender","7":"product_tag-extenders","8":"pa_condition-new","9":"pa_coolblue-de-verzending-morgen-gratis-geliefert","10":"pa_ean-15813","11":"pa_mpn-15814","13":"first","14":"instock","15":"product-type-external"},"acf":[],"_links":{"self":[{"href":"https:\/\/onlinehardwareshop.de\/index.php\/wp-json\/wp\/v2\/product\/77559","targetHints":{"allow":["GET"]}}],"collection":[{"href":"https:\/\/onlinehardwareshop.de\/index.php\/wp-json\/wp\/v2\/product"}],"about":[{"href":"https:\/\/onlinehardwareshop.de\/index.php\/wp-json\/wp\/v2\/types\/product"}],"replies":[{"embeddable":true,"href":"https:\/\/onlinehardwareshop.de\/index.php\/wp-json\/wp\/v2\/comments?post=77559"}],"wp:attachment":[{"href":"https:\/\/onlinehardwareshop.de\/index.php\/wp-json\/wp\/v2\/media?parent=77559"}],"wp:term":[{"taxonomy":"brand","embeddable":true,"href":"https:\/\/onlinehardwareshop.de\/index.php\/wp-json\/wp\/v2\/brand?post=77559"},{"taxonomy":"product_brand","embeddable":true,"href":"https:\/\/onlinehardwareshop.de\/index.php\/wp-json\/wp\/v2\/product_brand?post=77559"},{"taxonomy":"product_cat","embeddable":true,"href":"https:\/\/onlinehardwareshop.de\/index.php\/wp-json\/wp\/v2\/product_cat?post=77559"},{"taxonomy":"product_tag","embeddable":true,"href":"https:\/\/onlinehardwareshop.de\/index.php\/wp-json\/wp\/v2\/product_tag?post=77559"}],"curies":[{"name":"wp","href":"https:\/\/api.w.org\/{rel}","templated":true}]}}