{"id":77558,"date":"2024-08-07T09:15:31","date_gmt":"2024-08-07T09:15:31","guid":{"rendered":"https:\/\/onlinehardwareshop.de\/index.php\/produkt\/bose-wireless-mic-line-transmitter-wt-xlr-2\/"},"modified":"2025-05-14T09:07:17","modified_gmt":"2025-05-14T09:07:17","slug":"bose-wireless-mic-line-transmitter-wt-xlr","status":"publish","type":"product","link":"https:\/\/onlinehardwareshop.de\/index.php\/produkt\/bose-wireless-mic-line-transmitter-wt-xlr\/","title":{"rendered":"Bose Wireless Mic\/Line Transmitter &#8211; (WT-XLR)"},"content":{"rendered":"<p>Gib mit dem Bose Wireless Mic\/Line Transmitter &#8211; (WT-XLR) dein Gesangstalent zum Besten. Der Sender verbindet sich per Bluetooth mit dem Bose S1 Pro Plus Lautsprecher. Daraufhin kann man den Sender im Mikrofon einstecken und schon beginnt dein Konzert. Der S1 Pro Plus Lautsprecher l\u00e4sst sich in bis zu 10 Metern Entfernung zu dir aufstellen. So hast du viel Bewegungsfreiheit w\u00e4hrend deiner Performance. Der Sender erm\u00f6glicht dir mit 4 Stunden Akkulaufzeit, ein ausgedehntes Abendprogramm zu f\u00fcllen.<\/p>\n","protected":false},"excerpt":{"rendered":"<p>Gib mit dem Bose Wireless Mic\/Line Transmitter &#8211; (WT-XLR) dein Gesangstalent zum Besten. Der Sender verbindet sich per Bluetooth mit dem Bose S1 Pro Plus Lautsprecher. Daraufhin kann man den Sender im Mikrofon einstecken und schon beginnt dein Konzert. Der S1 Pro Plus Lautsprecher l\u00e4sst sich in bis zu 10 Metern Entfernung zu dir aufstellen. So hast du viel Bewegungsfreiheit w\u00e4hrend deiner Performance. Der Sender erm\u00f6glicht dir mit 4 Stunden Akkulaufzeit, ein ausgedehntes Abendprogramm zu f\u00fcllen.<\/p>\n","protected":false},"featured_media":0,"comment_status":"closed","ping_status":"open","template":"","meta":{"_acf_changed":false},"brand":[3092],"product_brand":[],"product_cat":[1250],"product_tag":[1251],"class_list":{"0":"post-77558","1":"product","2":"type-product","3":"status-publish","5":"brand-bose","6":"product_cat-audio-streamer","7":"product_tag-audiostreamers-receivers","8":"pa_condition-new","9":"pa_coolblue-de-verzending-morgen-gratis-geliefert","10":"pa_ean-15811","11":"pa_mpn-869721-0010","13":"first","14":"instock","15":"product-type-external"},"acf":[],"_links":{"self":[{"href":"https:\/\/onlinehardwareshop.de\/index.php\/wp-json\/wp\/v2\/product\/77558","targetHints":{"allow":["GET"]}}],"collection":[{"href":"https:\/\/onlinehardwareshop.de\/index.php\/wp-json\/wp\/v2\/product"}],"about":[{"href":"https:\/\/onlinehardwareshop.de\/index.php\/wp-json\/wp\/v2\/types\/product"}],"replies":[{"embeddable":true,"href":"https:\/\/onlinehardwareshop.de\/index.php\/wp-json\/wp\/v2\/comments?post=77558"}],"wp:attachment":[{"href":"https:\/\/onlinehardwareshop.de\/index.php\/wp-json\/wp\/v2\/media?parent=77558"}],"wp:term":[{"taxonomy":"brand","embeddable":true,"href":"https:\/\/onlinehardwareshop.de\/index.php\/wp-json\/wp\/v2\/brand?post=77558"},{"taxonomy":"product_brand","embeddable":true,"href":"https:\/\/onlinehardwareshop.de\/index.php\/wp-json\/wp\/v2\/product_brand?post=77558"},{"taxonomy":"product_cat","embeddable":true,"href":"https:\/\/onlinehardwareshop.de\/index.php\/wp-json\/wp\/v2\/product_cat?post=77558"},{"taxonomy":"product_tag","embeddable":true,"href":"https:\/\/onlinehardwareshop.de\/index.php\/wp-json\/wp\/v2\/product_tag?post=77558"}],"curies":[{"name":"wp","href":"https:\/\/api.w.org\/{rel}","templated":true}]}}