{"id":77549,"date":"2024-04-13T13:51:22","date_gmt":"2024-04-13T13:51:22","guid":{"rendered":"https:\/\/onlinehardwareshop.de\/index.php\/produkt\/apple-watch-se-11\/"},"modified":"2025-05-14T09:06:33","modified_gmt":"2025-05-14T09:06:33","slug":"apple-watch-se-2","status":"publish","type":"product","link":"https:\/\/onlinehardwareshop.de\/index.php\/produkt\/apple-watch-se-2\/","title":{"rendered":"Apple Watch SE"},"content":{"rendered":"<p>Arbeite an deiner Gesundheit und bleibe immer auf dem neuesten Stand deiner Benachrichtigungen mit der Apple Watch SE (2022) 40\u00a0mm Polarstern Aluminium Sportarmband S\/M. Dank des neuen Chips reagiert deine Apple Watch SE Polarstern schnell und ohne Verz\u00f6gerungen. Bleibe immer auf dem Laufenden \u00fcber all deine Benachrichtigungen und nimm Telefongespr\u00e4che \u00fcber deine Watch entgegen. Au\u00dferdem wird dein Schlaf gemessen und du verfolgst deine Trainingsergebnisse. Auch beim Schwimmen tr\u00e4gst du deine Uhr, da die Apple Watch SE 2022 wasserdicht ist. Dein iPhone brauchst du dank des integrierten GPS-Sensors beim Joggen nicht, um deine zur\u00fcckgelegten Kilometer festzuhalten. Der neue Bewegungssensor erkennt auch einen Autounfall. In dem Fall sendet deine Uhr automatisch einen Notruf und kontaktiert deine Notfallkontakte.  Hinweis: Du bekommst kein Ladeger\u00e4t mitgeliefert. M\u00f6chtest du die Uhr \u00fcber eine Steckdose aufladen? Verwende dann das Ladeger\u00e4t deines Smartphones oder bestelle ein separates Ladeger\u00e4t dazu.  Diese Armbanduhr ist f\u00fcr einen Handgelenkumfang von 13 bis 15\u00a0cm geeignet. Hinweis: Um die Apple Watch zu verwenden, ben\u00f6tigst du ein iPhone\u00a0Xs oder neuer mit iOS 17 oder neuer.<\/p>\n","protected":false},"excerpt":{"rendered":"<p>Arbeite an deiner Gesundheit und bleibe immer auf dem neuesten Stand deiner Benachrichtigungen mit der Apple Watch SE (2022) 40\u00a0mm Polarstern Aluminium Sportarmband S\/M. Dank des neuen Chips reagiert deine Apple Watch SE Polarstern schnell und ohne Verz\u00f6gerungen. Bleibe immer auf dem Laufenden \u00fcber all deine Benachrichtigungen und nimm Telefongespr\u00e4che \u00fcber deine Watch entgegen. Au\u00dferdem wird dein Schlaf gemessen und du verfolgst deine Trainingsergebnisse. Auch beim Schwimmen tr\u00e4gst du deine Uhr, da die Apple Watch SE 2022 wasserdicht ist. Dein iPhone brauchst du dank des integrierten GPS-Sensors beim Joggen nicht, um deine zur\u00fcckgelegten Kilometer festzuhalten. Der neue Bewegungssensor erkennt auch einen Autounfall. In dem Fall sendet deine Uhr automatisch einen Notruf und kontaktiert deine Notfallkontakte.  Hinweis: Du bekommst kein Ladeger\u00e4t mitgeliefert. M\u00f6chtest du die Uhr \u00fcber eine Steckdose aufladen? Verwende dann das Ladeger\u00e4t deines Smartphones oder bestelle ein separates Ladeger\u00e4t dazu.  Diese Armbanduhr ist f\u00fcr einen Handgelenkumfang von 13 bis 15\u00a0cm geeignet. Hinweis: Um die Apple Watch zu verwenden, ben\u00f6tigst du ein iPhone\u00a0Xs oder neuer mit iOS 17 oder neuer.<\/p>\n","protected":false},"featured_media":0,"comment_status":"closed","ping_status":"open","template":"","meta":{"_acf_changed":false},"brand":[148],"product_brand":[],"product_cat":[6848],"product_tag":[15198],"class_list":{"0":"post-77549","1":"product","2":"type-product","3":"status-publish","5":"brand-apple","6":"product_cat-smartwatches","7":"product_tag-apple-watches","8":"pa_condition-new","9":"pa_coolblue-de-verzending-morgen-gratis-geliefert","10":"pa_ean-15787","11":"pa_mpn-mr9u3qf-a","13":"first","14":"instock","15":"product-type-external"},"acf":[],"_links":{"self":[{"href":"https:\/\/onlinehardwareshop.de\/index.php\/wp-json\/wp\/v2\/product\/77549","targetHints":{"allow":["GET"]}}],"collection":[{"href":"https:\/\/onlinehardwareshop.de\/index.php\/wp-json\/wp\/v2\/product"}],"about":[{"href":"https:\/\/onlinehardwareshop.de\/index.php\/wp-json\/wp\/v2\/types\/product"}],"replies":[{"embeddable":true,"href":"https:\/\/onlinehardwareshop.de\/index.php\/wp-json\/wp\/v2\/comments?post=77549"}],"wp:attachment":[{"href":"https:\/\/onlinehardwareshop.de\/index.php\/wp-json\/wp\/v2\/media?parent=77549"}],"wp:term":[{"taxonomy":"brand","embeddable":true,"href":"https:\/\/onlinehardwareshop.de\/index.php\/wp-json\/wp\/v2\/brand?post=77549"},{"taxonomy":"product_brand","embeddable":true,"href":"https:\/\/onlinehardwareshop.de\/index.php\/wp-json\/wp\/v2\/product_brand?post=77549"},{"taxonomy":"product_cat","embeddable":true,"href":"https:\/\/onlinehardwareshop.de\/index.php\/wp-json\/wp\/v2\/product_cat?post=77549"},{"taxonomy":"product_tag","embeddable":true,"href":"https:\/\/onlinehardwareshop.de\/index.php\/wp-json\/wp\/v2\/product_tag?post=77549"}],"curies":[{"name":"wp","href":"https:\/\/api.w.org\/{rel}","templated":true}]}}