{"id":77534,"date":"2024-01-05T16:48:56","date_gmt":"2024-01-05T16:48:56","guid":{"rendered":"https:\/\/onlinehardwareshop.de\/index.php\/produkt\/trust-gxt-924w-ybar-pro-gaming-maus-wei-2\/"},"modified":"2025-05-14T09:05:22","modified_gmt":"2025-05-14T09:05:22","slug":"trust-gxt-924w-ybar-pro-gaming-maus-wei","status":"publish","type":"product","link":"https:\/\/onlinehardwareshop.de\/index.php\/produkt\/trust-gxt-924w-ybar-pro-gaming-maus-wei\/","title":{"rendered":"Trust GXT 924W Ybar+ Pro Gaming-Maus Wei&#xDF;"},"content":{"rendered":"<p>Spiele mit einer hohen Mausempfindlichkeit mit der Trust GXT 924 Ybar+ Pro Gaming-Maus. Diese kabelgebundene Gaming-Maus von Trust hat bis zu 25.600\u00a0dpi, weshalb du f\u00fcr jede Art von Spiel die richtige dpi-Anzahl zur Verf\u00fcgung hast. So kannst du beim Snipen in Warzone pr\u00e4zise oder bei einer Runde Leagie of Legends schnell reagieren. Die beiden zus\u00e4tzlichen Daumentasten kannst du selbst einstellen, weshalb du schneller als dein Gegner reagierst, wenn du deine Waffe wechselst oder eine Spezialattacke ausf\u00fchrst. Die GXT 924 Ybar+ Pro hat RGB-Beleuchtung mit 16,8 Millionen Farben, die du mit der Software von Trust komplett personalisieren kannst.<\/p>\n","protected":false},"excerpt":{"rendered":"<p>Spiele mit einer hohen Mausempfindlichkeit mit der Trust GXT 924 Ybar+ Pro Gaming-Maus. Diese kabelgebundene Gaming-Maus von Trust hat bis zu 25.600\u00a0dpi, weshalb du f\u00fcr jede Art von Spiel die richtige dpi-Anzahl zur Verf\u00fcgung hast. So kannst du beim Snipen in Warzone pr\u00e4zise oder bei einer Runde Leagie of Legends schnell reagieren. Die beiden zus\u00e4tzlichen Daumentasten kannst du selbst einstellen, weshalb du schneller als dein Gegner reagierst, wenn du deine Waffe wechselst oder eine Spezialattacke ausf\u00fchrst. Die GXT 924 Ybar+ Pro hat RGB-Beleuchtung mit 16,8 Millionen Farben, die du mit der Software von Trust komplett personalisieren kannst.<\/p>\n","protected":false},"featured_media":0,"comment_status":"closed","ping_status":"open","template":"","meta":{"_acf_changed":false},"brand":[596],"product_brand":[],"product_cat":[33],"product_tag":[3752],"class_list":{"0":"post-77534","1":"product","2":"type-product","3":"status-publish","5":"brand-trust","6":"product_cat-muse","7":"product_tag-gaming-muizen","8":"pa_condition-new","9":"pa_coolblue-de-verzending-morgen-gratis-geliefert","10":"pa_ean-15757","11":"pa_mpn-15758","13":"first","14":"instock","15":"product-type-external"},"acf":[],"_links":{"self":[{"href":"https:\/\/onlinehardwareshop.de\/index.php\/wp-json\/wp\/v2\/product\/77534","targetHints":{"allow":["GET"]}}],"collection":[{"href":"https:\/\/onlinehardwareshop.de\/index.php\/wp-json\/wp\/v2\/product"}],"about":[{"href":"https:\/\/onlinehardwareshop.de\/index.php\/wp-json\/wp\/v2\/types\/product"}],"replies":[{"embeddable":true,"href":"https:\/\/onlinehardwareshop.de\/index.php\/wp-json\/wp\/v2\/comments?post=77534"}],"wp:attachment":[{"href":"https:\/\/onlinehardwareshop.de\/index.php\/wp-json\/wp\/v2\/media?parent=77534"}],"wp:term":[{"taxonomy":"brand","embeddable":true,"href":"https:\/\/onlinehardwareshop.de\/index.php\/wp-json\/wp\/v2\/brand?post=77534"},{"taxonomy":"product_brand","embeddable":true,"href":"https:\/\/onlinehardwareshop.de\/index.php\/wp-json\/wp\/v2\/product_brand?post=77534"},{"taxonomy":"product_cat","embeddable":true,"href":"https:\/\/onlinehardwareshop.de\/index.php\/wp-json\/wp\/v2\/product_cat?post=77534"},{"taxonomy":"product_tag","embeddable":true,"href":"https:\/\/onlinehardwareshop.de\/index.php\/wp-json\/wp\/v2\/product_tag?post=77534"}],"curies":[{"name":"wp","href":"https:\/\/api.w.org\/{rel}","templated":true}]}}