{"id":77517,"date":"2024-04-08T17:46:31","date_gmt":"2024-04-08T17:46:31","guid":{"rendered":"https:\/\/onlinehardwareshop.de\/index.php\/produkt\/playseat-challenge-x-logitech-g-edition-2\/"},"modified":"2025-05-14T09:03:52","modified_gmt":"2025-05-14T09:03:52","slug":"playseat-challenge-x-logitech-g-edition","status":"publish","type":"product","link":"https:\/\/onlinehardwareshop.de\/index.php\/produkt\/playseat-challenge-x-logitech-g-edition\/","title":{"rendered":"Playseat Challenge X &#8211; Logitech G Edition"},"content":{"rendered":"<p>Mit dem Playseat Challenge\u00a0X &#8211; Logitech\u00a0G Edition spielst du deine liebsten Sim-Racing-Spiele aus einem richtigen Rennsitz heraus. Dieser Gaming-Stuhl ist ein Upgrade zum Pleaseat Challenge und bietet dir mehr Komfort, eine einfachere Aufbewahrung sowie mehr Robustheit. F\u00fcr eine realistischere K\u00f6rperhaltung im Rennen lassen sich die Pedalen pr\u00e4ziser einstellen. Da der Playseat Challenge\u00a0X an den Seiten keine Gurte hat, kommt er dir zudem breiter vor. Auch die Stuhlbeine sind breiter aufgestellt, was f\u00fcr mehr Stabilit\u00e4t w\u00e4hrend des Rennens sorgt. Der Stuhl l\u00e4sst sich vollst\u00e4ndig zusammenklappen. Dadurch l\u00e4sst er sich leicht verstauen, ohne dabei viel Platz einzunehmen. Das Lenkrad und die Pedale l\u00e4sst du einfach am Stuhl befestigt. Verstelle auch die H\u00f6he und den Winkel des Lenkrads und mache es dir dadurch beim Racing immer sch\u00f6n bequem. Die Pedale lassen sich ebenfalls in der H\u00f6he und im Winkel verstellen, sodass du immer gut ans Gaspedal herankommst. Der Stuhl eignet sich f\u00fcr Gamer mit einer maximalen K\u00f6rpergr\u00f6\u00dfe von 220 Zentimetern und einem maximalen K\u00f6rpergewicht von 120 Kilogramm. Das neu verarbeitete ActiFit Material ist langlebig und atmungsaktiv. Dadurch bietet es dir w\u00e4hrend eines langen und spannenden Rennens mehr Komfort.<\/p>\n","protected":false},"excerpt":{"rendered":"<p>Mit dem Playseat Challenge\u00a0X &#8211; Logitech\u00a0G Edition spielst du deine liebsten Sim-Racing-Spiele aus einem richtigen Rennsitz heraus. Dieser Gaming-Stuhl ist ein Upgrade zum Pleaseat Challenge und bietet dir mehr Komfort, eine einfachere Aufbewahrung sowie mehr Robustheit. F\u00fcr eine realistischere K\u00f6rperhaltung im Rennen lassen sich die Pedalen pr\u00e4ziser einstellen. Da der Playseat Challenge\u00a0X an den Seiten keine Gurte hat, kommt er dir zudem breiter vor. Auch die Stuhlbeine sind breiter aufgestellt, was f\u00fcr mehr Stabilit\u00e4t w\u00e4hrend des Rennens sorgt. Der Stuhl l\u00e4sst sich vollst\u00e4ndig zusammenklappen. Dadurch l\u00e4sst er sich leicht verstauen, ohne dabei viel Platz einzunehmen. Das Lenkrad und die Pedale l\u00e4sst du einfach am Stuhl befestigt. Verstelle auch die H\u00f6he und den Winkel des Lenkrads und mache es dir dadurch beim Racing immer sch\u00f6n bequem. Die Pedale lassen sich ebenfalls in der H\u00f6he und im Winkel verstellen, sodass du immer gut ans Gaspedal herankommst. Der Stuhl eignet sich f\u00fcr Gamer mit einer maximalen K\u00f6rpergr\u00f6\u00dfe von 220 Zentimetern und einem maximalen K\u00f6rpergewicht von 120 Kilogramm. Das neu verarbeitete ActiFit Material ist langlebig und atmungsaktiv. Dadurch bietet es dir w\u00e4hrend eines langen und spannenden Rennens mehr Komfort.<\/p>\n","protected":false},"featured_media":0,"comment_status":"closed","ping_status":"open","template":"","meta":{"_acf_changed":false},"brand":[362],"product_brand":[],"product_cat":[363],"product_tag":[364],"class_list":{"0":"post-77517","1":"product","2":"type-product","3":"status-publish","5":"brand-playseat","6":"product_cat-gaming-sthle","7":"product_tag-race-stoelen","8":"pa_condition-new","9":"pa_coolblue-de-verzending-morgen-gratis-geliefert","10":"pa_ean-15724","11":"pa_mpn-g-00248","13":"first","14":"instock","15":"product-type-external"},"acf":[],"_links":{"self":[{"href":"https:\/\/onlinehardwareshop.de\/index.php\/wp-json\/wp\/v2\/product\/77517","targetHints":{"allow":["GET"]}}],"collection":[{"href":"https:\/\/onlinehardwareshop.de\/index.php\/wp-json\/wp\/v2\/product"}],"about":[{"href":"https:\/\/onlinehardwareshop.de\/index.php\/wp-json\/wp\/v2\/types\/product"}],"replies":[{"embeddable":true,"href":"https:\/\/onlinehardwareshop.de\/index.php\/wp-json\/wp\/v2\/comments?post=77517"}],"wp:attachment":[{"href":"https:\/\/onlinehardwareshop.de\/index.php\/wp-json\/wp\/v2\/media?parent=77517"}],"wp:term":[{"taxonomy":"brand","embeddable":true,"href":"https:\/\/onlinehardwareshop.de\/index.php\/wp-json\/wp\/v2\/brand?post=77517"},{"taxonomy":"product_brand","embeddable":true,"href":"https:\/\/onlinehardwareshop.de\/index.php\/wp-json\/wp\/v2\/product_brand?post=77517"},{"taxonomy":"product_cat","embeddable":true,"href":"https:\/\/onlinehardwareshop.de\/index.php\/wp-json\/wp\/v2\/product_cat?post=77517"},{"taxonomy":"product_tag","embeddable":true,"href":"https:\/\/onlinehardwareshop.de\/index.php\/wp-json\/wp\/v2\/product_tag?post=77517"}],"curies":[{"name":"wp","href":"https:\/\/api.w.org\/{rel}","templated":true}]}}