{"id":77496,"date":"2025-05-14T05:20:36","date_gmt":"2025-05-14T05:20:36","guid":{"rendered":"https:\/\/onlinehardwareshop.de\/index.php\/produkt\/airpods-pro-2-gen-usb-c-2\/"},"modified":"2025-05-14T09:02:01","modified_gmt":"2025-05-14T09:02:01","slug":"airpods-pro-2-gen-usb-c","status":"publish","type":"product","link":"https:\/\/onlinehardwareshop.de\/index.php\/produkt\/airpods-pro-2-gen-usb-c\/","title":{"rendered":"AirPods Pro (2.Gen) (USB-C)"},"content":{"rendered":"<p>Mit den Apple AirPods Pro\u00a02 konzentrierst du dich voll und ganz auf deine Musik. Diese In-Ear-Kopfh\u00f6rer verf\u00fcgen \u00fcber Noise Cancelling, was Umgebungsger\u00e4usche und Rauschen unterdr\u00fcckt. So wirst du weniger von deiner Umgebung gest\u00f6rt, egal, wo du dich befindest. Das ist praktisch in den \u00f6ffentlichen Verkehrsmitteln und im B\u00fcro. Der neue H2 Chip sorgt f\u00fcr eine h\u00f6here Tonqualit\u00e4t, besseres Noise Cancelling und eine stabilere Verbindung als der H1 Chip. Das Ladecase wird mit einem USB-C-Kabel aufgeladen. Da alle Smartphones diesen Eingang haben, brauchst du kein neues Ladekabel. Dank der Akkulaufzeit von sechs Stunden lauschst du lange deiner Lieblingsmusik. Mit der Tasten- und Touchbedienung lassen sich Musik und Lautst\u00e4rke einstellen, ohne dass du dein Handy aus der Tasche holen musst. Du l\u00e4dst die AirPods kabellos auf. So hast du weniger Probleme mit herumliegenden Kabeln.  Hinweis: Apple liefert nur ein Ladekabel mit, kein Ladeger\u00e4t. Verwende daher dein aktuelles Zubeh\u00f6r oder kaufe es dir separat dazu.<\/p>\n","protected":false},"excerpt":{"rendered":"<p>Mit den Apple AirPods Pro\u00a02 konzentrierst du dich voll und ganz auf deine Musik. Diese In-Ear-Kopfh\u00f6rer verf\u00fcgen \u00fcber Noise Cancelling, was Umgebungsger\u00e4usche und Rauschen unterdr\u00fcckt. So wirst du weniger von deiner Umgebung gest\u00f6rt, egal, wo du dich befindest. Das ist praktisch in den \u00f6ffentlichen Verkehrsmitteln und im B\u00fcro. Der neue H2 Chip sorgt f\u00fcr eine h\u00f6here Tonqualit\u00e4t, besseres Noise Cancelling und eine stabilere Verbindung als der H1 Chip. Das Ladecase wird mit einem USB-C-Kabel aufgeladen. Da alle Smartphones diesen Eingang haben, brauchst du kein neues Ladekabel. Dank der Akkulaufzeit von sechs Stunden lauschst du lange deiner Lieblingsmusik. Mit der Tasten- und Touchbedienung lassen sich Musik und Lautst\u00e4rke einstellen, ohne dass du dein Handy aus der Tasche holen musst. Du l\u00e4dst die AirPods kabellos auf. So hast du weniger Probleme mit herumliegenden Kabeln.  Hinweis: Apple liefert nur ein Ladekabel mit, kein Ladeger\u00e4t. Verwende daher dein aktuelles Zubeh\u00f6r oder kaufe es dir separat dazu.<\/p>\n","protected":false},"featured_media":0,"comment_status":"closed","ping_status":"open","template":"","meta":{"_acf_changed":false},"brand":[148],"product_brand":[],"product_cat":[563],"product_tag":[564],"class_list":{"0":"post-77496","1":"product","2":"type-product","3":"status-publish","5":"brand-apple","6":"product_cat-in-ear-kopfhrer","7":"product_tag-apple-oordopjes","8":"pa_condition-new","9":"pa_coolblue-de-verzending-morgen-gratis-geliefert","10":"pa_ean-15665","11":"pa_mpn-mtjv3zm-a","13":"first","14":"instock","15":"product-type-external"},"acf":[],"_links":{"self":[{"href":"https:\/\/onlinehardwareshop.de\/index.php\/wp-json\/wp\/v2\/product\/77496","targetHints":{"allow":["GET"]}}],"collection":[{"href":"https:\/\/onlinehardwareshop.de\/index.php\/wp-json\/wp\/v2\/product"}],"about":[{"href":"https:\/\/onlinehardwareshop.de\/index.php\/wp-json\/wp\/v2\/types\/product"}],"replies":[{"embeddable":true,"href":"https:\/\/onlinehardwareshop.de\/index.php\/wp-json\/wp\/v2\/comments?post=77496"}],"wp:attachment":[{"href":"https:\/\/onlinehardwareshop.de\/index.php\/wp-json\/wp\/v2\/media?parent=77496"}],"wp:term":[{"taxonomy":"brand","embeddable":true,"href":"https:\/\/onlinehardwareshop.de\/index.php\/wp-json\/wp\/v2\/brand?post=77496"},{"taxonomy":"product_brand","embeddable":true,"href":"https:\/\/onlinehardwareshop.de\/index.php\/wp-json\/wp\/v2\/product_brand?post=77496"},{"taxonomy":"product_cat","embeddable":true,"href":"https:\/\/onlinehardwareshop.de\/index.php\/wp-json\/wp\/v2\/product_cat?post=77496"},{"taxonomy":"product_tag","embeddable":true,"href":"https:\/\/onlinehardwareshop.de\/index.php\/wp-json\/wp\/v2\/product_tag?post=77496"}],"curies":[{"name":"wp","href":"https:\/\/api.w.org\/{rel}","templated":true}]}}