{"id":77474,"date":"2025-04-06T22:50:36","date_gmt":"2025-04-06T22:50:36","guid":{"rendered":"https:\/\/onlinehardwareshop.de\/index.php\/produkt\/the-next-beat-by-tisto-2\/"},"modified":"2025-05-14T08:59:46","modified_gmt":"2025-05-14T08:59:46","slug":"the-next-beat-by-tisto","status":"publish","type":"product","link":"https:\/\/onlinehardwareshop.de\/index.php\/produkt\/the-next-beat-by-tisto\/","title":{"rendered":"The Next Beat by Ti&#xEB;sto"},"content":{"rendered":"<p>Starte mit dem The Next Beat by Ti\u00ebsto deine DJ-Karriere. Dank der kostenlosen Online-Masterclass vom DJ Ti\u00ebsto lernst du die Kniffe der Materie. Der Controller l\u00e4sst sich am Computer, Laptop oder Handy anschlie\u00dfen und schon kann es losgehen mit dem Auflegen. Mit dem Controller kann man mixen und Loops machen sowie Effekte nutzen. Du erh\u00e4ltst ein kostenloses Probeabo von Beatport und Beatsource geschenkt, welches 30 Tage g\u00fcltig ist. Hier findet sich ein Riesenangebot an Dancemusik, die du verwenden kannst. Wenn du deine eigenen Lieblingslieder vom Handy mit einbeziehen m\u00f6chtest, kannst du den DJ-Controller \u00fcber Bluetooth mit diesem verbinden.<\/p>\n","protected":false},"excerpt":{"rendered":"<p>Starte mit dem The Next Beat by Ti\u00ebsto deine DJ-Karriere. Dank der kostenlosen Online-Masterclass vom DJ Ti\u00ebsto lernst du die Kniffe der Materie. Der Controller l\u00e4sst sich am Computer, Laptop oder Handy anschlie\u00dfen und schon kann es losgehen mit dem Auflegen. Mit dem Controller kann man mixen und Loops machen sowie Effekte nutzen. Du erh\u00e4ltst ein kostenloses Probeabo von Beatport und Beatsource geschenkt, welches 30 Tage g\u00fcltig ist. Hier findet sich ein Riesenangebot an Dancemusik, die du verwenden kannst. Wenn du deine eigenen Lieblingslieder vom Handy mit einbeziehen m\u00f6chtest, kannst du den DJ-Controller \u00fcber Bluetooth mit diesem verbinden.<\/p>\n","protected":false},"featured_media":0,"comment_status":"closed","ping_status":"open","template":"","meta":{"_acf_changed":false},"brand":[32541],"product_brand":[],"product_cat":[4528],"product_tag":[4529],"class_list":{"0":"post-77474","1":"product","2":"type-product","3":"status-publish","5":"brand-eldohm","6":"product_cat-dj-controller","7":"product_tag-dj-controllers","8":"pa_condition-new","9":"pa_coolblue-de-verzending-morgen-gratis-geliefert","10":"pa_ean-32540","11":"pa_mpn-22400","13":"first","14":"instock","15":"product-type-external"},"acf":[],"_links":{"self":[{"href":"https:\/\/onlinehardwareshop.de\/index.php\/wp-json\/wp\/v2\/product\/77474","targetHints":{"allow":["GET"]}}],"collection":[{"href":"https:\/\/onlinehardwareshop.de\/index.php\/wp-json\/wp\/v2\/product"}],"about":[{"href":"https:\/\/onlinehardwareshop.de\/index.php\/wp-json\/wp\/v2\/types\/product"}],"replies":[{"embeddable":true,"href":"https:\/\/onlinehardwareshop.de\/index.php\/wp-json\/wp\/v2\/comments?post=77474"}],"wp:attachment":[{"href":"https:\/\/onlinehardwareshop.de\/index.php\/wp-json\/wp\/v2\/media?parent=77474"}],"wp:term":[{"taxonomy":"brand","embeddable":true,"href":"https:\/\/onlinehardwareshop.de\/index.php\/wp-json\/wp\/v2\/brand?post=77474"},{"taxonomy":"product_brand","embeddable":true,"href":"https:\/\/onlinehardwareshop.de\/index.php\/wp-json\/wp\/v2\/product_brand?post=77474"},{"taxonomy":"product_cat","embeddable":true,"href":"https:\/\/onlinehardwareshop.de\/index.php\/wp-json\/wp\/v2\/product_cat?post=77474"},{"taxonomy":"product_tag","embeddable":true,"href":"https:\/\/onlinehardwareshop.de\/index.php\/wp-json\/wp\/v2\/product_tag?post=77474"}],"curies":[{"name":"wp","href":"https:\/\/api.w.org\/{rel}","templated":true}]}}