{"id":77460,"date":"2024-03-17T15:43:57","date_gmt":"2024-03-17T15:43:57","guid":{"rendered":"https:\/\/onlinehardwareshop.de\/index.php\/produkt\/marmitek-connect-arc13-2\/"},"modified":"2025-05-14T08:58:32","modified_gmt":"2025-05-14T08:58:32","slug":"marmitek-connect-arc13","status":"publish","type":"product","link":"https:\/\/onlinehardwareshop.de\/index.php\/produkt\/marmitek-connect-arc13\/","title":{"rendered":"Marmitek Connect ARC13"},"content":{"rendered":"<p>Vergr\u00f6\u00dfere dein Musikspektrum mit dem Marmitek Connect ARC13. Dieser kantige Audio-Streamer l\u00e4sst sich wahlweise an einem Surround-Set, einem Verst\u00e4rker oder an Lautsprechern anschlie\u00dfen. \u00dcber dieses Ger\u00e4t kann man kabellos Musik an die angeschlossenen Lautsprecher streamen. Die Quelle f\u00fcr den Stream ist entweder dein Handy, Tablet oder Laptop. Somit kannst du deine Lieblingsmusik im guten Klang deiner Anlage h\u00f6ren. Da dieser Streamer HDMI ARC unterst\u00fctzt, kann man ihn am Fernseher anschlie\u00dfen. Somit kann man auch Filme und Serien gucken. Du kannst \u00fcber den 3,5-mm-Klinkenausgang in aller Ruhe deine Musik oder Serie \u00fcber deinen Kopfh\u00f6rer h\u00f6ren. Nutze den USB-Eingang des Fernsehers, um den Streamer mit Strom zu versorgen. Dadurch l\u00e4sst sich das Ger\u00e4t platzsparend hinter dem Fernseher platzieren. Der Streamer unterst\u00fctzt CEC, sodass man den Streamer und angeschlossene Lautsprecher mit der Fernbedienung vom Fernseher bedienen kann.<\/p>\n","protected":false},"excerpt":{"rendered":"<p>Vergr\u00f6\u00dfere dein Musikspektrum mit dem Marmitek Connect ARC13. Dieser kantige Audio-Streamer l\u00e4sst sich wahlweise an einem Surround-Set, einem Verst\u00e4rker oder an Lautsprechern anschlie\u00dfen. \u00dcber dieses Ger\u00e4t kann man kabellos Musik an die angeschlossenen Lautsprecher streamen. Die Quelle f\u00fcr den Stream ist entweder dein Handy, Tablet oder Laptop. Somit kannst du deine Lieblingsmusik im guten Klang deiner Anlage h\u00f6ren. Da dieser Streamer HDMI ARC unterst\u00fctzt, kann man ihn am Fernseher anschlie\u00dfen. Somit kann man auch Filme und Serien gucken. Du kannst \u00fcber den 3,5-mm-Klinkenausgang in aller Ruhe deine Musik oder Serie \u00fcber deinen Kopfh\u00f6rer h\u00f6ren. Nutze den USB-Eingang des Fernsehers, um den Streamer mit Strom zu versorgen. Dadurch l\u00e4sst sich das Ger\u00e4t platzsparend hinter dem Fernseher platzieren. Der Streamer unterst\u00fctzt CEC, sodass man den Streamer und angeschlossene Lautsprecher mit der Fernbedienung vom Fernseher bedienen kann.<\/p>\n","protected":false},"featured_media":0,"comment_status":"closed","ping_status":"open","template":"","meta":{"_acf_changed":false},"brand":[691],"product_brand":[],"product_cat":[1250],"product_tag":[1251],"class_list":{"0":"post-77460","1":"product","2":"type-product","3":"status-publish","5":"brand-marmitek","6":"product_cat-audio-streamer","7":"product_tag-audiostreamers-receivers","8":"pa_condition-new","9":"pa_coolblue-de-verzending-morgen-gratis-geliefert","10":"pa_ean-15594","11":"pa_mpn-15595","13":"first","14":"instock","15":"product-type-external"},"acf":[],"_links":{"self":[{"href":"https:\/\/onlinehardwareshop.de\/index.php\/wp-json\/wp\/v2\/product\/77460","targetHints":{"allow":["GET"]}}],"collection":[{"href":"https:\/\/onlinehardwareshop.de\/index.php\/wp-json\/wp\/v2\/product"}],"about":[{"href":"https:\/\/onlinehardwareshop.de\/index.php\/wp-json\/wp\/v2\/types\/product"}],"replies":[{"embeddable":true,"href":"https:\/\/onlinehardwareshop.de\/index.php\/wp-json\/wp\/v2\/comments?post=77460"}],"wp:attachment":[{"href":"https:\/\/onlinehardwareshop.de\/index.php\/wp-json\/wp\/v2\/media?parent=77460"}],"wp:term":[{"taxonomy":"brand","embeddable":true,"href":"https:\/\/onlinehardwareshop.de\/index.php\/wp-json\/wp\/v2\/brand?post=77460"},{"taxonomy":"product_brand","embeddable":true,"href":"https:\/\/onlinehardwareshop.de\/index.php\/wp-json\/wp\/v2\/product_brand?post=77460"},{"taxonomy":"product_cat","embeddable":true,"href":"https:\/\/onlinehardwareshop.de\/index.php\/wp-json\/wp\/v2\/product_cat?post=77460"},{"taxonomy":"product_tag","embeddable":true,"href":"https:\/\/onlinehardwareshop.de\/index.php\/wp-json\/wp\/v2\/product_tag?post=77460"}],"curies":[{"name":"wp","href":"https:\/\/api.w.org\/{rel}","templated":true}]}}