{"id":77420,"date":"2024-05-23T15:56:58","date_gmt":"2024-05-23T15:56:58","guid":{"rendered":"https:\/\/onlinehardwareshop.de\/index.php\/produkt\/hp-laserjet-pro-4002dw-2\/"},"modified":"2025-05-14T08:55:32","modified_gmt":"2025-05-14T08:55:32","slug":"hp-laserjet-pro-4002dw","status":"publish","type":"product","link":"https:\/\/onlinehardwareshop.de\/index.php\/produkt\/hp-laserjet-pro-4002dw\/","title":{"rendered":"HP LaserJet Pro 4002dw"},"content":{"rendered":"<p>Drucke bis zu 40 Seiten pro Minute mit dem HP LaserJet Pro 4002dw, der sich f\u00fcr ein kleines bis mittelgro\u00dfes B\u00fcro eignet. Dank der hohen Druckgeschwindigkeit musst du vor dem Drucker nicht mehr warten. Der Drucker druckt auch automatisch doppelseitig, was Papier einspart. Druckauftr\u00e4ge lassen sich einfach kabellos \u00fcber Wi-Fi Direct oder Apple AirPrint senden. Der HP LaserJet Pro 4002dw hat zwei Papierkassetten, in die insgesamt 350 B\u00f6gen Papier passen. Das erspart dir das Nachf\u00fcllen. Dank der kompakten Gr\u00f6\u00dfe passt der Drucker ordentlich auf deinen Schreibtisch.<\/p>\n","protected":false},"excerpt":{"rendered":"<p>Drucke bis zu 40 Seiten pro Minute mit dem HP LaserJet Pro 4002dw, der sich f\u00fcr ein kleines bis mittelgro\u00dfes B\u00fcro eignet. Dank der hohen Druckgeschwindigkeit musst du vor dem Drucker nicht mehr warten. Der Drucker druckt auch automatisch doppelseitig, was Papier einspart. Druckauftr\u00e4ge lassen sich einfach kabellos \u00fcber Wi-Fi Direct oder Apple AirPrint senden. Der HP LaserJet Pro 4002dw hat zwei Papierkassetten, in die insgesamt 350 B\u00f6gen Papier passen. Das erspart dir das Nachf\u00fcllen. Dank der kompakten Gr\u00f6\u00dfe passt der Drucker ordentlich auf deinen Schreibtisch.<\/p>\n","protected":false},"featured_media":0,"comment_status":"closed","ping_status":"open","template":"","meta":{"_acf_changed":false},"brand":[90],"product_brand":[],"product_cat":[2205],"product_tag":[4823],"class_list":{"0":"post-77420","1":"product","2":"type-product","3":"status-publish","5":"brand-hp","6":"product_cat-drucker","7":"product_tag-laserprinters","8":"pa_condition-new","9":"pa_coolblue-de-verzending-morgen-gratis-geliefert","10":"pa_ean-15517","11":"pa_mpn-2z606f","13":"first","14":"instock","15":"product-type-external"},"acf":[],"_links":{"self":[{"href":"https:\/\/onlinehardwareshop.de\/index.php\/wp-json\/wp\/v2\/product\/77420","targetHints":{"allow":["GET"]}}],"collection":[{"href":"https:\/\/onlinehardwareshop.de\/index.php\/wp-json\/wp\/v2\/product"}],"about":[{"href":"https:\/\/onlinehardwareshop.de\/index.php\/wp-json\/wp\/v2\/types\/product"}],"replies":[{"embeddable":true,"href":"https:\/\/onlinehardwareshop.de\/index.php\/wp-json\/wp\/v2\/comments?post=77420"}],"wp:attachment":[{"href":"https:\/\/onlinehardwareshop.de\/index.php\/wp-json\/wp\/v2\/media?parent=77420"}],"wp:term":[{"taxonomy":"brand","embeddable":true,"href":"https:\/\/onlinehardwareshop.de\/index.php\/wp-json\/wp\/v2\/brand?post=77420"},{"taxonomy":"product_brand","embeddable":true,"href":"https:\/\/onlinehardwareshop.de\/index.php\/wp-json\/wp\/v2\/product_brand?post=77420"},{"taxonomy":"product_cat","embeddable":true,"href":"https:\/\/onlinehardwareshop.de\/index.php\/wp-json\/wp\/v2\/product_cat?post=77420"},{"taxonomy":"product_tag","embeddable":true,"href":"https:\/\/onlinehardwareshop.de\/index.php\/wp-json\/wp\/v2\/product_tag?post=77420"}],"curies":[{"name":"wp","href":"https:\/\/api.w.org\/{rel}","templated":true}]}}