{"id":77370,"date":"2025-04-19T05:47:05","date_gmt":"2025-04-19T05:47:05","guid":{"rendered":"https:\/\/onlinehardwareshop.de\/index.php\/produkt\/hp-color-laserjet-pro-4302fdw-4\/"},"modified":"2025-05-14T08:51:32","modified_gmt":"2025-05-14T08:51:32","slug":"hp-color-laserjet-pro-4302fdw-2","status":"publish","type":"product","link":"https:\/\/onlinehardwareshop.de\/index.php\/produkt\/hp-color-laserjet-pro-4302fdw-2\/","title":{"rendered":"HP Color LaserJet Pro 4302fdw"},"content":{"rendered":"<p>Drucken, scannen und kopieren ist f\u00fcr den HP Color LaserJet Pro MFP 4302fdw absolut kein Problem. Dieser Laserdrucker druckt in Schwarz-Wei\u00df und in Farbe. Er eignet sich dadurch perfekt f\u00fcr ein kleines oder mittelgro\u00dfes Unternehmen. Auch Kopieren und Scannen erfolgt schnell mit bis zu 33 Seiten pro Minute. Dank des automatischen Dokumenteneinzugs scannst oder kopierst du einen Stapel mit bis zu 50 Seiten auf einmal. Au\u00dferdem faxt du deine Dokumente auch im Handumdrehen an deine Kollegen. Die Druckauftr\u00e4ge lassen sich bequem vom B\u00fcrostuhl aus wahlweise per Apple AirPrint oder Wi-Fi Direct senden. Mit Wi-Fi Direct verbindest du den Laptop direkt mit dem Drucker, ohne dass ein Modem erforderlich ist. Diesen Drucker kannst du zudem per Kabel mit dem PC verbinden, was zum Beispiel dann angenehm ist, wenn du kein Internet hast. Dieser Laserdrucker besitzt eine Papierkassette, in denen Platz f\u00fcr 50 B\u00f6gen Papier ist.   Drucker mit dynamischer Sicherheit  Bestimmte HP Drucker sind daf\u00fcr ausgelegt, nur mit Patronen zu funktionieren, die neue oder wiederverwendete HP Chips oder elektronische HP Schaltkreise aufweisen. Diese Drucker nutzen dynamische Sicherheitsfunktionen, um Patronen zu blockieren, die mit einem Chip oder einer elektronischen Schaltung ausgestattet sind, die nicht von HP stammen. Die Wirksamkeit dieser Funktionen wird durch regelm\u00e4\u00dfige Firmware-Updates garantiert, sodass auch Patronen blockiert werden, die fr\u00fcher durchaus funktioniert haben. Wiederverwendete HP Chips und elektronische HP Schaltungen erm\u00f6glichen die Nutzung wiederverwendeter, recycelter und neu bef\u00fcllter Patronen.<\/p>\n","protected":false},"excerpt":{"rendered":"<p>Drucken, scannen und kopieren ist f\u00fcr den HP Color LaserJet Pro MFP 4302fdw absolut kein Problem. Dieser Laserdrucker druckt in Schwarz-Wei\u00df und in Farbe. Er eignet sich dadurch perfekt f\u00fcr ein kleines oder mittelgro\u00dfes Unternehmen. Auch Kopieren und Scannen erfolgt schnell mit bis zu 33 Seiten pro Minute. Dank des automatischen Dokumenteneinzugs scannst oder kopierst du einen Stapel mit bis zu 50 Seiten auf einmal. Au\u00dferdem faxt du deine Dokumente auch im Handumdrehen an deine Kollegen. Die Druckauftr\u00e4ge lassen sich bequem vom B\u00fcrostuhl aus wahlweise per Apple AirPrint oder Wi-Fi Direct senden. Mit Wi-Fi Direct verbindest du den Laptop direkt mit dem Drucker, ohne dass ein Modem erforderlich ist. Diesen Drucker kannst du zudem per Kabel mit dem PC verbinden, was zum Beispiel dann angenehm ist, wenn du kein Internet hast. Dieser Laserdrucker besitzt eine Papierkassette, in denen Platz f\u00fcr 50 B\u00f6gen Papier ist.   Drucker mit dynamischer Sicherheit  Bestimmte HP Drucker sind daf\u00fcr ausgelegt, nur mit Patronen zu funktionieren, die neue oder wiederverwendete HP Chips oder elektronische HP Schaltkreise aufweisen. Diese Drucker nutzen dynamische Sicherheitsfunktionen, um Patronen zu blockieren, die mit einem Chip oder einer elektronischen Schaltung ausgestattet sind, die nicht von HP stammen. Die Wirksamkeit dieser Funktionen wird durch regelm\u00e4\u00dfige Firmware-Updates garantiert, sodass auch Patronen blockiert werden, die fr\u00fcher durchaus funktioniert haben. Wiederverwendete HP Chips und elektronische HP Schaltungen erm\u00f6glichen die Nutzung wiederverwendeter, recycelter und neu bef\u00fcllter Patronen.<\/p>\n","protected":false},"featured_media":0,"comment_status":"closed","ping_status":"open","template":"","meta":{"_acf_changed":false},"brand":[90],"product_brand":[],"product_cat":[2205],"product_tag":[4823],"class_list":{"0":"post-77370","1":"product","2":"type-product","3":"status-publish","5":"brand-hp","6":"product_cat-drucker","7":"product_tag-laserprinters","8":"pa_condition-new","9":"pa_coolblue-de-verzending-morgen-gratis-geliefert","10":"pa_ean-15407","11":"pa_mpn-5hh64f","13":"first","14":"instock","15":"product-type-external"},"acf":[],"_links":{"self":[{"href":"https:\/\/onlinehardwareshop.de\/index.php\/wp-json\/wp\/v2\/product\/77370","targetHints":{"allow":["GET"]}}],"collection":[{"href":"https:\/\/onlinehardwareshop.de\/index.php\/wp-json\/wp\/v2\/product"}],"about":[{"href":"https:\/\/onlinehardwareshop.de\/index.php\/wp-json\/wp\/v2\/types\/product"}],"replies":[{"embeddable":true,"href":"https:\/\/onlinehardwareshop.de\/index.php\/wp-json\/wp\/v2\/comments?post=77370"}],"wp:attachment":[{"href":"https:\/\/onlinehardwareshop.de\/index.php\/wp-json\/wp\/v2\/media?parent=77370"}],"wp:term":[{"taxonomy":"brand","embeddable":true,"href":"https:\/\/onlinehardwareshop.de\/index.php\/wp-json\/wp\/v2\/brand?post=77370"},{"taxonomy":"product_brand","embeddable":true,"href":"https:\/\/onlinehardwareshop.de\/index.php\/wp-json\/wp\/v2\/product_brand?post=77370"},{"taxonomy":"product_cat","embeddable":true,"href":"https:\/\/onlinehardwareshop.de\/index.php\/wp-json\/wp\/v2\/product_cat?post=77370"},{"taxonomy":"product_tag","embeddable":true,"href":"https:\/\/onlinehardwareshop.de\/index.php\/wp-json\/wp\/v2\/product_tag?post=77370"}],"curies":[{"name":"wp","href":"https:\/\/api.w.org\/{rel}","templated":true}]}}