{"id":77369,"date":"2024-05-13T01:32:13","date_gmt":"2024-05-13T01:32:13","guid":{"rendered":"https:\/\/onlinehardwareshop.de\/index.php\/produkt\/hp-color-laserjet-pro-4302fdw-3\/"},"modified":"2025-05-14T08:51:27","modified_gmt":"2025-05-14T08:51:27","slug":"hp-color-laserjet-pro-4302fdw","status":"publish","type":"product","link":"https:\/\/onlinehardwareshop.de\/index.php\/produkt\/hp-color-laserjet-pro-4302fdw\/","title":{"rendered":"HP Color LaserJet Pro 4302fdw"},"content":{"rendered":"<p>Drucken, Scannen und Kopieren macht der HP Color LaserJet PRO MFP 4302dw mit links. Dieser Laserdrucker druckt in Schwarz-Wei\u00df und in Farbe, wodurch er perfekt f\u00fcr klein- oder mittelst\u00e4ndische Unternehmen geeignet ist. Kopieren und scannen erfolgt sch\u00f6n flott, und zwar mit bis zu 33 Seiten pro Minute. Man kann dank des automatischen Dokumenteneinzugs einen Stapel mit bis zu 50 Seiten pro Vorgang scannen oder kopieren. Die Druckauftr\u00e4ge lassen sich bequem vom B\u00fcrostuhl aus wahlweise per Apple AirPrint oder Wi-Fi Direct senden. Mit Wi-Fi Direct verbindet man den Laptop direkt mit dem Drucker, ohne dass ein Modem dazwischenfunkt. Diesen Drucker kann man zudem kabelgebunden mit dem PC verbinden, was zum Beispiel dann angenehm ist, wenn man kein Internet hat. Dieser Laserdrucker besitzt eine Papierkassette, in der Platz f\u00fcr 50 B\u00f6gen Papier ist.<\/p>\n","protected":false},"excerpt":{"rendered":"<p>Drucken, Scannen und Kopieren macht der HP Color LaserJet PRO MFP 4302dw mit links. Dieser Laserdrucker druckt in Schwarz-Wei\u00df und in Farbe, wodurch er perfekt f\u00fcr klein- oder mittelst\u00e4ndische Unternehmen geeignet ist. Kopieren und scannen erfolgt sch\u00f6n flott, und zwar mit bis zu 33 Seiten pro Minute. Man kann dank des automatischen Dokumenteneinzugs einen Stapel mit bis zu 50 Seiten pro Vorgang scannen oder kopieren. Die Druckauftr\u00e4ge lassen sich bequem vom B\u00fcrostuhl aus wahlweise per Apple AirPrint oder Wi-Fi Direct senden. Mit Wi-Fi Direct verbindet man den Laptop direkt mit dem Drucker, ohne dass ein Modem dazwischenfunkt. Diesen Drucker kann man zudem kabelgebunden mit dem PC verbinden, was zum Beispiel dann angenehm ist, wenn man kein Internet hat. Dieser Laserdrucker besitzt eine Papierkassette, in der Platz f\u00fcr 50 B\u00f6gen Papier ist.<\/p>\n","protected":false},"featured_media":0,"comment_status":"closed","ping_status":"open","template":"","meta":{"_acf_changed":false},"brand":[90],"product_brand":[],"product_cat":[2205],"product_tag":[4823],"class_list":{"0":"post-77369","1":"product","2":"type-product","3":"status-publish","5":"brand-hp","6":"product_cat-drucker","7":"product_tag-laserprinters","8":"pa_condition-new","9":"pa_coolblue-de-verzending-morgen-gratis-geliefert","10":"pa_ean-27353","11":"pa_mpn-4ra83f","13":"first","14":"instock","15":"product-type-external"},"acf":[],"_links":{"self":[{"href":"https:\/\/onlinehardwareshop.de\/index.php\/wp-json\/wp\/v2\/product\/77369","targetHints":{"allow":["GET"]}}],"collection":[{"href":"https:\/\/onlinehardwareshop.de\/index.php\/wp-json\/wp\/v2\/product"}],"about":[{"href":"https:\/\/onlinehardwareshop.de\/index.php\/wp-json\/wp\/v2\/types\/product"}],"replies":[{"embeddable":true,"href":"https:\/\/onlinehardwareshop.de\/index.php\/wp-json\/wp\/v2\/comments?post=77369"}],"wp:attachment":[{"href":"https:\/\/onlinehardwareshop.de\/index.php\/wp-json\/wp\/v2\/media?parent=77369"}],"wp:term":[{"taxonomy":"brand","embeddable":true,"href":"https:\/\/onlinehardwareshop.de\/index.php\/wp-json\/wp\/v2\/brand?post=77369"},{"taxonomy":"product_brand","embeddable":true,"href":"https:\/\/onlinehardwareshop.de\/index.php\/wp-json\/wp\/v2\/product_brand?post=77369"},{"taxonomy":"product_cat","embeddable":true,"href":"https:\/\/onlinehardwareshop.de\/index.php\/wp-json\/wp\/v2\/product_cat?post=77369"},{"taxonomy":"product_tag","embeddable":true,"href":"https:\/\/onlinehardwareshop.de\/index.php\/wp-json\/wp\/v2\/product_tag?post=77369"}],"curies":[{"name":"wp","href":"https:\/\/api.w.org\/{rel}","templated":true}]}}