{"id":77368,"date":"2024-12-12T09:45:19","date_gmt":"2024-12-12T09:45:19","guid":{"rendered":"https:\/\/onlinehardwareshop.de\/index.php\/produkt\/hp-color-laserjet-pro-4202dw-2\/"},"modified":"2025-05-14T08:51:22","modified_gmt":"2025-05-14T08:51:22","slug":"hp-color-laserjet-pro-4202dw","status":"publish","type":"product","link":"https:\/\/onlinehardwareshop.de\/index.php\/produkt\/hp-color-laserjet-pro-4202dw\/","title":{"rendered":"HP Color LaserJet Pro 4202dw"},"content":{"rendered":"<p>Der HP Color LaserJet Pro 4202dw ist ein Farblaserdrucker f\u00fcr kleine und mittelgro\u00dfe Unternehmen. Dieser blitzschnelle Farbdrucker druckt bis zu 33 Seiten pro Minute. M\u00f6chtest du Papier sparen? Dann drucke automatisch beidseitig. \u00dcber das WLAN oder Wi-Fi Direct verbindest du den Drucker m\u00fchelos mit anderen Ger\u00e4ten. Mit Wi-Fi Direct verbindest du deinen Laptop zudem unmittelbar mit dem WLAN des Druckers, ohne ein Modem zu ben\u00f6tigen. Au\u00dferdem verbindest du den Drucker einfach \u00fcber ein USB-Kabel mit deinem Laptop. Papier musst du nicht oft nachlegen, denn der Drucker verf\u00fcgt \u00fcber zwei Papierkassetten, die Platz f\u00fcr zusammen 300 B\u00f6gen Papier bieten.   Drucker mit dynamischer Sicherheit  Bestimmte HP-Drucker sind daf\u00fcr ausgelegt, nur mit Patronen zu funktionieren, die neue oder wiederverwendete HP-Chips oder elektronische HP-Schaltkreise aufweisen. Diese Drucker nutzen dynamische Sicherheitsfunktionen, um Patronen zu blockieren, die mit einem Chip oder einer elektronischen Schaltung ausgestattet sind, die nicht von HP stammen. Die Wirksamkeit dieser Funktionen wird durch regelm\u00e4\u00dfige Firmware-Updates garantiert, sodass auch Patronen blockiert werden, die fr\u00fcher durchaus funktioniert haben. Wiederverwendete HP-Chips und elektronische HP-Schaltungen erm\u00f6glichen die Nutzung wiederverwendeter, recycelter und neu bef\u00fcllter Patronen.<\/p>\n","protected":false},"excerpt":{"rendered":"<p>Der HP Color LaserJet Pro 4202dw ist ein Farblaserdrucker f\u00fcr kleine und mittelgro\u00dfe Unternehmen. Dieser blitzschnelle Farbdrucker druckt bis zu 33 Seiten pro Minute. M\u00f6chtest du Papier sparen? Dann drucke automatisch beidseitig. \u00dcber das WLAN oder Wi-Fi Direct verbindest du den Drucker m\u00fchelos mit anderen Ger\u00e4ten. Mit Wi-Fi Direct verbindest du deinen Laptop zudem unmittelbar mit dem WLAN des Druckers, ohne ein Modem zu ben\u00f6tigen. Au\u00dferdem verbindest du den Drucker einfach \u00fcber ein USB-Kabel mit deinem Laptop. Papier musst du nicht oft nachlegen, denn der Drucker verf\u00fcgt \u00fcber zwei Papierkassetten, die Platz f\u00fcr zusammen 300 B\u00f6gen Papier bieten.   Drucker mit dynamischer Sicherheit  Bestimmte HP-Drucker sind daf\u00fcr ausgelegt, nur mit Patronen zu funktionieren, die neue oder wiederverwendete HP-Chips oder elektronische HP-Schaltkreise aufweisen. Diese Drucker nutzen dynamische Sicherheitsfunktionen, um Patronen zu blockieren, die mit einem Chip oder einer elektronischen Schaltung ausgestattet sind, die nicht von HP stammen. Die Wirksamkeit dieser Funktionen wird durch regelm\u00e4\u00dfige Firmware-Updates garantiert, sodass auch Patronen blockiert werden, die fr\u00fcher durchaus funktioniert haben. Wiederverwendete HP-Chips und elektronische HP-Schaltungen erm\u00f6glichen die Nutzung wiederverwendeter, recycelter und neu bef\u00fcllter Patronen.<\/p>\n","protected":false},"featured_media":0,"comment_status":"closed","ping_status":"open","template":"","meta":{"_acf_changed":false},"brand":[90],"product_brand":[],"product_cat":[2205],"product_tag":[4823],"class_list":{"0":"post-77368","1":"product","2":"type-product","3":"status-publish","5":"brand-hp","6":"product_cat-drucker","7":"product_tag-laserprinters","8":"pa_condition-new","9":"pa_coolblue-de-verzending-morgen-gratis-geliefert","10":"pa_ean-15405","11":"pa_mpn-4ra88f","13":"first","14":"instock","15":"product-type-external"},"acf":[],"_links":{"self":[{"href":"https:\/\/onlinehardwareshop.de\/index.php\/wp-json\/wp\/v2\/product\/77368","targetHints":{"allow":["GET"]}}],"collection":[{"href":"https:\/\/onlinehardwareshop.de\/index.php\/wp-json\/wp\/v2\/product"}],"about":[{"href":"https:\/\/onlinehardwareshop.de\/index.php\/wp-json\/wp\/v2\/types\/product"}],"replies":[{"embeddable":true,"href":"https:\/\/onlinehardwareshop.de\/index.php\/wp-json\/wp\/v2\/comments?post=77368"}],"wp:attachment":[{"href":"https:\/\/onlinehardwareshop.de\/index.php\/wp-json\/wp\/v2\/media?parent=77368"}],"wp:term":[{"taxonomy":"brand","embeddable":true,"href":"https:\/\/onlinehardwareshop.de\/index.php\/wp-json\/wp\/v2\/brand?post=77368"},{"taxonomy":"product_brand","embeddable":true,"href":"https:\/\/onlinehardwareshop.de\/index.php\/wp-json\/wp\/v2\/product_brand?post=77368"},{"taxonomy":"product_cat","embeddable":true,"href":"https:\/\/onlinehardwareshop.de\/index.php\/wp-json\/wp\/v2\/product_cat?post=77368"},{"taxonomy":"product_tag","embeddable":true,"href":"https:\/\/onlinehardwareshop.de\/index.php\/wp-json\/wp\/v2\/product_tag?post=77368"}],"curies":[{"name":"wp","href":"https:\/\/api.w.org\/{rel}","templated":true}]}}