{"id":77338,"date":"2024-06-14T11:04:43","date_gmt":"2024-06-14T11:04:43","guid":{"rendered":"https:\/\/onlinehardwareshop.de\/index.php\/produkt\/hp-laserjet-pro-mfp-4102dw-2\/"},"modified":"2025-05-14T08:48:56","modified_gmt":"2025-05-14T08:48:56","slug":"hp-laserjet-pro-mfp-4102dw","status":"publish","type":"product","link":"https:\/\/onlinehardwareshop.de\/index.php\/produkt\/hp-laserjet-pro-mfp-4102dw\/","title":{"rendered":"HP LaserJet Pro MFP 4102dw"},"content":{"rendered":"<p>Mit dem HP LaserJet Pro MFP 4102dw holst du dir einen Multifunktionsdrucker f\u00fcr kleine bis mittelgro\u00dfe B\u00fcros. Damit druckst und kopierst du bis zu 40 Seiten pro Minute. Besonders schnell kopierst oder scannst du mit dem automatischen Dokumenteneinzug. So sparst du dir das Warten auf umfangreiche Arbeitsunterlagen. Nutze die automatische, doppelseitige Druckfunktion und spare somit Papier. Deine Druckauftr\u00e4ge sendest du ganz einfach mit Apple AirPrint oder Wi-Fi Direct. Mit Wi-Fi Direct verbindest du deinen Laptop oder dein Handy direkt mit dem Drucker. Der HP LaserJet Pro 4102dw verf\u00fcgt \u00fcber zwei Papierkassetten, die Platz f\u00fcr insgesamt 350 Papierb\u00f6gen bieten.   Drucker mit dynamischer Sicherheit  Bestimmte HP Drucker sind daf\u00fcr ausgelegt, nur mit Patronen zu funktionieren, die neue oder wiederverwendete HP Chips oder elektronische HP Schaltkreise aufweisen. Diese Drucker nutzen dynamische Sicherheitsfunktionen, um Patronen zu blockieren, die mit einem Chip oder einer elektronischen Schaltung ausgestattet sind, die nicht von HP stammen. Die Wirksamkeit dieser Funktionen wird durch regelm\u00e4\u00dfige Firmware-Updates garantiert, sodass auch Patronen blockiert werden, die fr\u00fcher durchaus funktioniert haben. Wiederverwendete HP Chips und elektronische HP Schaltungen erm\u00f6glichen die Nutzung wiederverwendeter, recycelter und neu bef\u00fcllter Patronen.<\/p>\n","protected":false},"excerpt":{"rendered":"<p>Mit dem HP LaserJet Pro MFP 4102dw holst du dir einen Multifunktionsdrucker f\u00fcr kleine bis mittelgro\u00dfe B\u00fcros. Damit druckst und kopierst du bis zu 40 Seiten pro Minute. Besonders schnell kopierst oder scannst du mit dem automatischen Dokumenteneinzug. So sparst du dir das Warten auf umfangreiche Arbeitsunterlagen. Nutze die automatische, doppelseitige Druckfunktion und spare somit Papier. Deine Druckauftr\u00e4ge sendest du ganz einfach mit Apple AirPrint oder Wi-Fi Direct. Mit Wi-Fi Direct verbindest du deinen Laptop oder dein Handy direkt mit dem Drucker. Der HP LaserJet Pro 4102dw verf\u00fcgt \u00fcber zwei Papierkassetten, die Platz f\u00fcr insgesamt 350 Papierb\u00f6gen bieten.   Drucker mit dynamischer Sicherheit  Bestimmte HP Drucker sind daf\u00fcr ausgelegt, nur mit Patronen zu funktionieren, die neue oder wiederverwendete HP Chips oder elektronische HP Schaltkreise aufweisen. Diese Drucker nutzen dynamische Sicherheitsfunktionen, um Patronen zu blockieren, die mit einem Chip oder einer elektronischen Schaltung ausgestattet sind, die nicht von HP stammen. Die Wirksamkeit dieser Funktionen wird durch regelm\u00e4\u00dfige Firmware-Updates garantiert, sodass auch Patronen blockiert werden, die fr\u00fcher durchaus funktioniert haben. Wiederverwendete HP Chips und elektronische HP Schaltungen erm\u00f6glichen die Nutzung wiederverwendeter, recycelter und neu bef\u00fcllter Patronen.<\/p>\n","protected":false},"featured_media":0,"comment_status":"closed","ping_status":"open","template":"","meta":{"_acf_changed":false},"brand":[90],"product_brand":[],"product_cat":[2205],"product_tag":[4823],"class_list":{"0":"post-77338","1":"product","2":"type-product","3":"status-publish","5":"brand-hp","6":"product_cat-drucker","7":"product_tag-laserprinters","8":"pa_condition-new","9":"pa_coolblue-de-verzending-morgen-gratis-geliefert","10":"pa_ean-15348","11":"pa_mpn-2z622f","13":"first","14":"instock","15":"product-type-external"},"acf":[],"_links":{"self":[{"href":"https:\/\/onlinehardwareshop.de\/index.php\/wp-json\/wp\/v2\/product\/77338","targetHints":{"allow":["GET"]}}],"collection":[{"href":"https:\/\/onlinehardwareshop.de\/index.php\/wp-json\/wp\/v2\/product"}],"about":[{"href":"https:\/\/onlinehardwareshop.de\/index.php\/wp-json\/wp\/v2\/types\/product"}],"replies":[{"embeddable":true,"href":"https:\/\/onlinehardwareshop.de\/index.php\/wp-json\/wp\/v2\/comments?post=77338"}],"wp:attachment":[{"href":"https:\/\/onlinehardwareshop.de\/index.php\/wp-json\/wp\/v2\/media?parent=77338"}],"wp:term":[{"taxonomy":"brand","embeddable":true,"href":"https:\/\/onlinehardwareshop.de\/index.php\/wp-json\/wp\/v2\/brand?post=77338"},{"taxonomy":"product_brand","embeddable":true,"href":"https:\/\/onlinehardwareshop.de\/index.php\/wp-json\/wp\/v2\/product_brand?post=77338"},{"taxonomy":"product_cat","embeddable":true,"href":"https:\/\/onlinehardwareshop.de\/index.php\/wp-json\/wp\/v2\/product_cat?post=77338"},{"taxonomy":"product_tag","embeddable":true,"href":"https:\/\/onlinehardwareshop.de\/index.php\/wp-json\/wp\/v2\/product_tag?post=77338"}],"curies":[{"name":"wp","href":"https:\/\/api.w.org\/{rel}","templated":true}]}}