{"id":77331,"date":"2025-03-04T03:24:17","date_gmt":"2025-03-04T03:24:17","guid":{"rendered":"https:\/\/onlinehardwareshop.de\/index.php\/produkt\/tefal-ingenio-daily-chef-on-topf-und-pfannenset-20-teilig-2\/"},"modified":"2025-05-14T08:48:20","modified_gmt":"2025-05-14T08:48:20","slug":"tefal-ingenio-daily-chef-on-topf-und-pfannenset-20-teilig","status":"publish","type":"product","link":"https:\/\/onlinehardwareshop.de\/index.php\/produkt\/tefal-ingenio-daily-chef-on-topf-und-pfannenset-20-teilig\/","title":{"rendered":"Tefal Ingenio Daily Chef On Topf- und Pfannenset 20-teilig"},"content":{"rendered":"<p>Mit dem Tefal Ingenio Daily Chef On Topf- und Pfannenset 20-teilig bekommst du ein komplettes Pfannenset. Das ist praktisch, wenn du zu Hause ausziehst oder ein neues Pfannenset haben m\u00f6chtest. Das Set besteht aus vier Bratpfannen, vier Kasserollen mit Deckel, einer Schmorpfanne, drei Glasdeckeln, vier K\u00fcchenhelfern und zwei abnehmbaren Griffen. M\u00f6chtest du die Pfannen als Auflaufform benutzen? Klicke einfach die Griffe von der Pfanne ab. Du siehst es auf einen Blick, wenn die Pfannen die richtige Temperatur erreicht haben, denn der Tefal Thermo-Signal-Punkt f\u00e4rbt sich gleichm\u00e4\u00dfig rot, wenn sie hei\u00df genug sind. Dank der Antihaftbeschichtung aus Titan sind sie bis zu sechsmal st\u00e4rker als andere Tefal-Pfannen mit Standardbeschichtung. Das ist sch\u00f6n, weil die Pfannen dadurch nicht so schnell verschlei\u00dfen und l\u00e4nger halten.<\/p>\n","protected":false},"excerpt":{"rendered":"<p>Mit dem Tefal Ingenio Daily Chef On Topf- und Pfannenset 20-teilig bekommst du ein komplettes Pfannenset. Das ist praktisch, wenn du zu Hause ausziehst oder ein neues Pfannenset haben m\u00f6chtest. Das Set besteht aus vier Bratpfannen, vier Kasserollen mit Deckel, einer Schmorpfanne, drei Glasdeckeln, vier K\u00fcchenhelfern und zwei abnehmbaren Griffen. M\u00f6chtest du die Pfannen als Auflaufform benutzen? Klicke einfach die Griffe von der Pfanne ab. Du siehst es auf einen Blick, wenn die Pfannen die richtige Temperatur erreicht haben, denn der Tefal Thermo-Signal-Punkt f\u00e4rbt sich gleichm\u00e4\u00dfig rot, wenn sie hei\u00df genug sind. Dank der Antihaftbeschichtung aus Titan sind sie bis zu sechsmal st\u00e4rker als andere Tefal-Pfannen mit Standardbeschichtung. Das ist sch\u00f6n, weil die Pfannen dadurch nicht so schnell verschlei\u00dfen und l\u00e4nger halten.<\/p>\n","protected":false},"featured_media":0,"comment_status":"closed","ping_status":"open","template":"","meta":{"_acf_changed":false},"brand":[506],"product_brand":[],"product_cat":[372],"product_tag":[1788],"class_list":{"0":"post-77331","1":"product","2":"type-product","3":"status-publish","5":"brand-tefal","6":"product_cat-tpfe-und-pfannen","7":"product_tag-bakpannensets","8":"pa_condition-new","9":"pa_coolblue-de-verzending-morgen-gratis-geliefert","10":"pa_ean-15333","11":"pa_mpn-l7619402","13":"first","14":"instock","15":"product-type-external"},"acf":[],"_links":{"self":[{"href":"https:\/\/onlinehardwareshop.de\/index.php\/wp-json\/wp\/v2\/product\/77331","targetHints":{"allow":["GET"]}}],"collection":[{"href":"https:\/\/onlinehardwareshop.de\/index.php\/wp-json\/wp\/v2\/product"}],"about":[{"href":"https:\/\/onlinehardwareshop.de\/index.php\/wp-json\/wp\/v2\/types\/product"}],"replies":[{"embeddable":true,"href":"https:\/\/onlinehardwareshop.de\/index.php\/wp-json\/wp\/v2\/comments?post=77331"}],"wp:attachment":[{"href":"https:\/\/onlinehardwareshop.de\/index.php\/wp-json\/wp\/v2\/media?parent=77331"}],"wp:term":[{"taxonomy":"brand","embeddable":true,"href":"https:\/\/onlinehardwareshop.de\/index.php\/wp-json\/wp\/v2\/brand?post=77331"},{"taxonomy":"product_brand","embeddable":true,"href":"https:\/\/onlinehardwareshop.de\/index.php\/wp-json\/wp\/v2\/product_brand?post=77331"},{"taxonomy":"product_cat","embeddable":true,"href":"https:\/\/onlinehardwareshop.de\/index.php\/wp-json\/wp\/v2\/product_cat?post=77331"},{"taxonomy":"product_tag","embeddable":true,"href":"https:\/\/onlinehardwareshop.de\/index.php\/wp-json\/wp\/v2\/product_tag?post=77331"}],"curies":[{"name":"wp","href":"https:\/\/api.w.org\/{rel}","templated":true}]}}