{"id":77330,"date":"2024-08-22T02:10:28","date_gmt":"2024-08-22T02:10:28","guid":{"rendered":"https:\/\/onlinehardwareshop.de\/index.php\/produkt\/tefal-ingenio-daily-chef-on-topf-und-pfannenset-10-teilig-2\/"},"modified":"2025-05-14T08:48:15","modified_gmt":"2025-05-14T08:48:15","slug":"tefal-ingenio-daily-chef-on-topf-und-pfannenset-10-teilig","status":"publish","type":"product","link":"https:\/\/onlinehardwareshop.de\/index.php\/produkt\/tefal-ingenio-daily-chef-on-topf-und-pfannenset-10-teilig\/","title":{"rendered":"Tefal Ingenio Daily Chef On Topf- und Pfannenset 10-teilig"},"content":{"rendered":"<p>Mit dem Tefal Ingenio Daily Chef On Topf- und Pfannenset 10-teilig bekommst du verschiedene Pfannen und T\u00f6pfe. Das Set besteht aus zwei Bratpfannen, zwei Kasserollen mit Deckel, zwei Griffen, einer Schmorpfanne und einem Pfannenwender. Die Griffe lassen sich mit nur einem Klick an der Pfanne befestigen. Das ist praktisch, denn so kann man die Pfannen auch als Auflaufform verwenden. Mit dem Tefal Thermo-Signal-Punkt wei\u00dft du genau, wann die Pfanne die richtige Temperatur erreicht hat, sodass du die Zutaten zum richtigen Zeitpunkt hineinlegst. Die Pfannen sind mit einer Antihaftbeschichtung aus Titan versehen. Diese Beschichtung h\u00e4lt sechsmal so lange wie die Standard-Antihaftbeschichtung anderer Tefal-Pfannen. Dadurch verschlei\u00dfen die Pfannen nicht so schenn und man muss weniger \u00d6l oder Butter verwenden. Nach Gebrauch stellst du die Pfannen einfach in die Sp\u00fclmaschine.<\/p>\n","protected":false},"excerpt":{"rendered":"<p>Mit dem Tefal Ingenio Daily Chef On Topf- und Pfannenset 10-teilig bekommst du verschiedene Pfannen und T\u00f6pfe. Das Set besteht aus zwei Bratpfannen, zwei Kasserollen mit Deckel, zwei Griffen, einer Schmorpfanne und einem Pfannenwender. Die Griffe lassen sich mit nur einem Klick an der Pfanne befestigen. Das ist praktisch, denn so kann man die Pfannen auch als Auflaufform verwenden. Mit dem Tefal Thermo-Signal-Punkt wei\u00dft du genau, wann die Pfanne die richtige Temperatur erreicht hat, sodass du die Zutaten zum richtigen Zeitpunkt hineinlegst. Die Pfannen sind mit einer Antihaftbeschichtung aus Titan versehen. Diese Beschichtung h\u00e4lt sechsmal so lange wie die Standard-Antihaftbeschichtung anderer Tefal-Pfannen. Dadurch verschlei\u00dfen die Pfannen nicht so schenn und man muss weniger \u00d6l oder Butter verwenden. Nach Gebrauch stellst du die Pfannen einfach in die Sp\u00fclmaschine.<\/p>\n","protected":false},"featured_media":0,"comment_status":"closed","ping_status":"open","template":"","meta":{"_acf_changed":false},"brand":[506],"product_brand":[],"product_cat":[372],"product_tag":[1788],"class_list":{"0":"post-77330","1":"product","2":"type-product","3":"status-publish","5":"brand-tefal","6":"product_cat-tpfe-und-pfannen","7":"product_tag-bakpannensets","8":"pa_condition-new","9":"pa_coolblue-de-verzending-morgen-gratis-geliefert","10":"pa_ean-15331","11":"pa_mpn-l7619302","13":"first","14":"instock","15":"product-type-external"},"acf":[],"_links":{"self":[{"href":"https:\/\/onlinehardwareshop.de\/index.php\/wp-json\/wp\/v2\/product\/77330","targetHints":{"allow":["GET"]}}],"collection":[{"href":"https:\/\/onlinehardwareshop.de\/index.php\/wp-json\/wp\/v2\/product"}],"about":[{"href":"https:\/\/onlinehardwareshop.de\/index.php\/wp-json\/wp\/v2\/types\/product"}],"replies":[{"embeddable":true,"href":"https:\/\/onlinehardwareshop.de\/index.php\/wp-json\/wp\/v2\/comments?post=77330"}],"wp:attachment":[{"href":"https:\/\/onlinehardwareshop.de\/index.php\/wp-json\/wp\/v2\/media?parent=77330"}],"wp:term":[{"taxonomy":"brand","embeddable":true,"href":"https:\/\/onlinehardwareshop.de\/index.php\/wp-json\/wp\/v2\/brand?post=77330"},{"taxonomy":"product_brand","embeddable":true,"href":"https:\/\/onlinehardwareshop.de\/index.php\/wp-json\/wp\/v2\/product_brand?post=77330"},{"taxonomy":"product_cat","embeddable":true,"href":"https:\/\/onlinehardwareshop.de\/index.php\/wp-json\/wp\/v2\/product_cat?post=77330"},{"taxonomy":"product_tag","embeddable":true,"href":"https:\/\/onlinehardwareshop.de\/index.php\/wp-json\/wp\/v2\/product_tag?post=77330"}],"curies":[{"name":"wp","href":"https:\/\/api.w.org\/{rel}","templated":true}]}}