{"id":77328,"date":"2024-07-20T02:19:59","date_gmt":"2024-07-20T02:19:59","guid":{"rendered":"https:\/\/onlinehardwareshop.de\/index.php\/produkt\/samsung-990-pro-4tb-khlkrper-nvme-ssd-2\/"},"modified":"2025-05-14T08:48:05","modified_gmt":"2025-05-14T08:48:05","slug":"samsung-990-pro-4tb-khlkrper-nvme-ssd","status":"publish","type":"product","link":"https:\/\/onlinehardwareshop.de\/index.php\/produkt\/samsung-990-pro-4tb-khlkrper-nvme-ssd\/","title":{"rendered":"Samsung 990 Pro 4TB K&#xFC;hlk&#xF6;rper NVMe SSD"},"content":{"rendered":"<p>Hinweis: Diese M.2-SSD hat einen M-Key, der ausschlie\u00dflich zu Systemen mit einem M-Slot passt. \u00dcberpr\u00fcfe dies in der Gebrauchsanleitung deines Laptops oder Motherboards.  Mit der Samsung 990 Pro 4\u00a0TB NVMe SSD \u00fcbertr\u00e4gst du deine Dateien blitzschnell. Diese Variante der Samsung SSD 990 Pro hat einen K\u00fchlk\u00f6rper f\u00fcr intelligentes W\u00e4rmemanagement, um die W\u00e4rme der SSD-Karte zu reduzieren. Anspruchsvolle Aktionen in Spielen und Datenanalysen werden schneller geladen, sodass du mehr spielen kannst und weniger warten musst. Dank der Lese- und Schreibgeschwindigkeit von bis zu 7.450 bzw. 6.900\u00a0MB\/s ist die 990 Pro noch schneller als ihr Vorg\u00e4ngermodell. Dadurch f\u00e4hrt dein PC innerhalb von Sekunden hoch, du \u00f6ffnest Dateien schnell und deine Games laden schneller. Ein 100\u00a0GB gro\u00dfes Spiel ist zum Beispiel innerhalb von 20 Sekunden auf die SSD \u00fcbertragen. Dank 4.000\u00a0MB Cache-Speicher \u00f6ffnest du auch h\u00e4ufig genutzte Dateien schneller. Die Samsung 990 Pro hat zudem ein maximales Schreibvolumen (Terabytes Written) von 2.400\u00a0TB. Im Durchschnitt kannst du also 2.400\u00a0TB Daten schreiben, bevor die SSD den Geist aufgibt. Auf diese SSD erh\u00e4ltst du 5 Jahre Werksgarantie von Samsung. Dar\u00fcber hinaus eignet sich diese SSD als Vergr\u00f6\u00dferung der Speicherkapazit\u00e4t einer PlayStation 5.<\/p>\n","protected":false},"excerpt":{"rendered":"<p>Hinweis: Diese M.2-SSD hat einen M-Key, der ausschlie\u00dflich zu Systemen mit einem M-Slot passt. \u00dcberpr\u00fcfe dies in der Gebrauchsanleitung deines Laptops oder Motherboards.  Mit der Samsung 990 Pro 4\u00a0TB NVMe SSD \u00fcbertr\u00e4gst du deine Dateien blitzschnell. Diese Variante der Samsung SSD 990 Pro hat einen K\u00fchlk\u00f6rper f\u00fcr intelligentes W\u00e4rmemanagement, um die W\u00e4rme der SSD-Karte zu reduzieren. Anspruchsvolle Aktionen in Spielen und Datenanalysen werden schneller geladen, sodass du mehr spielen kannst und weniger warten musst. Dank der Lese- und Schreibgeschwindigkeit von bis zu 7.450 bzw. 6.900\u00a0MB\/s ist die 990 Pro noch schneller als ihr Vorg\u00e4ngermodell. Dadurch f\u00e4hrt dein PC innerhalb von Sekunden hoch, du \u00f6ffnest Dateien schnell und deine Games laden schneller. Ein 100\u00a0GB gro\u00dfes Spiel ist zum Beispiel innerhalb von 20 Sekunden auf die SSD \u00fcbertragen. Dank 4.000\u00a0MB Cache-Speicher \u00f6ffnest du auch h\u00e4ufig genutzte Dateien schneller. Die Samsung 990 Pro hat zudem ein maximales Schreibvolumen (Terabytes Written) von 2.400\u00a0TB. Im Durchschnitt kannst du also 2.400\u00a0TB Daten schreiben, bevor die SSD den Geist aufgibt. Auf diese SSD erh\u00e4ltst du 5 Jahre Werksgarantie von Samsung. Dar\u00fcber hinaus eignet sich diese SSD als Vergr\u00f6\u00dferung der Speicherkapazit\u00e4t einer PlayStation 5.<\/p>\n","protected":false},"featured_media":0,"comment_status":"closed","ping_status":"open","template":"","meta":{"_acf_changed":false},"brand":[1165],"product_brand":[],"product_cat":[2957],"product_tag":[7168],"class_list":{"0":"post-77328","1":"product","2":"type-product","3":"status-publish","5":"brand-samsung","6":"product_cat-solid-state-drives-ssd","7":"product_tag-m-2-ssd","8":"pa_condition-new","9":"pa_coolblue-de-verzending-morgen-gratis-geliefert","10":"pa_ean-15327","11":"pa_mpn-mz-v9p4t0gw","13":"first","14":"instock","15":"product-type-external"},"acf":[],"_links":{"self":[{"href":"https:\/\/onlinehardwareshop.de\/index.php\/wp-json\/wp\/v2\/product\/77328","targetHints":{"allow":["GET"]}}],"collection":[{"href":"https:\/\/onlinehardwareshop.de\/index.php\/wp-json\/wp\/v2\/product"}],"about":[{"href":"https:\/\/onlinehardwareshop.de\/index.php\/wp-json\/wp\/v2\/types\/product"}],"replies":[{"embeddable":true,"href":"https:\/\/onlinehardwareshop.de\/index.php\/wp-json\/wp\/v2\/comments?post=77328"}],"wp:attachment":[{"href":"https:\/\/onlinehardwareshop.de\/index.php\/wp-json\/wp\/v2\/media?parent=77328"}],"wp:term":[{"taxonomy":"brand","embeddable":true,"href":"https:\/\/onlinehardwareshop.de\/index.php\/wp-json\/wp\/v2\/brand?post=77328"},{"taxonomy":"product_brand","embeddable":true,"href":"https:\/\/onlinehardwareshop.de\/index.php\/wp-json\/wp\/v2\/product_brand?post=77328"},{"taxonomy":"product_cat","embeddable":true,"href":"https:\/\/onlinehardwareshop.de\/index.php\/wp-json\/wp\/v2\/product_cat?post=77328"},{"taxonomy":"product_tag","embeddable":true,"href":"https:\/\/onlinehardwareshop.de\/index.php\/wp-json\/wp\/v2\/product_tag?post=77328"}],"curies":[{"name":"wp","href":"https:\/\/api.w.org\/{rel}","templated":true}]}}