{"id":77325,"date":"2024-01-23T01:32:26","date_gmt":"2024-01-23T01:32:26","guid":{"rendered":"https:\/\/onlinehardwareshop.de\/index.php\/produkt\/wd-black-sn850p-2tb-khlkrper-nvme-ssd-2\/"},"modified":"2025-05-14T08:48:00","modified_gmt":"2025-05-14T08:48:00","slug":"wd-black-sn850p-2tb-khlkrper-nvme-ssd","status":"publish","type":"product","link":"https:\/\/onlinehardwareshop.de\/index.php\/produkt\/wd-black-sn850p-2tb-khlkrper-nvme-ssd\/","title":{"rendered":"WD Black SN850P 2&#xA0;TB K&#xFC;hlk&#xF6;rper NVMe SSD"},"content":{"rendered":"<p>Hinweis: Diese M.2-SSD hat eine Schnittstelle f\u00fcr PCI Express 4.0 (NVMe) und funktioniert nur dann, wenn dein System PCIe 4.0\/NVMe unterst\u00fctzt. Des Weiteren hat die SSD einen M-Key, der ausschlie\u00dflich zu Systemen mit einem M-Steckplatz passt. \u00dcberpr\u00fcfe dies in der Gebrauchsanleitung deines Laptop bzw. deines Motherboards.  Spiele deine Lieblings-PlayStation-5-Spiele von der WD Black SN850P 2\u00a0TB NVMe und speichere sie darauf ab. Diese interne SSD ist mit einem K\u00fchlk\u00f6rper ausger\u00fcstet, der die Hitze aktiv von der Konsole ableitet. Dank einer Lesegeschwindigkeit von 7.300\u00a0MB\/s und einer Schreibgeschwindigkeit von 6.300\u00a0MB\/s lassen sich Games rasend schnell spielen. Diese M.2-SSD ist bis zu 100-mal schneller als eine normale 2,5-Zoll-SSD. Deine Spiele laden innerhalb weniger Sekunden und auch andere Apps fahren schnell hoch. Mit insgesamt 2\u00a0TB Speicher steht genug Platz f\u00fcr rund 45 gro\u00dfe Titel zur Verf\u00fcgung. So ist immer ein Pl\u00e4tzchen auf der SN850P frei, zum Beispiel wenn ein neues gro\u00dfes Game ver\u00f6ffentlicht wird. Neben der PlayStation 5 passt diese SSD auch in einen PC, wenn das Motherboard den M-Key unterst\u00fctzt.<\/p>\n","protected":false},"excerpt":{"rendered":"<p>Hinweis: Diese M.2-SSD hat eine Schnittstelle f\u00fcr PCI Express 4.0 (NVMe) und funktioniert nur dann, wenn dein System PCIe 4.0\/NVMe unterst\u00fctzt. Des Weiteren hat die SSD einen M-Key, der ausschlie\u00dflich zu Systemen mit einem M-Steckplatz passt. \u00dcberpr\u00fcfe dies in der Gebrauchsanleitung deines Laptop bzw. deines Motherboards.  Spiele deine Lieblings-PlayStation-5-Spiele von der WD Black SN850P 2\u00a0TB NVMe und speichere sie darauf ab. Diese interne SSD ist mit einem K\u00fchlk\u00f6rper ausger\u00fcstet, der die Hitze aktiv von der Konsole ableitet. Dank einer Lesegeschwindigkeit von 7.300\u00a0MB\/s und einer Schreibgeschwindigkeit von 6.300\u00a0MB\/s lassen sich Games rasend schnell spielen. Diese M.2-SSD ist bis zu 100-mal schneller als eine normale 2,5-Zoll-SSD. Deine Spiele laden innerhalb weniger Sekunden und auch andere Apps fahren schnell hoch. Mit insgesamt 2\u00a0TB Speicher steht genug Platz f\u00fcr rund 45 gro\u00dfe Titel zur Verf\u00fcgung. So ist immer ein Pl\u00e4tzchen auf der SN850P frei, zum Beispiel wenn ein neues gro\u00dfes Game ver\u00f6ffentlicht wird. Neben der PlayStation 5 passt diese SSD auch in einen PC, wenn das Motherboard den M-Key unterst\u00fctzt.<\/p>\n","protected":false},"featured_media":0,"comment_status":"closed","ping_status":"open","template":"","meta":{"_acf_changed":false},"brand":[645],"product_brand":[],"product_cat":[2957],"product_tag":[7168],"class_list":{"0":"post-77325","1":"product","2":"type-product","3":"status-publish","5":"brand-western-digital","6":"product_cat-solid-state-drives-ssd","7":"product_tag-m-2-ssd","8":"pa_condition-new","9":"pa_coolblue-de-verzending-morgen-gratis-geliefert","10":"pa_ean-31886","11":"pa_mpn-wdbbyv0020bnc-wrsn","13":"first","14":"instock","15":"product-type-external"},"acf":[],"_links":{"self":[{"href":"https:\/\/onlinehardwareshop.de\/index.php\/wp-json\/wp\/v2\/product\/77325","targetHints":{"allow":["GET"]}}],"collection":[{"href":"https:\/\/onlinehardwareshop.de\/index.php\/wp-json\/wp\/v2\/product"}],"about":[{"href":"https:\/\/onlinehardwareshop.de\/index.php\/wp-json\/wp\/v2\/types\/product"}],"replies":[{"embeddable":true,"href":"https:\/\/onlinehardwareshop.de\/index.php\/wp-json\/wp\/v2\/comments?post=77325"}],"wp:attachment":[{"href":"https:\/\/onlinehardwareshop.de\/index.php\/wp-json\/wp\/v2\/media?parent=77325"}],"wp:term":[{"taxonomy":"brand","embeddable":true,"href":"https:\/\/onlinehardwareshop.de\/index.php\/wp-json\/wp\/v2\/brand?post=77325"},{"taxonomy":"product_brand","embeddable":true,"href":"https:\/\/onlinehardwareshop.de\/index.php\/wp-json\/wp\/v2\/product_brand?post=77325"},{"taxonomy":"product_cat","embeddable":true,"href":"https:\/\/onlinehardwareshop.de\/index.php\/wp-json\/wp\/v2\/product_cat?post=77325"},{"taxonomy":"product_tag","embeddable":true,"href":"https:\/\/onlinehardwareshop.de\/index.php\/wp-json\/wp\/v2\/product_tag?post=77325"}],"curies":[{"name":"wp","href":"https:\/\/api.w.org\/{rel}","templated":true}]}}