{"id":77307,"date":"2025-02-25T16:14:07","date_gmt":"2025-02-25T16:14:07","guid":{"rendered":"https:\/\/onlinehardwareshop.de\/index.php\/produkt\/samsung-microsdxc-pro-ultimate-128gb-130mb-s-2\/"},"modified":"2025-05-14T08:46:26","modified_gmt":"2025-05-14T08:46:26","slug":"samsung-microsdxc-pro-ultimate-128gb-130mb-s","status":"publish","type":"product","link":"https:\/\/onlinehardwareshop.de\/index.php\/produkt\/samsung-microsdxc-pro-ultimate-128gb-130mb-s\/","title":{"rendered":"Samsung microSDXC PRO Ultimate 128GB 130&#xA0;MB\/s"},"content":{"rendered":"<p>Auf der Samsung PRO Ultimate 128\u00a0GB (2023) microSDXC Speicherkarte speicherst du Fotos, Videos, Karten oder andere Medien und Dateien. Mit Platz f\u00fcr etwa 35.000 Full-HD-Fotos oder 20 Stunden an Full-HD-Material hast du immer ausreichend Platz f\u00fcr lange Reisen. Dank der Lesegeschwindigkeit von 200\u00a0MB\/s \u00f6ffnest du Dateien innerhalb weniger Sekunden. Zudem hat diese Speicherkarte eine Schreibgeschwindigkeit von 130\u00a0MB\/s. Dadurch eignet sie sich f\u00fcr Aufnahmen im Burst-Modus. Das ist praktisch, wenn du zum Beispiel mit Sportfotografie loslegst. Zu dieser Speicherkarte erh\u00e4ltst du einen SD-Adapter, mit dem du die Karte m\u00fchelos in einen Computer oder SD-Kartenschlitz schiebst. Du erh\u00e4ltst von Samsung 10 Jahre Garantie auf diese Speicherkarte.<\/p>\n","protected":false},"excerpt":{"rendered":"<p>Auf der Samsung PRO Ultimate 128\u00a0GB (2023) microSDXC Speicherkarte speicherst du Fotos, Videos, Karten oder andere Medien und Dateien. Mit Platz f\u00fcr etwa 35.000 Full-HD-Fotos oder 20 Stunden an Full-HD-Material hast du immer ausreichend Platz f\u00fcr lange Reisen. Dank der Lesegeschwindigkeit von 200\u00a0MB\/s \u00f6ffnest du Dateien innerhalb weniger Sekunden. Zudem hat diese Speicherkarte eine Schreibgeschwindigkeit von 130\u00a0MB\/s. Dadurch eignet sie sich f\u00fcr Aufnahmen im Burst-Modus. Das ist praktisch, wenn du zum Beispiel mit Sportfotografie loslegst. Zu dieser Speicherkarte erh\u00e4ltst du einen SD-Adapter, mit dem du die Karte m\u00fchelos in einen Computer oder SD-Kartenschlitz schiebst. Du erh\u00e4ltst von Samsung 10 Jahre Garantie auf diese Speicherkarte.<\/p>\n","protected":false},"featured_media":0,"comment_status":"closed","ping_status":"open","template":"","meta":{"_acf_changed":false},"brand":[1165],"product_brand":[],"product_cat":[1848],"product_tag":[1849],"class_list":{"0":"post-77307","1":"product","2":"type-product","3":"status-publish","5":"brand-samsung","6":"product_cat-speicherkarten","7":"product_tag-micro-sd-geheugenkaarten","8":"pa_condition-new","9":"pa_coolblue-de-verzending-morgen-gratis-geliefert","10":"pa_ean-15287","11":"pa_mpn-mb-my128sa-ww","13":"first","14":"instock","15":"product-type-external"},"acf":[],"_links":{"self":[{"href":"https:\/\/onlinehardwareshop.de\/index.php\/wp-json\/wp\/v2\/product\/77307","targetHints":{"allow":["GET"]}}],"collection":[{"href":"https:\/\/onlinehardwareshop.de\/index.php\/wp-json\/wp\/v2\/product"}],"about":[{"href":"https:\/\/onlinehardwareshop.de\/index.php\/wp-json\/wp\/v2\/types\/product"}],"replies":[{"embeddable":true,"href":"https:\/\/onlinehardwareshop.de\/index.php\/wp-json\/wp\/v2\/comments?post=77307"}],"wp:attachment":[{"href":"https:\/\/onlinehardwareshop.de\/index.php\/wp-json\/wp\/v2\/media?parent=77307"}],"wp:term":[{"taxonomy":"brand","embeddable":true,"href":"https:\/\/onlinehardwareshop.de\/index.php\/wp-json\/wp\/v2\/brand?post=77307"},{"taxonomy":"product_brand","embeddable":true,"href":"https:\/\/onlinehardwareshop.de\/index.php\/wp-json\/wp\/v2\/product_brand?post=77307"},{"taxonomy":"product_cat","embeddable":true,"href":"https:\/\/onlinehardwareshop.de\/index.php\/wp-json\/wp\/v2\/product_cat?post=77307"},{"taxonomy":"product_tag","embeddable":true,"href":"https:\/\/onlinehardwareshop.de\/index.php\/wp-json\/wp\/v2\/product_tag?post=77307"}],"curies":[{"name":"wp","href":"https:\/\/api.w.org\/{rel}","templated":true}]}}