{"id":77305,"date":"2024-08-10T17:23:25","date_gmt":"2024-08-10T17:23:25","guid":{"rendered":"https:\/\/onlinehardwareshop.de\/index.php\/produkt\/braun-multigrill-9-pro-cg9160-2\/"},"modified":"2025-05-14T08:46:16","modified_gmt":"2025-05-14T08:46:16","slug":"braun-multigrill-9-pro-cg9160","status":"publish","type":"product","link":"https:\/\/onlinehardwareshop.de\/index.php\/produkt\/braun-multigrill-9-pro-cg9160\/","title":{"rendered":"Braun MultiGrill 9 Pro CG9160"},"content":{"rendered":"<p>Mit dem Braun MultiGrill\u00a09 Pro CG9160 wei\u00dft du genau, wann dein Fleisch fertig ist. Auf dem Fleischthermometer siehst du sofort, ob dein Steak medium rare gegart ist. In der Verpackung findest du ein flaches und ein geriffeltes Backblech. Du stellst diese beiden Platten separat ein, sodass du Gem\u00fcse bei einer niedrigeren Temperatur als Burger grillst. Der Kontaktgrill verf\u00fcgt \u00fcber zwei automatische Backprogramme f\u00fcr Paninis und Hamburger. M\u00f6chtest du das Gericht l\u00e4nger warm halten? Dann w\u00e4hle die Warmhaltefunktion aus. Der Kontaktgrill verf\u00fcgt \u00fcber eine starke Leistung von 2.200 Watt. Dadurch heizen sich die Backbleche schnell auf. Reinige die Backbleche nach Gebrauch in der Sp\u00fclmaschine.<\/p>\n","protected":false},"excerpt":{"rendered":"<p>Mit dem Braun MultiGrill\u00a09 Pro CG9160 wei\u00dft du genau, wann dein Fleisch fertig ist. Auf dem Fleischthermometer siehst du sofort, ob dein Steak medium rare gegart ist. In der Verpackung findest du ein flaches und ein geriffeltes Backblech. Du stellst diese beiden Platten separat ein, sodass du Gem\u00fcse bei einer niedrigeren Temperatur als Burger grillst. Der Kontaktgrill verf\u00fcgt \u00fcber zwei automatische Backprogramme f\u00fcr Paninis und Hamburger. M\u00f6chtest du das Gericht l\u00e4nger warm halten? Dann w\u00e4hle die Warmhaltefunktion aus. Der Kontaktgrill verf\u00fcgt \u00fcber eine starke Leistung von 2.200 Watt. Dadurch heizen sich die Backbleche schnell auf. Reinige die Backbleche nach Gebrauch in der Sp\u00fclmaschine.<\/p>\n","protected":false},"featured_media":0,"comment_status":"closed","ping_status":"open","template":"","meta":{"_acf_changed":false},"brand":[1333],"product_brand":[],"product_cat":[300],"product_tag":[301],"class_list":{"0":"post-77305","1":"product","2":"type-product","3":"status-publish","5":"brand-braun","6":"product_cat-kontaktgrills","7":"product_tag-contactgrills","8":"pa_condition-new","9":"pa_coolblue-de-verzending-morgen-gratis-geliefert","10":"pa_ean-15281","11":"pa_mpn-0x17900007","13":"first","14":"instock","15":"product-type-external"},"acf":[],"_links":{"self":[{"href":"https:\/\/onlinehardwareshop.de\/index.php\/wp-json\/wp\/v2\/product\/77305","targetHints":{"allow":["GET"]}}],"collection":[{"href":"https:\/\/onlinehardwareshop.de\/index.php\/wp-json\/wp\/v2\/product"}],"about":[{"href":"https:\/\/onlinehardwareshop.de\/index.php\/wp-json\/wp\/v2\/types\/product"}],"replies":[{"embeddable":true,"href":"https:\/\/onlinehardwareshop.de\/index.php\/wp-json\/wp\/v2\/comments?post=77305"}],"wp:attachment":[{"href":"https:\/\/onlinehardwareshop.de\/index.php\/wp-json\/wp\/v2\/media?parent=77305"}],"wp:term":[{"taxonomy":"brand","embeddable":true,"href":"https:\/\/onlinehardwareshop.de\/index.php\/wp-json\/wp\/v2\/brand?post=77305"},{"taxonomy":"product_brand","embeddable":true,"href":"https:\/\/onlinehardwareshop.de\/index.php\/wp-json\/wp\/v2\/product_brand?post=77305"},{"taxonomy":"product_cat","embeddable":true,"href":"https:\/\/onlinehardwareshop.de\/index.php\/wp-json\/wp\/v2\/product_cat?post=77305"},{"taxonomy":"product_tag","embeddable":true,"href":"https:\/\/onlinehardwareshop.de\/index.php\/wp-json\/wp\/v2\/product_tag?post=77305"}],"curies":[{"name":"wp","href":"https:\/\/api.w.org\/{rel}","templated":true}]}}