{"id":77304,"date":"2025-03-13T09:23:09","date_gmt":"2025-03-13T09:23:09","guid":{"rendered":"https:\/\/onlinehardwareshop.de\/index.php\/produkt\/braun-multigrill-9-cg9043-2\/"},"modified":"2025-05-14T08:46:11","modified_gmt":"2025-05-14T08:46:11","slug":"braun-multigrill-9-cg9043","status":"publish","type":"product","link":"https:\/\/onlinehardwareshop.de\/index.php\/produkt\/braun-multigrill-9-cg9043\/","title":{"rendered":"Braun MultiGrill 9 CG9043"},"content":{"rendered":"<p>Du holst dir mit dem Braun MultiGrill 9 CG9043 einen Kontaktgrill ins Haus, mit dem du f\u00fcr eine gro\u00dfe Gesellschaft grillst. Die Backbleche haben n\u00e4mlich eine gro\u00dfe Backoberfl\u00e4che von 37 auf 23 Zentimeter. In der Verpackung findest du zwei flache und zwei geriffelte Backbleche. Auf der geriffelten Fl\u00e4che br\u00e4tst du Hamburger oder andere Fleischst\u00fccke an. Gem\u00fcse und Mini-Pfannkuchen kannst du auf dem flachen Blech anbraten. Du stellst die Temperatur der beiden Backbleche getrennt voneinander ein. M\u00f6chtest du deine Fleischst\u00fccke mit einer besonders dicken Kruste? W\u00e4hle dann die Anbratfunktion. Der Kontaktgrill hat eine starke Leistung von 2.000 Watt. Das ist super, weil sich die Backbleche dadurch schnell erhitzen. Bist du fertig mit dem Essen? Gib die Backbleche dann in die Sp\u00fclmaschine.<\/p>\n","protected":false},"excerpt":{"rendered":"<p>Du holst dir mit dem Braun MultiGrill 9 CG9043 einen Kontaktgrill ins Haus, mit dem du f\u00fcr eine gro\u00dfe Gesellschaft grillst. Die Backbleche haben n\u00e4mlich eine gro\u00dfe Backoberfl\u00e4che von 37 auf 23 Zentimeter. In der Verpackung findest du zwei flache und zwei geriffelte Backbleche. Auf der geriffelten Fl\u00e4che br\u00e4tst du Hamburger oder andere Fleischst\u00fccke an. Gem\u00fcse und Mini-Pfannkuchen kannst du auf dem flachen Blech anbraten. Du stellst die Temperatur der beiden Backbleche getrennt voneinander ein. M\u00f6chtest du deine Fleischst\u00fccke mit einer besonders dicken Kruste? W\u00e4hle dann die Anbratfunktion. Der Kontaktgrill hat eine starke Leistung von 2.000 Watt. Das ist super, weil sich die Backbleche dadurch schnell erhitzen. Bist du fertig mit dem Essen? Gib die Backbleche dann in die Sp\u00fclmaschine.<\/p>\n","protected":false},"featured_media":0,"comment_status":"closed","ping_status":"open","template":"","meta":{"_acf_changed":false},"brand":[1333],"product_brand":[],"product_cat":[300],"product_tag":[301],"class_list":{"0":"post-77304","1":"product","2":"type-product","3":"status-publish","5":"brand-braun","6":"product_cat-kontaktgrills","7":"product_tag-contactgrills","8":"pa_condition-new","9":"pa_coolblue-de-verzending-morgen-gratis-geliefert","10":"pa_ean-15279","11":"pa_mpn-0x17900004","13":"first","14":"instock","15":"product-type-external"},"acf":[],"_links":{"self":[{"href":"https:\/\/onlinehardwareshop.de\/index.php\/wp-json\/wp\/v2\/product\/77304","targetHints":{"allow":["GET"]}}],"collection":[{"href":"https:\/\/onlinehardwareshop.de\/index.php\/wp-json\/wp\/v2\/product"}],"about":[{"href":"https:\/\/onlinehardwareshop.de\/index.php\/wp-json\/wp\/v2\/types\/product"}],"replies":[{"embeddable":true,"href":"https:\/\/onlinehardwareshop.de\/index.php\/wp-json\/wp\/v2\/comments?post=77304"}],"wp:attachment":[{"href":"https:\/\/onlinehardwareshop.de\/index.php\/wp-json\/wp\/v2\/media?parent=77304"}],"wp:term":[{"taxonomy":"brand","embeddable":true,"href":"https:\/\/onlinehardwareshop.de\/index.php\/wp-json\/wp\/v2\/brand?post=77304"},{"taxonomy":"product_brand","embeddable":true,"href":"https:\/\/onlinehardwareshop.de\/index.php\/wp-json\/wp\/v2\/product_brand?post=77304"},{"taxonomy":"product_cat","embeddable":true,"href":"https:\/\/onlinehardwareshop.de\/index.php\/wp-json\/wp\/v2\/product_cat?post=77304"},{"taxonomy":"product_tag","embeddable":true,"href":"https:\/\/onlinehardwareshop.de\/index.php\/wp-json\/wp\/v2\/product_tag?post=77304"}],"curies":[{"name":"wp","href":"https:\/\/api.w.org\/{rel}","templated":true}]}}