{"id":77281,"date":"2024-02-13T06:37:48","date_gmt":"2024-02-13T06:37:48","guid":{"rendered":"https:\/\/onlinehardwareshop.de\/index.php\/produkt\/kitchenaid-forged-hardened-aluminium-bratpfannenset-20-28cm-2\/"},"modified":"2025-05-14T08:44:05","modified_gmt":"2025-05-14T08:44:05","slug":"kitchenaid-forged-hardened-aluminium-bratpfannenset-20-28cm","status":"publish","type":"product","link":"https:\/\/onlinehardwareshop.de\/index.php\/produkt\/kitchenaid-forged-hardened-aluminium-bratpfannenset-20-28cm\/","title":{"rendered":"KitchenAid Forged Hardened Aluminium Bratpfannenset 20 + 28&#xA0;cm"},"content":{"rendered":"<p>Mit dem KitchenAid Forged Hardened Aluminium Bratpfannenset 20 + 28 cm sicherst du dir eine kleine und eine gro\u00dfe Bratpfanne mit keramischer Antihaftbeschichtung. Dank dieser Antihaftbeschichtung bleibt nichts am Pfannenboden kleben. Au\u00dferdem ist weniger \u00d6l oder Butter erforderlich. Auf welcher W\u00e4rmequelle du zu Hause kochst, ist egal, denn die Pfannen sind f\u00fcr den Gas-, Elektro- und Induktionsherd sowie bei bis zu 160 Grad Celsius f\u00fcr den Backofen geeignet. Die Pfannen sind aus Aluminium, sodass du sie leicht vom Herd zum Tisch tr\u00e4gst. Bist du mit dem Essen fertig? Zum Reinigen stellst du beide Pfannen einfach in die Sp\u00fclmaschine. F\u00fcr eine l\u00e4ngere Lebensdauer sollten sie aber von Hand gesp\u00fclt werden.<\/p>\n","protected":false},"excerpt":{"rendered":"<p>Mit dem KitchenAid Forged Hardened Aluminium Bratpfannenset 20 + 28 cm sicherst du dir eine kleine und eine gro\u00dfe Bratpfanne mit keramischer Antihaftbeschichtung. Dank dieser Antihaftbeschichtung bleibt nichts am Pfannenboden kleben. Au\u00dferdem ist weniger \u00d6l oder Butter erforderlich. Auf welcher W\u00e4rmequelle du zu Hause kochst, ist egal, denn die Pfannen sind f\u00fcr den Gas-, Elektro- und Induktionsherd sowie bei bis zu 160 Grad Celsius f\u00fcr den Backofen geeignet. Die Pfannen sind aus Aluminium, sodass du sie leicht vom Herd zum Tisch tr\u00e4gst. Bist du mit dem Essen fertig? Zum Reinigen stellst du beide Pfannen einfach in die Sp\u00fclmaschine. F\u00fcr eine l\u00e4ngere Lebensdauer sollten sie aber von Hand gesp\u00fclt werden.<\/p>\n","protected":false},"featured_media":0,"comment_status":"closed","ping_status":"open","template":"","meta":{"_acf_changed":false},"brand":[709],"product_brand":[],"product_cat":[372],"product_tag":[1788],"class_list":{"0":"post-77281","1":"product","2":"type-product","3":"status-publish","5":"brand-kitchenaid","6":"product_cat-tpfe-und-pfannen","7":"product_tag-bakpannensets","8":"pa_condition-new","9":"pa_coolblue-de-verzending-morgen-gratis-geliefert","10":"pa_ean-15217","11":"pa_mpn-cc005698-001","13":"first","14":"instock","15":"product-type-external"},"acf":[],"_links":{"self":[{"href":"https:\/\/onlinehardwareshop.de\/index.php\/wp-json\/wp\/v2\/product\/77281","targetHints":{"allow":["GET"]}}],"collection":[{"href":"https:\/\/onlinehardwareshop.de\/index.php\/wp-json\/wp\/v2\/product"}],"about":[{"href":"https:\/\/onlinehardwareshop.de\/index.php\/wp-json\/wp\/v2\/types\/product"}],"replies":[{"embeddable":true,"href":"https:\/\/onlinehardwareshop.de\/index.php\/wp-json\/wp\/v2\/comments?post=77281"}],"wp:attachment":[{"href":"https:\/\/onlinehardwareshop.de\/index.php\/wp-json\/wp\/v2\/media?parent=77281"}],"wp:term":[{"taxonomy":"brand","embeddable":true,"href":"https:\/\/onlinehardwareshop.de\/index.php\/wp-json\/wp\/v2\/brand?post=77281"},{"taxonomy":"product_brand","embeddable":true,"href":"https:\/\/onlinehardwareshop.de\/index.php\/wp-json\/wp\/v2\/product_brand?post=77281"},{"taxonomy":"product_cat","embeddable":true,"href":"https:\/\/onlinehardwareshop.de\/index.php\/wp-json\/wp\/v2\/product_cat?post=77281"},{"taxonomy":"product_tag","embeddable":true,"href":"https:\/\/onlinehardwareshop.de\/index.php\/wp-json\/wp\/v2\/product_tag?post=77281"}],"curies":[{"name":"wp","href":"https:\/\/api.w.org\/{rel}","templated":true}]}}