{"id":77279,"date":"2024-09-28T12:04:34","date_gmt":"2024-09-28T12:04:34","guid":{"rendered":"https:\/\/onlinehardwareshop.de\/index.php\/produkt\/kitchenaid-classic-forged-bratpfannenset-24-28cm-2\/"},"modified":"2025-05-14T08:43:56","modified_gmt":"2025-05-14T08:43:56","slug":"kitchenaid-classic-forged-bratpfannenset-24-28cm","status":"publish","type":"product","link":"https:\/\/onlinehardwareshop.de\/index.php\/produkt\/kitchenaid-classic-forged-bratpfannenset-24-28cm\/","title":{"rendered":"KitchenAid Classic Forged Bratpfannenset 24 + 28&#xA0;cm"},"content":{"rendered":"<p>Das KitchenAid Classic Forged Bratpfannenset 24 + 28\u00a0cm ist ein gutes Pfannen-Basisset. In der kleineren Pfanne br\u00e4tst du zum Beispiel ein Spiegelei oder Gem\u00fcse. Die gro\u00dfe Pfanne bietet sich zum Braten von gro\u00dfen Fleischst\u00fccken oder Bratkartoffeln an. Die Pfannen haben eine keramische Antihaftbeschichtung. Das bedeutet, dass du weniger Butter oder \u00d6l brauchst und dass die Pfannen weniger schnell verschlei\u00dfen. Du br\u00e4tst also fettarm und die Pfannen halten l\u00e4nger. An den Kunststoff-Griffen h\u00e4ltst du die Pfannen sicher fest, denn die Griffe bleiben beim Kochen k\u00fchl. Die Pfannen k\u00f6nnen auf allen W\u00e4rmequellen verwendet werden, zum Beispiel Gas und Induktion. Nur in den Backofen d\u00fcrfen die Pfannen nicht. Nach Gebrauch reinigst du die Pfannen in der Sp\u00fclmaschine. So musst du dich nicht um den Abwasch k\u00fcmmern.<\/p>\n","protected":false},"excerpt":{"rendered":"<p>Das KitchenAid Classic Forged Bratpfannenset 24 + 28\u00a0cm ist ein gutes Pfannen-Basisset. In der kleineren Pfanne br\u00e4tst du zum Beispiel ein Spiegelei oder Gem\u00fcse. Die gro\u00dfe Pfanne bietet sich zum Braten von gro\u00dfen Fleischst\u00fccken oder Bratkartoffeln an. Die Pfannen haben eine keramische Antihaftbeschichtung. Das bedeutet, dass du weniger Butter oder \u00d6l brauchst und dass die Pfannen weniger schnell verschlei\u00dfen. Du br\u00e4tst also fettarm und die Pfannen halten l\u00e4nger. An den Kunststoff-Griffen h\u00e4ltst du die Pfannen sicher fest, denn die Griffe bleiben beim Kochen k\u00fchl. Die Pfannen k\u00f6nnen auf allen W\u00e4rmequellen verwendet werden, zum Beispiel Gas und Induktion. Nur in den Backofen d\u00fcrfen die Pfannen nicht. Nach Gebrauch reinigst du die Pfannen in der Sp\u00fclmaschine. So musst du dich nicht um den Abwasch k\u00fcmmern.<\/p>\n","protected":false},"featured_media":0,"comment_status":"closed","ping_status":"open","template":"","meta":{"_acf_changed":false},"brand":[709],"product_brand":[],"product_cat":[372],"product_tag":[1788],"class_list":{"0":"post-77279","1":"product","2":"type-product","3":"status-publish","5":"brand-kitchenaid","6":"product_cat-tpfe-und-pfannen","7":"product_tag-bakpannensets","8":"pa_condition-new","9":"pa_coolblue-de-verzending-morgen-gratis-geliefert","10":"pa_ean-15213","11":"pa_mpn-cc003569-001","13":"first","14":"instock","15":"product-type-external"},"acf":[],"_links":{"self":[{"href":"https:\/\/onlinehardwareshop.de\/index.php\/wp-json\/wp\/v2\/product\/77279","targetHints":{"allow":["GET"]}}],"collection":[{"href":"https:\/\/onlinehardwareshop.de\/index.php\/wp-json\/wp\/v2\/product"}],"about":[{"href":"https:\/\/onlinehardwareshop.de\/index.php\/wp-json\/wp\/v2\/types\/product"}],"replies":[{"embeddable":true,"href":"https:\/\/onlinehardwareshop.de\/index.php\/wp-json\/wp\/v2\/comments?post=77279"}],"wp:attachment":[{"href":"https:\/\/onlinehardwareshop.de\/index.php\/wp-json\/wp\/v2\/media?parent=77279"}],"wp:term":[{"taxonomy":"brand","embeddable":true,"href":"https:\/\/onlinehardwareshop.de\/index.php\/wp-json\/wp\/v2\/brand?post=77279"},{"taxonomy":"product_brand","embeddable":true,"href":"https:\/\/onlinehardwareshop.de\/index.php\/wp-json\/wp\/v2\/product_brand?post=77279"},{"taxonomy":"product_cat","embeddable":true,"href":"https:\/\/onlinehardwareshop.de\/index.php\/wp-json\/wp\/v2\/product_cat?post=77279"},{"taxonomy":"product_tag","embeddable":true,"href":"https:\/\/onlinehardwareshop.de\/index.php\/wp-json\/wp\/v2\/product_tag?post=77279"}],"curies":[{"name":"wp","href":"https:\/\/api.w.org\/{rel}","templated":true}]}}