{"id":77204,"date":"2024-07-02T21:19:05","date_gmt":"2024-07-02T21:19:05","guid":{"rendered":"https:\/\/onlinehardwareshop.de\/index.php\/produkt\/wacom-cintiq-pro-16-2021-wacom-verstellbarer-stnder-2\/"},"modified":"2025-05-14T08:38:21","modified_gmt":"2025-05-14T08:38:21","slug":"wacom-cintiq-pro-16-2021-wacom-verstellbarer-stnder","status":"publish","type":"product","link":"https:\/\/onlinehardwareshop.de\/index.php\/produkt\/wacom-cintiq-pro-16-2021-wacom-verstellbarer-stnder\/","title":{"rendered":"Wacom Cintiq Pro 16 (2021) + Wacom Verstellbarer St&#xE4;nder"},"content":{"rendered":"<p>Mit dem Wacom Cintiq Pro 16 (2021) + Wacom Verstellbarer St\u00e4nder zeichnest du sofort in einer bequemen Haltung. Mit dem St\u00e4nder kannst du dein Grafiktablett in verschiedene Positionen zwischen 19 und 68 Grad bringen und so ganz einfach eine ergonomische Arbeitshaltung einnehmen. Mit seiner kompakten Gr\u00f6\u00dfe von 15,6\u00a0Zoll ben\u00f6tigt das Wacom Cintiq Pro 16 (2021) nur wenig Platz auf dem Schreibtisch.  Zeichne scharfe Linien mit dem neigungsempfindlichen Wacom Pro Pen 2 mit 8.192 Druckstufen. Au\u00dferdem kannst du dank der Bewegungsaufl\u00f6sung von 5080 LPI deine Entw\u00fcrfe mit Pr\u00e4zision bearbeiten. Auf dem Display mit 4K-Aufl\u00f6sung kannst du selbst die kleinsten Details deiner Kreationen erkennen. Das Cintiq Pro 16 (2021) wird \u00fcber einen USB-C-Anschluss mit einem Computer verbunden.   Hinweis: Das Grafiktablett ist nur f\u00fcr die Betriebssysteme Windows 7 oder h\u00f6her und Mac OS 10.1 oder h\u00f6her geeignet ist.<\/p>\n","protected":false},"excerpt":{"rendered":"<p>Mit dem Wacom Cintiq Pro 16 (2021) + Wacom Verstellbarer St\u00e4nder zeichnest du sofort in einer bequemen Haltung. Mit dem St\u00e4nder kannst du dein Grafiktablett in verschiedene Positionen zwischen 19 und 68 Grad bringen und so ganz einfach eine ergonomische Arbeitshaltung einnehmen. Mit seiner kompakten Gr\u00f6\u00dfe von 15,6\u00a0Zoll ben\u00f6tigt das Wacom Cintiq Pro 16 (2021) nur wenig Platz auf dem Schreibtisch.  Zeichne scharfe Linien mit dem neigungsempfindlichen Wacom Pro Pen 2 mit 8.192 Druckstufen. Au\u00dferdem kannst du dank der Bewegungsaufl\u00f6sung von 5080 LPI deine Entw\u00fcrfe mit Pr\u00e4zision bearbeiten. Auf dem Display mit 4K-Aufl\u00f6sung kannst du selbst die kleinsten Details deiner Kreationen erkennen. Das Cintiq Pro 16 (2021) wird \u00fcber einen USB-C-Anschluss mit einem Computer verbunden.   Hinweis: Das Grafiktablett ist nur f\u00fcr die Betriebssysteme Windows 7 oder h\u00f6her und Mac OS 10.1 oder h\u00f6her geeignet ist.<\/p>\n","protected":false},"featured_media":0,"comment_status":"closed","ping_status":"open","template":"","meta":{"_acf_changed":false},"brand":[556],"product_brand":[],"product_cat":[2653],"product_tag":[3571],"class_list":{"0":"post-77204","1":"product","2":"type-product","3":"status-publish","5":"brand-wacom","6":"product_cat-grafiktabletts","7":"product_tag-tekentablets-met-scherm","8":"pa_condition-new","9":"pa_coolblue-de-verzending-morgen-gratis-geliefert","10":"pa_ean-15052","12":"first","13":"instock","14":"product-type-external"},"acf":[],"_links":{"self":[{"href":"https:\/\/onlinehardwareshop.de\/index.php\/wp-json\/wp\/v2\/product\/77204","targetHints":{"allow":["GET"]}}],"collection":[{"href":"https:\/\/onlinehardwareshop.de\/index.php\/wp-json\/wp\/v2\/product"}],"about":[{"href":"https:\/\/onlinehardwareshop.de\/index.php\/wp-json\/wp\/v2\/types\/product"}],"replies":[{"embeddable":true,"href":"https:\/\/onlinehardwareshop.de\/index.php\/wp-json\/wp\/v2\/comments?post=77204"}],"wp:attachment":[{"href":"https:\/\/onlinehardwareshop.de\/index.php\/wp-json\/wp\/v2\/media?parent=77204"}],"wp:term":[{"taxonomy":"brand","embeddable":true,"href":"https:\/\/onlinehardwareshop.de\/index.php\/wp-json\/wp\/v2\/brand?post=77204"},{"taxonomy":"product_brand","embeddable":true,"href":"https:\/\/onlinehardwareshop.de\/index.php\/wp-json\/wp\/v2\/product_brand?post=77204"},{"taxonomy":"product_cat","embeddable":true,"href":"https:\/\/onlinehardwareshop.de\/index.php\/wp-json\/wp\/v2\/product_cat?post=77204"},{"taxonomy":"product_tag","embeddable":true,"href":"https:\/\/onlinehardwareshop.de\/index.php\/wp-json\/wp\/v2\/product_tag?post=77204"}],"curies":[{"name":"wp","href":"https:\/\/api.w.org\/{rel}","templated":true}]}}