{"id":77195,"date":"2024-07-08T13:25:53","date_gmt":"2024-07-08T13:25:53","guid":{"rendered":"https:\/\/onlinehardwareshop.de\/index.php\/produkt\/hyperx-cloud-iii-wireless-gaming-headset-schwarz-rot-pc-ps5-ps4-2\/"},"modified":"2025-05-14T08:37:21","modified_gmt":"2025-05-14T08:37:21","slug":"hyperx-cloud-iii-wireless-gaming-headset-schwarz-rot-pc-ps5-ps4","status":"publish","type":"product","link":"https:\/\/onlinehardwareshop.de\/index.php\/produkt\/hyperx-cloud-iii-wireless-gaming-headset-schwarz-rot-pc-ps5-ps4\/","title":{"rendered":"HyperX Cloud III Wireless Gaming-Headset &#8211; Schwarz\/Rot (PC, PS5, PS4)"},"content":{"rendered":"<p>Spiele deine Lieblingsspiele mit viel Bewegungsfreiheit mit dem schwarz-roten HyperX Cloud III Wireless Gaming-Headset. Dieses Gaming-Headset schlie\u00dft du \u00fcber den USB-A-Dongle an deine PlayStation oder deinen PC an. So entsteht beim Gaming kein Kabelsalat. Mit Surround Sound umgibt dich der Ton des Spiels aus allen Richtungen, sodass du immer genau wei\u00dft, woher deine Gegner kommen. So bist du ihnen immer einen Schritt voraus. Au\u00dferdem kommunizierst du dank der Rauschunterdr\u00fcckung des Mikrofons online ohne Hintergrundger\u00e4usche mit deinen Freunden. Dadurch kommen deine Kommentare immer deutlich an. Die durchschnittliche Akkulaufzeit des Headsets betr\u00e4gt 120 Stunden. Damit erlebst du ausgiebigen Gaming-Spa\u00df, ohne das Headset zwischendurch zu laden. Spielst du \u00f6fter im Single-Player-Modus oder ben\u00f6tigst kein Mikrofon? Dann entferne das Mikrofon ganz einfach vom Headset.<\/p>\n","protected":false},"excerpt":{"rendered":"<p>Spiele deine Lieblingsspiele mit viel Bewegungsfreiheit mit dem schwarz-roten HyperX Cloud III Wireless Gaming-Headset. Dieses Gaming-Headset schlie\u00dft du \u00fcber den USB-A-Dongle an deine PlayStation oder deinen PC an. So entsteht beim Gaming kein Kabelsalat. Mit Surround Sound umgibt dich der Ton des Spiels aus allen Richtungen, sodass du immer genau wei\u00dft, woher deine Gegner kommen. So bist du ihnen immer einen Schritt voraus. Au\u00dferdem kommunizierst du dank der Rauschunterdr\u00fcckung des Mikrofons online ohne Hintergrundger\u00e4usche mit deinen Freunden. Dadurch kommen deine Kommentare immer deutlich an. Die durchschnittliche Akkulaufzeit des Headsets betr\u00e4gt 120 Stunden. Damit erlebst du ausgiebigen Gaming-Spa\u00df, ohne das Headset zwischendurch zu laden. Spielst du \u00f6fter im Single-Player-Modus oder ben\u00f6tigst kein Mikrofon? Dann entferne das Mikrofon ganz einfach vom Headset.<\/p>\n","protected":false},"featured_media":0,"comment_status":"closed","ping_status":"open","template":"","meta":{"_acf_changed":false},"brand":[3434],"product_brand":[],"product_cat":[3435],"product_tag":[3436],"class_list":{"0":"post-77195","1":"product","2":"type-product","3":"status-publish","5":"brand-hyperx","6":"product_cat-gaming-headsets","7":"product_tag-gaming-headsets","8":"pa_condition-new","9":"pa_coolblue-de-verzending-morgen-gratis-geliefert","10":"pa_ean-15024","11":"pa_mpn-77z46aa","13":"first","14":"instock","15":"product-type-external"},"acf":[],"_links":{"self":[{"href":"https:\/\/onlinehardwareshop.de\/index.php\/wp-json\/wp\/v2\/product\/77195","targetHints":{"allow":["GET"]}}],"collection":[{"href":"https:\/\/onlinehardwareshop.de\/index.php\/wp-json\/wp\/v2\/product"}],"about":[{"href":"https:\/\/onlinehardwareshop.de\/index.php\/wp-json\/wp\/v2\/types\/product"}],"replies":[{"embeddable":true,"href":"https:\/\/onlinehardwareshop.de\/index.php\/wp-json\/wp\/v2\/comments?post=77195"}],"wp:attachment":[{"href":"https:\/\/onlinehardwareshop.de\/index.php\/wp-json\/wp\/v2\/media?parent=77195"}],"wp:term":[{"taxonomy":"brand","embeddable":true,"href":"https:\/\/onlinehardwareshop.de\/index.php\/wp-json\/wp\/v2\/brand?post=77195"},{"taxonomy":"product_brand","embeddable":true,"href":"https:\/\/onlinehardwareshop.de\/index.php\/wp-json\/wp\/v2\/product_brand?post=77195"},{"taxonomy":"product_cat","embeddable":true,"href":"https:\/\/onlinehardwareshop.de\/index.php\/wp-json\/wp\/v2\/product_cat?post=77195"},{"taxonomy":"product_tag","embeddable":true,"href":"https:\/\/onlinehardwareshop.de\/index.php\/wp-json\/wp\/v2\/product_tag?post=77195"}],"curies":[{"name":"wp","href":"https:\/\/api.w.org\/{rel}","templated":true}]}}