{"id":77140,"date":"2024-11-22T11:36:47","date_gmt":"2024-11-22T11:36:47","guid":{"rendered":"https:\/\/onlinehardwareshop.de\/index.php\/produkt\/hercules-djcontrol-inpulse-200-mk2-2\/"},"modified":"2025-05-14T08:32:30","modified_gmt":"2025-05-14T08:32:30","slug":"hercules-djcontrol-inpulse-200-mk2","status":"publish","type":"product","link":"https:\/\/onlinehardwareshop.de\/index.php\/produkt\/hercules-djcontrol-inpulse-200-mk2\/","title":{"rendered":"Hercules DJControl Inpulse 200 MK2"},"content":{"rendered":"<p>Mit dem Hercules DJControl Inpulse 200 MK2 kannst du deine ganze musikalische Kreativit\u00e4t umsetzen. Der Controller ist f\u00fcr Anf\u00e4nger geeignet und bietet viele M\u00f6glichkeiten, um die Musik nach dem eigenen Geschmack zu mixen. Lizenzen f\u00fcr die Software Serato DJ Lite und DJUCED sind inbegriffen. Mit dieser Software lernst du mixen und holst alles aus dem Controller heraus. DJUCED bietet n\u00e4mlich Optionen, die man in den Mixen einflie\u00dfen lassen kann, zum Beispiel Loops und Beatjumps. Dank der eingebauten Lichtf\u00fchrung lernst du, Musik zu mixen. Die aufleuchtenden Lichter zeigen dir, was du tun musst. Wenn du es alleine kannst, schaltest du die Lichtf\u00fchrung einfach aus. Dank der STEMS-Funktion kann man die Stimme eines Song mit dem Beat eines anderen Songs mischen. So lassen sich endlose Kreationen erschaffen.<\/p>\n","protected":false},"excerpt":{"rendered":"<p>Mit dem Hercules DJControl Inpulse 200 MK2 kannst du deine ganze musikalische Kreativit\u00e4t umsetzen. Der Controller ist f\u00fcr Anf\u00e4nger geeignet und bietet viele M\u00f6glichkeiten, um die Musik nach dem eigenen Geschmack zu mixen. Lizenzen f\u00fcr die Software Serato DJ Lite und DJUCED sind inbegriffen. Mit dieser Software lernst du mixen und holst alles aus dem Controller heraus. DJUCED bietet n\u00e4mlich Optionen, die man in den Mixen einflie\u00dfen lassen kann, zum Beispiel Loops und Beatjumps. Dank der eingebauten Lichtf\u00fchrung lernst du, Musik zu mixen. Die aufleuchtenden Lichter zeigen dir, was du tun musst. Wenn du es alleine kannst, schaltest du die Lichtf\u00fchrung einfach aus. Dank der STEMS-Funktion kann man die Stimme eines Song mit dem Beat eines anderen Songs mischen. So lassen sich endlose Kreationen erschaffen.<\/p>\n","protected":false},"featured_media":0,"comment_status":"closed","ping_status":"open","template":"","meta":{"_acf_changed":false},"brand":[4167],"product_brand":[],"product_cat":[4528],"product_tag":[4529],"class_list":{"0":"post-77140","1":"product","2":"type-product","3":"status-publish","5":"brand-hercules","6":"product_cat-dj-controller","7":"product_tag-dj-controllers","8":"pa_condition-new","9":"pa_coolblue-de-verzending-morgen-gratis-geliefert","10":"pa_ean-14899","11":"pa_mpn-14900","13":"first","14":"instock","15":"product-type-external"},"acf":[],"_links":{"self":[{"href":"https:\/\/onlinehardwareshop.de\/index.php\/wp-json\/wp\/v2\/product\/77140","targetHints":{"allow":["GET"]}}],"collection":[{"href":"https:\/\/onlinehardwareshop.de\/index.php\/wp-json\/wp\/v2\/product"}],"about":[{"href":"https:\/\/onlinehardwareshop.de\/index.php\/wp-json\/wp\/v2\/types\/product"}],"replies":[{"embeddable":true,"href":"https:\/\/onlinehardwareshop.de\/index.php\/wp-json\/wp\/v2\/comments?post=77140"}],"wp:attachment":[{"href":"https:\/\/onlinehardwareshop.de\/index.php\/wp-json\/wp\/v2\/media?parent=77140"}],"wp:term":[{"taxonomy":"brand","embeddable":true,"href":"https:\/\/onlinehardwareshop.de\/index.php\/wp-json\/wp\/v2\/brand?post=77140"},{"taxonomy":"product_brand","embeddable":true,"href":"https:\/\/onlinehardwareshop.de\/index.php\/wp-json\/wp\/v2\/product_brand?post=77140"},{"taxonomy":"product_cat","embeddable":true,"href":"https:\/\/onlinehardwareshop.de\/index.php\/wp-json\/wp\/v2\/product_cat?post=77140"},{"taxonomy":"product_tag","embeddable":true,"href":"https:\/\/onlinehardwareshop.de\/index.php\/wp-json\/wp\/v2\/product_tag?post=77140"}],"curies":[{"name":"wp","href":"https:\/\/api.w.org\/{rel}","templated":true}]}}